{"id":1216,"date":"2023-09-08T12:07:39","date_gmt":"2023-09-08T10:07:39","guid":{"rendered":"https:\/\/www.massageandlife.eu\/?page_id=1216"},"modified":"2025-06-22T21:23:10","modified_gmt":"2025-06-22T19:23:10","slug":"formations","status":"publish","type":"page","link":"https:\/\/www.massageandlife.eu\/index.php\/formations\/","title":{"rendered":"Formations"},"content":{"rendered":"\n<div class=\"wp-block-buttons is-layout-flex wp-block-buttons-is-layout-flex\">\n<div class=\"wp-block-button\"><a class=\"wp-block-button__link has-white-color has-white-background-color has-text-color has-background wp-element-button\">XXX<\/a><\/div>\n\n\n\n<div class=\"wp-block-button\"><a class=\"wp-block-button__link has-white-color has-white-background-color has-text-color has-background wp-element-button\">XXX<\/a><\/div>\n<\/div>\n\n\n\n<p class=\"has-text-color has-medium-font-size\" style=\"color:#25557b\"><strong><em>Je propose les formations suivantes dans le domaine du d\u00e9veloppement personnel.<\/em><\/strong><\/p>\n\n\n\n<div class=\"wp-block-buttons is-layout-flex wp-block-buttons-is-layout-flex\">\n<div class=\"wp-block-button\"><a class=\"wp-block-button__link has-white-color has-white-background-color has-text-color has-background wp-element-button\">XXX<\/a><\/div>\n\n\n\n<div class=\"wp-block-button\"><a class=\"wp-block-button__link has-white-color has-white-background-color has-text-color has-background wp-element-button\">XXX<\/a><\/div>\n<\/div>\n\n\n\n<div class=\"wp-block-columns is-layout-flex wp-container-core-columns-is-layout-9d6595d7 wp-block-columns-is-layout-flex\">\n<div class=\"wp-block-column is-vertically-aligned-center is-layout-flow wp-block-column-is-layout-flow\" style=\"flex-basis:50%\">\n<div class=\"wp-block-cover\" style=\"min-height:389px;aspect-ratio:unset;\"><span aria-hidden=\"true\" class=\"wp-block-cover__background has-background-dim-0 has-background-dim\"><\/span><img loading=\"lazy\" decoding=\"async\" width=\"628\" height=\"425\" class=\"wp-block-cover__image-background wp-image-784\" alt=\"\" src=\"http:\/\/www.massageandlife.eu\/wp-content\/uploads\/2021\/06\/cropped-cropped-Om-Mani-Padme-Hum.png\" data-object-fit=\"cover\" srcset=\"https:\/\/www.massageandlife.eu\/wp-content\/uploads\/2021\/06\/cropped-cropped-Om-Mani-Padme-Hum.png 628w, https:\/\/www.massageandlife.eu\/wp-content\/uploads\/2021\/06\/cropped-cropped-Om-Mani-Padme-Hum-300x203.png 300w\" sizes=\"auto, (max-width: 628px) 100vw, 628px\" \/><div class=\"wp-block-cover__inner-container is-layout-flow wp-block-cover-is-layout-flow\">\n<p class=\"has-text-align-center has-white-color has-text-color has-x-large-font-size\"><strong>\u00e0 la d\u00e9couverte de nos chakras pour vivre en conscience<\/strong><\/p>\n<\/div><\/div>\n<\/div>\n\n\n\n<div class=\"wp-block-column is-layout-flow wp-block-column-is-layout-flow\" style=\"flex-basis:50%\">\n<div class=\"wp-block-cover aligncenter is-light\" style=\"min-height:391px;aspect-ratio:unset;\"><span aria-hidden=\"true\" class=\"wp-block-cover__background has-background-dim-0 has-background-dim\"><\/span><img loading=\"lazy\" decoding=\"async\" width=\"1024\" height=\"685\" class=\"wp-block-cover__image-background wp-image-1613\" alt=\"\" src=\"http:\/\/www.massageandlife.eu\/wp-content\/uploads\/2023\/09\/DSC01459-2-1024x685.jpg\" data-object-fit=\"cover\" srcset=\"https:\/\/www.massageandlife.eu\/wp-content\/uploads\/2023\/09\/DSC01459-2-1024x685.jpg 1024w, https:\/\/www.massageandlife.eu\/wp-content\/uploads\/2023\/09\/DSC01459-2-300x201.jpg 300w, https:\/\/www.massageandlife.eu\/wp-content\/uploads\/2023\/09\/DSC01459-2-768x514.jpg 768w, https:\/\/www.massageandlife.eu\/wp-content\/uploads\/2023\/09\/DSC01459-2-1536x1028.jpg 1536w, https:\/\/www.massageandlife.eu\/wp-content\/uploads\/2023\/09\/DSC01459-2-2048x1371.jpg 2048w\" sizes=\"auto, (max-width: 1024px) 100vw, 1024px\" \/><div class=\"wp-block-cover__inner-container is-layout-flow wp-block-cover-is-layout-flow\">\n<p class=\"has-text-align-center has-white-color has-text-color has-large-font-size\"><strong>le massage bien-\u00eatre aux huiles essentielles<\/strong><\/p>\n<\/div><\/div>\n<\/div>\n<\/div>\n\n\n\n<p class=\"has-text-color has-medium-font-size\" style=\"color:#25557b\"><\/p>\n\n\n\n<div class=\"wp-block-buttons is-layout-flex wp-block-buttons-is-layout-flex\">\n<div class=\"wp-block-button\"><a class=\"wp-block-button__link has-white-color has-white-background-color has-text-color has-background wp-element-button\">XXX<\/a><\/div>\n\n\n\n<div class=\"wp-block-button\"><a class=\"wp-block-button__link has-white-color has-white-background-color has-text-color has-background wp-element-button\">XXX<\/a><\/div>\n<\/div>\n\n\n\n<p class=\"has-text-color has-medium-font-size\" style=\"color:#25557b\">Ces formations se donnent en petits groupes de maximum 8 personnes. Elle sont con\u00e7ues en trois modules de 2 jours, 6 journ\u00e9es compl\u00e8tes de formation. Ces formations vont au-del\u00e0 de ce qu&rsquo;un atelier offre, elles allient th\u00e9orie et pratique pour aller vers une connaissance et une pratique plus pointue. Elles sont destin\u00e9es \u00e0 toute personne souhaitant se d\u00e9velopper dans ce domaine et \u00e0 tout professionnel dans le domaine th\u00e9rapeutique. Je remets un support \u00e9crit en d\u00e9but de chaque module aux participants. Un suivi entre les modules est demand\u00e9 aux participants de m\u00eame qu&rsquo;une pr\u00e9paration avant le premier module. Sur demande, je peux rajouter des s\u00e9ances de suivi individuel suite \u00e0 la formation. J&rsquo;encourage particuli\u00e8rement les participants \u00e0 s&rsquo;exercer entre les modules.<\/p>\n\n\n\n<p><\/p>\n\n\n\n<p class=\"has-text-color has-medium-font-size\" style=\"color:#25557b\">Je tiens particuli\u00e8rement, \u00e0 la mise en place d&rsquo;un cadre de bienveillance pour le bon d\u00e9roulement de ces formations, au respect entre les participants et \u00e0 la confidentialit\u00e9 de ce que chacun peut partager dans le groupe. <\/p>\n\n\n\n<p class=\"has-text-color has-medium-font-size\" style=\"color:#25557b\"><\/p>\n\n\n\n<p class=\"has-text-color\" style=\"color:#25557b;font-size:20px\"><strong>Prochaines sessions<\/strong> :<\/p>\n\n\n\n<ul class=\"wp-block-list\">\n<li style=\"color:#25557b;font-size:20px\">nouvelle programmation \u00e0 venir<br><\/li>\n<\/ul>\n\n\n\n<p class=\"has-text-color\" style=\"color:#25557b;font-size:30px\"><br>\ud83d\udce9<strong> Infos <\/strong> : <\/p>\n\n\n\n<ul class=\"wp-block-list\">\n<li style=\"color:#25557b;font-size:20px\"><strong>Dur\u00e9e<\/strong>&nbsp;: Une formation comprend trois modules de 2X 7h30 heures.<\/li>\n\n\n\n<li style=\"color:#25557b;font-size:20px\"><strong>Horaire<\/strong>&nbsp;: 9h30-17h<\/li>\n\n\n\n<li style=\"color:#25557b;font-size:20px\"><strong>Prix&nbsp;<\/strong>: 110 euros la journ\u00e9e de formation, 660 euros la formation (3 modules de 2 jours)<\/li>\n\n\n\n<li style=\"color:#25557b;font-size:20px\"><strong>Modalit\u00e9s de paiement&nbsp;<\/strong>:660 euros, payable par virement bancaire au compte de Massage and Life (BCE 0665.601.825)\n<ul class=\"wp-block-list\">\n<li style=\"color:#25557b;font-size:20px\"><strong>IBAN&nbsp;<\/strong>BE72 1430 9849 5016&nbsp;<\/li>\n\n\n\n<li style=\"color:#25557b;font-size:20px\"><strong>BIC&nbsp;<\/strong>GEBABEBB <\/li>\n\n\n\n<li style=\"color:#25557b;font-size:20px\">Communication :&nbsp;<strong><em>\u00ab&nbsp;<strong><em>FORMATION &#8211; intitul\u00e9 de la formatio<\/em><\/strong>n \u2013 NOM Pr\u00e9nom \u2013 Date&nbsp;\u00bb<\/em><\/strong><\/li>\n<\/ul>\n<\/li>\n\n\n\n<li style=\"color:#25557b;font-size:20px\"><strong>Possibilit\u00e9 d&rsquo;\u00e9talement de paiement<\/strong> :\n<ol class=\"wp-block-list\">\n<li style=\"color:#25557b;font-size:20px\">220 \u20ac pour confirmer l\u2019inscription.<\/li>\n\n\n\n<li style=\"color:#25557b;font-size:20px\">220 \u20ac pour le 1<sup>er<\/sup>&nbsp;jour du mois du 2<sup>\u00e8me<\/sup> module<\/li>\n\n\n\n<li style=\"color:#25557b;font-size:20px\">220 \u20ac pour le 1<sup>er<\/sup>&nbsp;jour du mois du 3<sup>\u00e8me<\/sup> module<\/li>\n<\/ol>\n<\/li>\n\n\n\n<li style=\"color:#25557b;font-size:20px\">Une r\u00e9duction de 60 euros est accord\u00e9e en cas de paiement du montant total lors de l\u2019inscription.<\/li>\n\n\n\n<li style=\"color:#25557b;font-size:20px\"><strong>Autres informations<\/strong>&nbsp;: visitez notre page&nbsp;<a href=\"https:\/\/www.massageandlife.eu\/index.php\/informations\/conditions\/\">conditions<\/a><\/li>\n<\/ul>\n\n\n\n<p class=\"has-text-color\" style=\"color:#25557b;font-size:30px\"><br>\ud83d\udce9<strong> Inscription <\/strong> : <\/p>\n\n\n\n<div class=\"wp-block-file\"><a id=\"wp-block-file--media-0d7ff28a-5aae-47c6-b63f-7da4a7c99930\" href=\"https:\/\/www.massageandlife.eu\/wp-content\/uploads\/2025\/06\/Formulaire_Inscription_Formation.pdf\" target=\"_blank\" rel=\"noreferrer noopener\">Formulaire_Inscription_Formation<\/a><a href=\"https:\/\/www.massageandlife.eu\/wp-content\/uploads\/2025\/06\/Formulaire_Inscription_Formation.pdf\" class=\"wp-block-file__button wp-element-button\" download aria-describedby=\"wp-block-file--media-0d7ff28a-5aae-47c6-b63f-7da4a7c99930\">T\u00e9l\u00e9charger<\/a><\/div>\n\n\n\n<div class=\"wp-block-buttons is-layout-flex wp-block-buttons-is-layout-flex\">\n<div class=\"wp-block-button\"><a class=\"wp-block-button__link has-white-color has-white-background-color has-text-color has-background wp-element-button\">XXX<\/a><\/div>\n<\/div>\n\n\n\n<p class=\"has-text-color has-medium-font-size\" style=\"color:#25557b\">N\u2019h\u00e9sitez pas \u00e0 me contacter pour de plus amples informations. Je r\u00e9ponds \u00e9galement \u00e0 des demandes de formation pour des \u00e9quipes. Une analyse des besoins en formation est alors effectu\u00e9 afin de programmer une formation sur mesure selon les besoins de l&rsquo;\u00e9quipe, de chacun des membres de l&rsquo;\u00e9quipe, selon les professions exerc\u00e9es et le secteur de travail.<\/p>\n\n\n\n<div class=\"wp-block-group\"><div class=\"wp-block-group__inner-container is-layout-constrained wp-block-group-is-layout-constrained\">\n<div class=\"wp-block-group\"><div class=\"wp-block-group__inner-container is-layout-constrained wp-block-group-is-layout-constrained\">\n<div class=\"wp-block-columns is-layout-flex wp-container-core-columns-is-layout-9d6595d7 wp-block-columns-is-layout-flex\">\n<div class=\"wp-block-column is-layout-flow wp-block-column-is-layout-flow\">\n<div class=\"wp-block-buttons is-content-justification-center is-layout-flex wp-container-core-buttons-is-layout-16018d1d wp-block-buttons-is-layout-flex\">\n<div class=\"wp-block-button has-custom-font-size has-medium-font-size\"><a class=\"wp-block-button__link has-background has-text-align-center wp-element-button\" href=\"http:\/\/www.massageandlife.eu\/index.php\/contact\/\" style=\"background-color:#3feae4\"><strong>Me contacter<\/strong><\/a><\/div>\n<\/div>\n<\/div>\n<\/div>\n\n\n\n<div class=\"wp-block-buttons is-layout-flex wp-block-buttons-is-layout-flex\">\n<div class=\"wp-block-button\"><a class=\"wp-block-button__link has-white-color has-white-background-color has-text-color has-background wp-element-button\">XXX<\/a><\/div>\n<\/div>\n<\/div><\/div>\n<\/div><\/div>\n\n\n\n<p class=\"has-text-color\" style=\"color:#25557b;font-size:20px\"><strong>A tout bient\u00f4t, B\u00e9n\u00e9dicte<\/strong><\/p>\n\n\n\n<div class=\"wp-block-buttons is-layout-flex wp-block-buttons-is-layout-flex\">\n<div class=\"wp-block-button\"><a class=\"wp-block-button__link has-white-color has-white-background-color has-text-color has-background wp-element-button\">XXX<\/a><\/div>\n\n\n\n<div class=\"wp-block-button\"><a class=\"wp-block-button__link has-white-color has-white-background-color has-text-color has-background wp-element-button\">XXX<\/a><\/div>\n<\/div>\n\n\n\n<p class=\"has-text-color has-medium-font-size\" style=\"color:#25557b\"><\/p>\n\n\n\n<p><\/p>\n\n\n\n<p class=\"has-text-color has-medium-font-size\" style=\"color:#25557b\"><strong><em>A tout bient\u00f4t, B\u00e9n\u00e9dicte.<\/em><\/strong><\/p>\n\n\n\n<div class=\"wp-block-buttons is-layout-flex wp-block-buttons-is-layout-flex\">\n<div class=\"wp-block-button\"><a class=\"wp-block-button__link has-white-color has-white-background-color has-text-color has-background wp-element-button\">XXX<\/a><\/div>\n\n\n\n<div class=\"wp-block-button\"><a class=\"wp-block-button__link has-white-color has-white-background-color has-text-color has-background wp-element-button\">XXX<\/a><\/div>\n<\/div>\n\n\n\n<div class=\"wp-block-group\"><div class=\"wp-block-group__inner-container is-layout-constrained wp-block-group-is-layout-constrained\">\n<div class=\"wp-block-group\"><div class=\"wp-block-group__inner-container is-layout-constrained wp-block-group-is-layout-constrained\">\n<div class=\"wp-block-columns is-layout-flex wp-container-core-columns-is-layout-9d6595d7 wp-block-columns-is-layout-flex\">\n<div class=\"wp-block-column is-layout-flow wp-block-column-is-layout-flow\">\n<div class=\"wp-block-buttons alignwide is-content-justification-center is-layout-flex wp-container-core-buttons-is-layout-16018d1d wp-block-buttons-is-layout-flex\">\n<div class=\"wp-block-button has-custom-font-size has-medium-font-size\"><a class=\"wp-block-button__link has-background has-text-align-center wp-element-button\" href=\"https:\/\/www.massageandlife.eu\/index.php\/informations\/infos-formations\/\" style=\"background-color:#3feae4\"><strong>Infos pratiques<\/strong><\/a><\/div>\n<\/div>\n<\/div>\n\n\n\n<div class=\"wp-block-column is-layout-flow wp-block-column-is-layout-flow\">\n<div class=\"wp-block-buttons is-content-justification-center is-layout-flex wp-container-core-buttons-is-layout-16018d1d wp-block-buttons-is-layout-flex\">\n<div class=\"wp-block-button has-custom-font-size has-medium-font-size\"><a class=\"wp-block-button__link has-background has-text-align-center wp-element-button\" href=\"https:\/\/www.massageandlife.eu\/wp-content\/uploads\/2023\/11\/Massage_And_Life_Ateliers_Formations_Formulaire_Inscription.pdf\" style=\"background-color:#3feae4\" target=\"_blank\" rel=\"noreferrer noopener\"><strong>Inscription<\/strong><\/a><\/div>\n<\/div>\n<\/div>\n\n\n\n<div class=\"wp-block-column is-layout-flow wp-block-column-is-layout-flow\">\n<div class=\"wp-block-buttons is-content-justification-center is-layout-flex wp-container-core-buttons-is-layout-16018d1d wp-block-buttons-is-layout-flex\">\n<div class=\"wp-block-button has-custom-font-size has-medium-font-size\"><a class=\"wp-block-button__link has-background has-text-align-center wp-element-button\" href=\"http:\/\/www.massageandlife.eu\/index.php\/contact\/\" style=\"background-color:#3feae4\"><strong>Me contacter<\/strong><\/a><\/div>\n<\/div>\n<\/div>\n<\/div>\n\n\n\n<div class=\"wp-block-buttons is-layout-flex wp-block-buttons-is-layout-flex\">\n<div class=\"wp-block-button\"><a class=\"wp-block-button__link has-white-color has-white-background-color has-text-color has-background wp-element-button\">XXX<\/a><\/div>\n<\/div>\n<\/div><\/div>\n<\/div><\/div>\n","protected":false},"excerpt":{"rendered":"<p>Je propose les formations suivantes dans le domaine du d\u00e9veloppement personnel. Ces formations se donnent en petits groupes de maximum 8 personnes. Elle sont con\u00e7ues en trois modules de 2 jours, 6 journ\u00e9es compl\u00e8tes de formation. Ces formations vont au-del\u00e0 de ce qu&rsquo;un atelier offre, elles allient th\u00e9orie et pratique pour aller vers une connaissance [&hellip;]<\/p>\n","protected":false},"author":1,"featured_media":0,"parent":0,"menu_order":1,"comment_status":"closed","ping_status":"closed","template":"","meta":{"footnotes":""},"class_list":["post-1216","page","type-page","status-publish","hentry","entry"],"_links":{"self":[{"href":"https:\/\/www.massageandlife.eu\/index.php\/wp-json\/wp\/v2\/pages\/1216","targetHints":{"allow":["GET"]}}],"collection":[{"href":"https:\/\/www.massageandlife.eu\/index.php\/wp-json\/wp\/v2\/pages"}],"about":[{"href":"https:\/\/www.massageandlife.eu\/index.php\/wp-json\/wp\/v2\/types\/page"}],"author":[{"embeddable":true,"href":"https:\/\/www.massageandlife.eu\/index.php\/wp-json\/wp\/v2\/users\/1"}],"replies":[{"embeddable":true,"href":"https:\/\/www.massageandlife.eu\/index.php\/wp-json\/wp\/v2\/comments?post=1216"}],"version-history":[{"count":23,"href":"https:\/\/www.massageandlife.eu\/index.php\/wp-json\/wp\/v2\/pages\/1216\/revisions"}],"predecessor-version":[{"id":2212,"href":"https:\/\/www.massageandlife.eu\/index.php\/wp-json\/wp\/v2\/pages\/1216\/revisions\/2212"}],"wp:attachment":[{"href":"https:\/\/www.massageandlife.eu\/index.php\/wp-json\/wp\/v2\/media?parent=1216"}],"curies":[{"name":"wp","href":"https:\/\/api.w.org\/{rel}","templated":true}]}}