{"id":1862,"date":"2023-10-06T13:33:55","date_gmt":"2023-10-06T11:33:55","guid":{"rendered":"https:\/\/www.massageandlife.eu\/?page_id=1862"},"modified":"2025-06-13T12:24:51","modified_gmt":"2025-06-13T10:24:51","slug":"rgpd","status":"publish","type":"page","link":"https:\/\/www.massageandlife.eu\/index.php\/informations\/rgpd\/","title":{"rendered":"RGPD"},"content":{"rendered":"\n<p class=\"has-text-color has-medium-font-size\" style=\"color:#3feae4\"><strong>Protection de vos donn\u00e9es RGPD <\/strong><\/p>\n\n\n\n<div class=\"wp-block-buttons is-layout-flex wp-block-buttons-is-layout-flex\">\n<div class=\"wp-block-button\"><a class=\"wp-block-button__link has-white-color has-white-background-color has-text-color has-background wp-element-button\">XXX<\/a><\/div>\n<\/div>\n\n\n\n<p class=\"has-text-color has-medium-font-size\" style=\"color:#25557b\">Massage and Life repr\u00e9sent\u00e9 par B\u00e9n\u00e9dicte Wibault s&rsquo;engage \u00e0 collecter et traiter les donn\u00e9es personnelles conform\u00e9ment aux dispositions du R\u00e8glement g\u00e9n\u00e9ral sur la protection des donn\u00e9es (RGPD), d\u2019application depuis le 25 mai 2018 et \u00e0 prendre toutes les mesures n\u00e9cessaires pour assurer la s\u00e9curit\u00e9 et la confidentialit\u00e9 de ces donn\u00e9es.<\/p>\n\n\n\n<div class=\"wp-block-buttons is-layout-flex wp-block-buttons-is-layout-flex\">\n<div class=\"wp-block-button\"><a class=\"wp-block-button__link has-white-color has-white-background-color has-text-color has-background wp-element-button\">XXX<\/a><\/div>\n<\/div>\n\n\n\n<p class=\"has-text-color has-medium-font-size\" style=\"color:#25557b\"><strong>Responsable de traitement des donn\u00e9es \u00e0 caract\u00e8re personnel<\/strong><\/p>\n\n\n\n<p class=\"has-text-color has-medium-font-size\" style=\"color:#25557b\">Le responsable de traitement des donn\u00e9es \u00e0 caract\u00e8re personnel communiqu\u00e9es par le client est&nbsp;B\u00e9n\u00e9dicte Wibault (BCE 0665.601.825) &#8211; Rue de la station 106 bt 2 \u00e0 1457 WALHAIN &#8211; +32(0)485\/98.75.27. &#8211; <a href=\"mailto:benedicte.wibault@massageandlife.eu\">benedicte.wibault@massageandlife.eu<\/a>.<\/p>\n\n\n\n<div class=\"wp-block-buttons is-layout-flex wp-block-buttons-is-layout-flex\">\n<div class=\"wp-block-button\"><a class=\"wp-block-button__link has-white-color has-white-background-color has-text-color has-background wp-element-button\">XXX<\/a><\/div>\n<\/div>\n\n\n\n<p class=\"has-text-color has-medium-font-size\" style=\"color:#25557b\"><strong>Collecte des donn\u00e9es<\/strong><\/p>\n\n\n\n<ul class=\"wp-block-list\">\n<li class=\"has-medium-font-size\" style=\"color:#25557b\">Nous collectons certaines donn\u00e9es personnelles lors de votre utilisation de ce site Web, dans le respect du RGPD, entre autre, lors d\u2019inscription aux diff\u00e9rents services propos\u00e9s ainsi qu\u2019\u00e0 la newsletter.<\/li>\n\n\n\n<li class=\"has-medium-font-size\" style=\"color:#25557b\">Ces donn\u00e9es personnelles sont recueillies dans le but de vous fournir les services demand\u00e9s, de vous envoyer des informations ainsi que lors de commande de mat\u00e9riel et offres promotionnelles pertinentes et produits.<\/li>\n\n\n\n<li class=\"has-medium-font-size\" style=\"color:#25557b\">Les donn\u00e9es personnelles collect\u00e9es peuvent inclure votre nom, pr\u00e9nom, votre date de naissance, votre num\u00e9ro national, votre adresse e-mail, votre adresse postale, votre num\u00e9ro de compte bancaire, votre num\u00e9ro de t\u00e9l\u00e9phone et le cas \u00e9ch\u00e9ant, le num\u00e9ro de TVA.<\/li>\n\n\n\n<li class=\"has-medium-font-size\" style=\"color:#25557b\">Nos documents relatifs \u00e0 une communication de donn\u00e9es \u00e0 caract\u00e8re personnel informe le client sur l\u2019application du RGPD et renvoi \u00e0 ce r\u00e8glement. &nbsp;<\/li>\n\n\n\n<li class=\"has-medium-font-size\" style=\"color:#25557b\">Si les donn\u00e9es personnels fournies par le client sont inexactes ou incompl\u00e8tes, nous ne pouvons pas \u00eatre tenu responsables en cas de mauvaise ex\u00e9cution du contrat.<\/li>\n<\/ul>\n\n\n\n<div class=\"wp-block-buttons is-layout-flex wp-block-buttons-is-layout-flex\">\n<div class=\"wp-block-button\"><a class=\"wp-block-button__link has-white-color has-white-background-color has-text-color has-background wp-element-button\">XXX<\/a><\/div>\n<\/div>\n\n\n\n<p class=\"has-text-color has-medium-font-size\" style=\"color:#25557b\"><strong>Conservation des donn\u00e9es<\/strong><\/p>\n\n\n\n<ul class=\"wp-block-list\">\n<li class=\"has-medium-font-size\" style=\"color:#25557b\">Nous conservons vos donn\u00e9es personnelles aussi longtemps que n\u00e9cessaire pour atteindre les finalit\u00e9s pour lesquelles elles ont \u00e9t\u00e9 collect\u00e9es. Si vous souhaitez que vos donn\u00e9es personnelles soient supprim\u00e9es de notre base de donn\u00e9es, veuillez nous contacter \u00e0 l&rsquo;adresse e-mail <a href=\"mailto:benedicte.wibault@massageandlife.eu\">benedicte.wibault@massageandlife.eu<\/a> et nous proc\u00e9derons \u00e0 leur suppression dans un d\u00e9lai raisonnable.<\/li>\n\n\n\n<li class=\"has-medium-font-size\" style=\"color:#25557b\">Nous archivons vos donn\u00e9es comptables et\/ou l\u00e9gales au terme d\u2019un d\u00e9lai de 5 ans d\u2019inactivit\u00e9. Les autres donn\u00e9es sont effac\u00e9es. L\u2019archivage s\u2019effectue courant du mois de janvier de chaque ann\u00e9e.<\/li>\n<\/ul>\n\n\n\n<div class=\"wp-block-buttons is-layout-flex wp-block-buttons-is-layout-flex\">\n<div class=\"wp-block-button\"><a class=\"wp-block-button__link has-white-color has-white-background-color has-text-color has-background wp-element-button\">XXX<\/a><\/div>\n<\/div>\n\n\n\n<p class=\"has-text-color has-medium-font-size\" style=\"color:#25557b\"><strong>S\u00e9curit\u00e9 des donn\u00e9es<\/strong><\/p>\n\n\n\n<p class=\"has-text-color has-medium-font-size\" style=\"color:#25557b\">Nous prenons les mesures de s\u00e9curit\u00e9 appropri\u00e9es pour prot\u00e9ger vos donn\u00e9es personnelles contre tout acc\u00e8s non autoris\u00e9, tout traitement illicite ou toute perte accidentelle. Cependant, veuillez noter qu&rsquo;aucune m\u00e9thode de transmission de donn\u00e9es sur Internet ou de stockage \u00e9lectronique n&rsquo;est enti\u00e8rement s\u00e9curis\u00e9e. Nous ne pouvons donc pas garantir la s\u00e9curit\u00e9 absolue de vos donn\u00e9es personnelles.<\/p>\n\n\n\n<div class=\"wp-block-buttons is-layout-flex wp-block-buttons-is-layout-flex\">\n<div class=\"wp-block-button\"><a class=\"wp-block-button__link has-white-color has-white-background-color has-text-color has-background wp-element-button\">XXX<\/a><\/div>\n<\/div>\n\n\n\n<p class=\"has-text-color has-medium-font-size\" style=\"color:#25557b\"><strong>Divulgation des donn\u00e9es<\/strong><\/p>\n\n\n\n<p class=\"has-text-color has-medium-font-size\" style=\"color:#25557b\">Nous ne divulguons pas vos donn\u00e9es personnelles \u00e0 des tiers, sauf dans les cas suivants :<\/p>\n\n\n\n<ul class=\"has-text-color has-medium-font-size wp-block-list\" style=\"color:#25557b\">\n<li class=\"has-medium-font-size\" style=\"color:#25557b\">Lorsque cela est n\u00e9cessaire pour fournir les services demand\u00e9s par vous ;<\/li>\n\n\n\n<li class=\"has-medium-font-size\" style=\"color:#25557b\">Lorsque cela est requis par la loi ou pour se conformer \u00e0 une proc\u00e9dure l\u00e9gale ;<\/li>\n\n\n\n<li class=\"has-medium-font-size\" style=\"color:#25557b\">Lorsque cela est n\u00e9cessaire pour prot\u00e9ger nos droits ou propri\u00e9t\u00e9s ou ceux de nos utilisateurs ;<\/li>\n\n\n\n<li class=\"has-medium-font-size\" style=\"color:#25557b\">Lorsque cela est n\u00e9cessaire pour pr\u00e9venir une atteinte \u00e0 la s\u00e9curit\u00e9 ou \u00e0 une action frauduleuse.<\/li>\n<\/ul>\n\n\n\n<div class=\"wp-block-buttons is-layout-flex wp-block-buttons-is-layout-flex\">\n<div class=\"wp-block-button\"><a class=\"wp-block-button__link has-white-color has-white-background-color has-text-color has-background wp-element-button\">XXX<\/a><\/div>\n<\/div>\n\n\n\n<p class=\"has-text-color has-medium-font-size\" style=\"color:#25557b\"><strong>Vos droits<\/strong><\/p>\n\n\n\n<ul class=\"wp-block-list\">\n<li class=\"has-medium-font-size\" style=\"color:#25557b\">Conform\u00e9ment au r\u00e8glement 2016\/679 du parlement europ\u00e9en et du conseil du 27 avril 2016 relatif \u00e0 la protection des personnes physiques \u00e0 l\u2019\u00e9gard du traitement des donn\u00e9es \u00e0 caract\u00e8re personnel et \u00e0 la libre circulation des donn\u00e9es ainsi que conform\u00e9ment \u00e0 la loi du 30 juillet 2018 relative \u00e0 la protection des personnes physiques \u00e0 l&rsquo;\u00e9gard des traitements de donn\u00e9es \u00e0 caract\u00e8re personnel, vous avez le droit d&rsquo;acc\u00e9der \u00e0 vos donn\u00e9es personnelles, de les rectifier, de les supprimer ou de limiter leur traitement. Vous avez \u00e9galement le droit de vous opposer au traitement de vos donn\u00e9es personnelles. Pour exercer ces droits, veuillez nous contacter \u00e0 l&rsquo;adresse de contact mail suivante : <a href=\"mailto:benedicte.wibault@massageandlife.eu\">benedicte.wibault@massageandlife.eu<\/a>.<\/li>\n\n\n\n<li class=\"has-medium-font-size\" style=\"color:#25557b\">Le client peut recourir \u00e0 l\u2019autorit\u00e9 de contr\u00f4le s&rsquo;il  estime avoir \u00e9t\u00e9 l\u00e9s\u00e9 dans le cadre de la protection de ses donn\u00e9es \u00e0 caract\u00e8re personnel :  Autorit\u00e9 de protection des donn\u00e9es &#8211; Rue de la Presse, 35 \u00e0 1000 Bruxelles &#8211; +32 (0)2 274 48 00 ou&nbsp;+32 (0)2 274 48 35 &#8211; <a href=\"mailto:contact@apd-gba.be\">contact@apd-gba.be<\/a> &#8211; https:\/\/www.autoriteprotectiondonnees.be\/contact.<\/li>\n<\/ul>\n\n\n\n<div class=\"wp-block-buttons is-layout-flex wp-block-buttons-is-layout-flex\">\n<div class=\"wp-block-button\"><a class=\"wp-block-button__link has-white-color has-white-background-color has-text-color has-background wp-element-button\">XXX<\/a><\/div>\n<\/div>\n\n\n\n<p class=\"has-text-color has-medium-font-size\" style=\"color:#25557b\"><strong>Modifications de la clause RGPD<\/strong><\/p>\n\n\n\n<ul class=\"wp-block-list\">\n<li class=\"has-medium-font-size\" style=\"color:#25557b\">Nous pouvons modifier cette clause RGPD de temps en temps. Toute modification sera signal\u00e9e sur notre site Web et sera applicable d\u00e8s sa publication.<\/li>\n<\/ul>\n\n\n\n<div class=\"wp-block-buttons is-layout-flex wp-block-buttons-is-layout-flex\">\n<div class=\"wp-block-button\"><a class=\"wp-block-button__link has-white-color has-white-background-color has-text-color has-background wp-element-button\">XXX<\/a><\/div>\n<\/div>\n\n\n\n<p class=\"has-text-color has-medium-font-size\" style=\"color:#25557b\"><strong>Contact<\/strong><\/p>\n\n\n\n<ul class=\"wp-block-list\">\n<li class=\"has-medium-font-size\" style=\"color:#25557b\">Si vous avez des questions ou des pr\u00e9occupations concernant cette clause RGPD, veuillez nous contacter \u00e0 l&rsquo;adresse e-mail <a href=\"mailto:benedicte.wibault@massageandlife.eu\">benedicte.wibault@massageandlife.eu<\/a>.<\/li>\n<\/ul>\n\n\n\n<div class=\"wp-block-buttons is-layout-flex wp-block-buttons-is-layout-flex\">\n<div class=\"wp-block-button\"><a class=\"wp-block-button__link has-white-color has-white-background-color has-text-color has-background wp-element-button\">XXX<\/a><\/div>\n<\/div>\n\n\n\n<div class=\"wp-block-buttons is-horizontal is-content-justification-center is-layout-flex wp-container-core-buttons-is-layout-499968f5 wp-block-buttons-is-layout-flex\">\n<div class=\"wp-block-button has-custom-font-size has-medium-font-size\"><a class=\"wp-block-button__link has-background wp-element-button\" href=\"http:\/\/www.massageandlife.eu\/index.php\/contact\/\" style=\"background-color:#3feae4\"><strong>Me contacter<\/strong><\/a><\/div>\n<\/div>\n\n\n\n<div class=\"wp-block-buttons is-layout-flex wp-block-buttons-is-layout-flex\">\n<div class=\"wp-block-button\"><a class=\"wp-block-button__link has-white-color has-white-background-color has-text-color has-background wp-element-button\">XXX<\/a><\/div>\n<\/div>\n","protected":false},"excerpt":{"rendered":"<p>Protection de vos donn\u00e9es RGPD Massage and Life repr\u00e9sent\u00e9 par B\u00e9n\u00e9dicte Wibault s&rsquo;engage \u00e0 collecter et traiter les donn\u00e9es personnelles conform\u00e9ment aux dispositions du R\u00e8glement g\u00e9n\u00e9ral sur la protection des donn\u00e9es (RGPD), d\u2019application depuis le 25 mai 2018 et \u00e0 prendre toutes les mesures n\u00e9cessaires pour assurer la s\u00e9curit\u00e9 et la confidentialit\u00e9 de ces donn\u00e9es. [&hellip;]<\/p>\n","protected":false},"author":1,"featured_media":0,"parent":893,"menu_order":1,"comment_status":"closed","ping_status":"closed","template":"","meta":{"footnotes":""},"class_list":["post-1862","page","type-page","status-publish","hentry","entry"],"_links":{"self":[{"href":"https:\/\/www.massageandlife.eu\/index.php\/wp-json\/wp\/v2\/pages\/1862","targetHints":{"allow":["GET"]}}],"collection":[{"href":"https:\/\/www.massageandlife.eu\/index.php\/wp-json\/wp\/v2\/pages"}],"about":[{"href":"https:\/\/www.massageandlife.eu\/index.php\/wp-json\/wp\/v2\/types\/page"}],"author":[{"embeddable":true,"href":"https:\/\/www.massageandlife.eu\/index.php\/wp-json\/wp\/v2\/users\/1"}],"replies":[{"embeddable":true,"href":"https:\/\/www.massageandlife.eu\/index.php\/wp-json\/wp\/v2\/comments?post=1862"}],"version-history":[{"count":6,"href":"https:\/\/www.massageandlife.eu\/index.php\/wp-json\/wp\/v2\/pages\/1862\/revisions"}],"predecessor-version":[{"id":2131,"href":"https:\/\/www.massageandlife.eu\/index.php\/wp-json\/wp\/v2\/pages\/1862\/revisions\/2131"}],"up":[{"embeddable":true,"href":"https:\/\/www.massageandlife.eu\/index.php\/wp-json\/wp\/v2\/pages\/893"}],"wp:attachment":[{"href":"https:\/\/www.massageandlife.eu\/index.php\/wp-json\/wp\/v2\/media?parent=1862"}],"curies":[{"name":"wp","href":"https:\/\/api.w.org\/{rel}","templated":true}]}}