{"id":233,"date":"2021-04-02T15:40:17","date_gmt":"2021-04-02T13:40:17","guid":{"rendered":"https:\/\/www.massageandlife.eu\/?page_id=233"},"modified":"2025-09-05T13:49:32","modified_gmt":"2025-09-05T11:49:32","slug":"rdv-en-ligne","status":"publish","type":"page","link":"https:\/\/www.massageandlife.eu\/index.php\/informations\/rdv-en-ligne\/","title":{"rendered":"Rdv en ligne"},"content":{"rendered":"\n<p><\/p>\n\n\n\n<div class=\"wp-block-buttons is-layout-flex wp-block-buttons-is-layout-flex\">\n<div class=\"wp-block-button\"><a class=\"wp-block-button__link has-white-color has-white-background-color has-text-color has-background wp-element-button\">XXX<\/a><\/div>\n\n\n\n<div class=\"wp-block-button\"><a class=\"wp-block-button__link has-white-color has-white-background-color has-text-color has-background wp-element-button\">XXX<\/a><\/div>\n<\/div>\n\n\n\n<p class=\"has-text-color has-medium-font-size\" style=\"color:#25557b\">Massage and Life vous offre la possibilit\u00e9 de prendre un rendez-vous en ligne pour vos consultations.<\/p>\n\n\n<div class=\"wp-block-image is-style-default\">\n<figure class=\"aligncenter size-full is-resized\"><img loading=\"lazy\" decoding=\"async\" width=\"280\" height=\"285\" src=\"http:\/\/www.massageandlife.eu\/wp-content\/uploads\/2023\/09\/Massage_And_Life_Agenda-1.png\" alt=\"\" class=\"wp-image-1166\" style=\"object-fit:contain;width:256px;height:171px\"\/><\/figure>\n<\/div>\n\n\n<div class=\"wp-block-columns is-layout-flex wp-container-core-columns-is-layout-9d6595d7 wp-block-columns-is-layout-flex\">\n<div class=\"wp-block-column is-layout-flow wp-block-column-is-layout-flow\" style=\"flex-basis:33.34%\">\n<p class=\"has-text-align-center has-medium-font-size\" style=\"font-style:normal;font-weight:700;text-transform:uppercase\"><a href=\"https:\/\/tidycal.com\/massage-and-life-benedicte-wibault\/life-coaching\" target=\"_blank\" rel=\"noreferrer noopener\">RDV en coaching de vie<\/a><\/p>\n<\/div>\n\n\n\n<div class=\"wp-block-column is-layout-flow wp-block-column-is-layout-flow\" style=\"flex-basis:33.34%\">\n<p class=\"has-text-align-center has-medium-font-size\" style=\"font-style:normal;font-weight:700;text-transform:uppercase\"><a href=\"https:\/\/tidycal.com\/massage-and-life-benedicte-wibault\/massage-therapeutique-aux-huiles-essentielles\" target=\"_blank\" rel=\"noreferrer noopener\">RDV en massage aux huiles essentielles<\/a><\/p>\n<\/div>\n\n\n\n<div class=\"wp-block-column is-layout-flow wp-block-column-is-layout-flow\" style=\"flex-basis:33.33%\">\n<p class=\"has-text-align-center has-medium-font-size\" style=\"font-style:normal;font-weight:700;text-transform:uppercase\"><a href=\"https:\/\/tidycal.com\/massage-and-life-benedicte-wibault\/massage-therapeutique-sonore\" target=\"_blank\" rel=\"noreferrer noopener\">RDV en massage sonore<\/a><\/p>\n<\/div>\n<\/div>\n\n\n\n<p class=\"has-text-align-center has-medium-font-size\" style=\"font-style:normal;font-weight:700;text-transform:uppercase\"><\/p>\n\n\n\n<div class=\"wp-block-columns is-layout-flex wp-container-core-columns-is-layout-9d6595d7 wp-block-columns-is-layout-flex\">\n<div class=\"wp-block-column is-layout-flow wp-block-column-is-layout-flow\" style=\"flex-basis:100%\"><\/div>\n<\/div>\n\n\n\n<p class=\"has-text-color has-medium-font-size\" style=\"color:#25557b\">Suite \u00e0 votre r\u00e9servation, vous recevrez un e-mail de confirmation (v\u00e9rifiez vos courriers ind\u00e9sirables).&nbsp;<\/p>\n\n\n\n<div class=\"wp-block-buttons is-layout-flex wp-block-buttons-is-layout-flex\">\n<div class=\"wp-block-button\"><a class=\"wp-block-button__link has-white-color has-white-background-color has-text-color has-background wp-element-button\">XXX<\/a><\/div>\n\n\n\n<div class=\"wp-block-button\"><a class=\"wp-block-button__link has-white-color has-white-background-color has-text-color has-background wp-element-button\">XXX<\/a><\/div>\n<\/div>\n\n\n\n<p class=\"has-text-color has-medium-font-size\" style=\"color:#25557b\"><em><strong>Quelques conseils :<\/strong><\/em><\/p>\n\n\n\n<ul class=\"wp-block-list\">\n<li class=\"has-medium-font-size\" style=\"color:#25557b\">Si&nbsp;un bug a lieu pendant votre r\u00e9servation ou qu\u2019il n\u2019y a plus de s\u00e9ances r\u00e9servables en ligne, vous pouvez me <a href=\"https:\/\/www.massageandlife.eu\/index.php\/infos-pratiques\/contact\/\">contacter<\/a>.&nbsp;<\/li>\n\n\n\n<li class=\"has-medium-font-size\" style=\"color:#25557b\">Veuillez consulter la rubrique <a href=\"https:\/\/www.massageandlife.eu\/index.php\/informations\/infos-consultations\/\">infos pratiques<\/a> pour de plus amples informations. <\/li>\n\n\n\n<li class=\"has-medium-font-size\" style=\"color:#25557b\">Si aucun cr\u00e9neau horaire ne vous convient, n&rsquo;h\u00e9sitez pas \u00e0 me contacter par t\u00e9l\u00e9phone. J&rsquo;essayerai, dans la mesure du possible, de vous trouver un cr\u00e9neau disponible selon vos disponibilit\u00e9s.<\/li>\n<\/ul>\n\n\n\n<div class=\"wp-block-buttons is-layout-flex wp-block-buttons-is-layout-flex\">\n<div class=\"wp-block-button\"><a class=\"wp-block-button__link has-white-color has-white-background-color has-text-color has-background wp-element-button\">XXX<\/a><\/div>\n\n\n\n<div class=\"wp-block-button\"><a class=\"wp-block-button__link has-white-color has-white-background-color has-text-color has-background wp-element-button\">XXX<\/a><\/div>\n<\/div>\n\n\n\n<p class=\"has-text-color has-medium-font-size\" style=\"color:#25557b\"><strong><em>Au plaisir de vous rencontrer <strong><em>et de vous accompagner sur votre chemin de vie<\/em><\/strong>, B\u00e9n\u00e9dicte<\/em><\/strong><\/p>\n\n\n\n<div class=\"wp-block-buttons is-layout-flex wp-block-buttons-is-layout-flex\">\n<div class=\"wp-block-button\"><a class=\"wp-block-button__link has-white-color has-white-background-color has-text-color has-background wp-element-button\">XXX<\/a><\/div>\n\n\n\n<div class=\"wp-block-button\"><a class=\"wp-block-button__link has-white-color has-white-background-color has-text-color has-background wp-element-button\">XXX<\/a><\/div>\n<\/div>\n\n\n\n<div class=\"wp-block-buttons is-horizontal is-content-justification-center is-layout-flex wp-container-core-buttons-is-layout-499968f5 wp-block-buttons-is-layout-flex\">\n<div class=\"wp-block-button has-custom-font-size has-medium-font-size\"><a class=\"wp-block-button__link has-background wp-element-button\" href=\"http:\/\/www.massageandlife.eu\/index.php\/contact\/\" style=\"background-color:#3feae4\"><strong>Me contacter<\/strong><\/a><\/div>\n<\/div>\n\n\n\n<div class=\"wp-block-buttons is-layout-flex wp-block-buttons-is-layout-flex\">\n<div class=\"wp-block-button\"><a class=\"wp-block-button__link has-white-color has-white-background-color has-text-color has-background wp-element-button\">XXX<\/a><\/div>\n\n\n\n<div class=\"wp-block-button\"><a class=\"wp-block-button__link has-white-color has-white-background-color has-text-color has-background wp-element-button\">XXX<\/a><\/div>\n<\/div>\n\n\n\n<p id=\"[sagenda-calendar-wp]\"><\/p>\n","protected":false},"excerpt":{"rendered":"<p>Massage and Life vous offre la possibilit\u00e9 de prendre un rendez-vous en ligne pour vos consultations. RDV en coaching de vie RDV en massage aux huiles essentielles RDV en massage sonore Suite \u00e0 votre r\u00e9servation, vous recevrez un e-mail de confirmation (v\u00e9rifiez vos courriers ind\u00e9sirables).&nbsp; Quelques conseils : Au plaisir de vous rencontrer et de [&hellip;]<\/p>\n","protected":false},"author":1,"featured_media":0,"parent":893,"menu_order":1,"comment_status":"closed","ping_status":"closed","template":"","meta":{"footnotes":""},"class_list":["post-233","page","type-page","status-publish","hentry","entry"],"_links":{"self":[{"href":"https:\/\/www.massageandlife.eu\/index.php\/wp-json\/wp\/v2\/pages\/233","targetHints":{"allow":["GET"]}}],"collection":[{"href":"https:\/\/www.massageandlife.eu\/index.php\/wp-json\/wp\/v2\/pages"}],"about":[{"href":"https:\/\/www.massageandlife.eu\/index.php\/wp-json\/wp\/v2\/types\/page"}],"author":[{"embeddable":true,"href":"https:\/\/www.massageandlife.eu\/index.php\/wp-json\/wp\/v2\/users\/1"}],"replies":[{"embeddable":true,"href":"https:\/\/www.massageandlife.eu\/index.php\/wp-json\/wp\/v2\/comments?post=233"}],"version-history":[{"count":69,"href":"https:\/\/www.massageandlife.eu\/index.php\/wp-json\/wp\/v2\/pages\/233\/revisions"}],"predecessor-version":[{"id":2241,"href":"https:\/\/www.massageandlife.eu\/index.php\/wp-json\/wp\/v2\/pages\/233\/revisions\/2241"}],"up":[{"embeddable":true,"href":"https:\/\/www.massageandlife.eu\/index.php\/wp-json\/wp\/v2\/pages\/893"}],"wp:attachment":[{"href":"https:\/\/www.massageandlife.eu\/index.php\/wp-json\/wp\/v2\/media?parent=233"}],"curies":[{"name":"wp","href":"https:\/\/api.w.org\/{rel}","templated":true}]}}