{"id":2577,"date":"2026-04-08T21:51:14","date_gmt":"2026-04-08T19:51:14","guid":{"rendered":"https:\/\/www.massageandlife.eu\/?page_id=2577"},"modified":"2026-04-10T15:53:20","modified_gmt":"2026-04-10T13:53:20","slug":"qui-suis-je","status":"publish","type":"page","link":"https:\/\/www.massageandlife.eu\/index.php\/bienvenue\/qui-suis-je\/","title":{"rendered":"Qui suis-je ?"},"content":{"rendered":"\n<div class=\"wp-block-buttons is-layout-flex wp-block-buttons-is-layout-flex\">\n<div class=\"wp-block-button\"><a class=\"wp-block-button__link has-white-color has-white-background-color has-text-color has-background wp-element-button\">XXX<\/a><\/div>\n<\/div>\n\n\n\n<p class=\"has-text-color\" style=\"color:#25557b;font-size:20px;font-style:italic;font-weight:400\">Je suis <strong>psychologue <\/strong>et <strong>sono-somato-th\u00e9rapeute\u00ae<\/strong>.<br>J\u2019accompagne les femmes et les enfants \u00e0 travers une approche corporelle qui relie le corps, les \u00e9motions et le v\u00e9cu. Mais avant \u00e7a\u2026 <\/p>\n\n\n\n<p class=\"has-text-align-center has-text-color\" style=\"color:#3feae4;font-size:30px;font-style:italic;font-weight:400\"><strong>je suis une femme qui a appris \u00e0 \u00e9couter ce qui ne se dit pas.<\/strong><\/p>\n\n\n\n<div class=\"wp-block-buttons is-layout-flex wp-block-buttons-is-layout-flex\">\n<div class=\"wp-block-button\"><a class=\"wp-block-button__link has-white-color has-white-background-color has-text-color has-background wp-element-button\">XXX<\/a><\/div>\n<\/div>\n\n\n\n<div class=\"wp-block-columns is-layout-flex wp-container-core-columns-is-layout-9d6595d7 wp-block-columns-is-layout-flex\">\n<div class=\"wp-block-column is-layout-flow wp-block-column-is-layout-flow\" style=\"flex-basis:700px\">\n<h2 class=\"wp-block-heading has-text-color\" style=\"color:#25557b;font-size:30px;font-style:italic;font-weight:400\"><strong>\ud83c\udf08 Mon chemin<\/strong><\/h2>\n\n\n\n<p class=\"has-text-color\" style=\"color:#25557b;font-size:20px;font-style:italic;font-weight:400\">Mon parcours est profond\u00e9ment personnel. Je suis maman de quatre enfants &#8211; dont le petit dernier accueilli au sein de notre famille &#8211; et une femme engag\u00e9e, active, passionn\u00e9e par la vie. J\u2019aime le mouvement, le sport, la musique, les voyages, la d\u00e9couverte de l\u2019autre et des cultures\u2026tout ce qui nous relie, au-del\u00e0 des apparences.<\/p>\n\n\n\n<p class=\"has-text-color\" style=\"color:#25557b;font-size:20px;font-style:italic;font-weight:400\"><\/p>\n<\/div>\n\n\n\n<div class=\"wp-block-column is-layout-flow wp-block-column-is-layout-flow\" style=\"flex-basis:700px\"><div class=\"wp-block-image is-style-rounded\">\n<figure class=\"aligncenter size-full is-resized\"><img loading=\"lazy\" decoding=\"async\" width=\"521\" height=\"657\" src=\"https:\/\/www.massageandlife.eu\/wp-content\/uploads\/2023\/08\/Benedicte-Wibault.jpg\" alt=\"\" class=\"wp-image-954\" style=\"aspect-ratio:1;object-fit:cover;width:288px;height:auto\" srcset=\"https:\/\/www.massageandlife.eu\/wp-content\/uploads\/2023\/08\/Benedicte-Wibault.jpg 521w, https:\/\/www.massageandlife.eu\/wp-content\/uploads\/2023\/08\/Benedicte-Wibault-238x300.jpg 238w\" sizes=\"auto, (max-width: 521px) 100vw, 521px\" \/><\/figure>\n<\/div><\/div>\n<\/div>\n\n\n\n<h2 class=\"wp-block-heading has-text-color\" style=\"color:#25557b;font-size:20px;font-style:italic;font-weight:400\">Tr\u00e8s t\u00f4t, au travers de mes exp\u00e9riences de vie, j\u2019ai ressenti ce que les autres vivaient\u2026 m\u00eame sans mots. Parce que ce que nous vivons s\u2019inscrit aussi dans le corps. C\u2019est, autant dans ma vie personnelle que dans ma pratique professionnelle, que j\u2019ai compris une chose essentielle :<\/h2>\n\n\n\n<p class=\"has-text-align-center has-text-color\" style=\"color:#25557b;font-size:20px;font-style:italic;font-weight:400\">\ud83d\udc49<strong>comprendre ne suffit pas<br>\ud83d\udc49 le corps a besoin, lui aussi, d\u2019\u00eatre \u00e9cout\u00e9<\/strong><\/p>\n\n\n\n<p class=\"has-text-align-center has-text-color\" style=\"color:#25557b;font-size:20px;font-style:italic;font-weight:400\">C\u2019est ce qui m\u2019a amen\u00e9e vers une approche plus diff\u00e9rente, o\u00f9 le mental ralentit\u2026 et o\u00f9 le corps peut enfin rel\u00e2cher.<\/p>\n\n\n\n<div class=\"wp-block-buttons is-layout-flex wp-block-buttons-is-layout-flex\">\n<div class=\"wp-block-button\"><a class=\"wp-block-button__link has-white-color has-white-background-color has-text-color has-background wp-element-button\">XXX<\/a><\/div>\n<\/div>\n\n\n\n<h2 class=\"wp-block-heading has-text-color\" style=\"color:#25557b;font-size:20px;font-style:italic;font-weight:400\">\ud83c\udf0a <strong>Pourquoi j\u2019ai cr\u00e9\u00e9 Massage and Life<\/strong><\/h2>\n\n\n\n<p class=\"has-text-color\" style=\"color:#25557b;font-size:20px;font-style:italic;font-weight:400\">J\u2019ai vu de nombreuses femmes tenir\u2026 tenir encore\u2026 jusqu\u2019\u00e0 s\u2019oublier compl\u00e8tement. Et des enfants porter des \u00e9motions trop grandes pour eux.<\/p>\n\n\n\n<p class=\"has-text-align-center has-text-color\" style=\"color:#25557b;font-size:20px;font-style:italic;font-weight:400\"><strong>Alors, j\u2019ai cr\u00e9\u00e9 un espace :<\/strong><\/p>\n\n\n\n<p class=\"has-text-align-center has-text-color\" style=\"color:#25557b;font-size:20px;font-style:italic;font-weight:400\">\ud83c\udf3f o\u00f9 l\u2019on peut d\u00e9poser \ud83e\udd0d o\u00f9 le corps peut s\u2019exprimer \ud83d\udd4a\ufe0f o\u00f9 rien n\u2019est forc\u00e9<\/p>\n\n\n\n<p class=\"has-text-align-center has-text-color\" style=\"color:#25557b;font-size:20px;font-style:italic;font-weight:400\"><strong>Un espace profond\u00e9ment humain, s\u00e9curisant et respectueux du rythme de chacun.<\/strong><\/p>\n\n\n\n<div class=\"wp-block-group\"><div class=\"wp-block-group__inner-container is-layout-constrained wp-block-group-is-layout-constrained\">\n<div class=\"wp-block-buttons is-layout-flex wp-block-buttons-is-layout-flex\">\n<div class=\"wp-block-button\"><a class=\"wp-block-button__link has-white-color has-white-background-color has-text-color has-background wp-element-button\">XXX<\/a><\/div>\n<\/div>\n\n\n\n<div class=\"wp-block-columns is-layout-flex wp-container-core-columns-is-layout-9d6595d7 wp-block-columns-is-layout-flex\">\n<div class=\"wp-block-column is-layout-flow wp-block-column-is-layout-flow\">\n<div class=\"wp-block-buttons is-content-justification-center is-layout-flex wp-container-core-buttons-is-layout-16018d1d wp-block-buttons-is-layout-flex\">\n<div class=\"wp-block-button\"><a class=\"wp-block-button__link has-background has-medium-font-size has-text-align-center has-custom-font-size wp-element-button\" href=\"http:\/\/www.massageandlife.eu\/index.php\/contact\/\" style=\"background-color:#25557b\"><strong>Me contacter<\/strong><\/a><\/div>\n<\/div>\n<\/div>\n\n\n\n<div class=\"wp-block-column is-layout-flow wp-block-column-is-layout-flow\">\n<div class=\"wp-block-buttons alignwide is-content-justification-center is-layout-flex wp-container-core-buttons-is-layout-16018d1d wp-block-buttons-is-layout-flex\">\n<div class=\"wp-block-button\"><a class=\"wp-block-button__link has-background has-medium-font-size has-text-align-center has-custom-font-size wp-element-button\" href=\"https:\/\/www.massageandlife.eu\/index.php\/rdv-en-ligne\/\" style=\"background-color:#25557b\"><strong>Prendre rendez-vous<\/strong><\/a><\/div>\n<\/div>\n<\/div>\n<\/div>\n\n\n\n<div class=\"wp-block-buttons is-layout-flex wp-block-buttons-is-layout-flex\">\n<div class=\"wp-block-button\"><a class=\"wp-block-button__link has-white-color has-white-background-color has-text-color has-background wp-element-button\">XXX<\/a><\/div>\n<\/div>\n\n\n\n<div class=\"wp-block-buttons is-layout-flex wp-block-buttons-is-layout-flex\">\n<div class=\"wp-block-button\"><a class=\"wp-block-button__link has-white-color has-white-background-color has-text-color has-background wp-element-button\">XXX<\/a><\/div>\n<\/div>\n<\/div><\/div>\n","protected":false},"excerpt":{"rendered":"<p>Je suis psychologue et sono-somato-th\u00e9rapeute\u00ae.J\u2019accompagne les femmes et les enfants \u00e0 travers une approche corporelle qui relie le corps, les \u00e9motions et le v\u00e9cu. Mais avant \u00e7a\u2026 je suis une femme qui a appris \u00e0 \u00e9couter ce qui ne se dit pas. \ud83c\udf08 Mon chemin Mon parcours est profond\u00e9ment personnel. Je suis maman de quatre [&hellip;]<\/p>\n","protected":false},"author":1,"featured_media":0,"parent":358,"menu_order":1,"comment_status":"closed","ping_status":"closed","template":"","meta":{"footnotes":""},"class_list":["post-2577","page","type-page","status-publish","hentry","entry"],"_links":{"self":[{"href":"https:\/\/www.massageandlife.eu\/index.php\/wp-json\/wp\/v2\/pages\/2577","targetHints":{"allow":["GET"]}}],"collection":[{"href":"https:\/\/www.massageandlife.eu\/index.php\/wp-json\/wp\/v2\/pages"}],"about":[{"href":"https:\/\/www.massageandlife.eu\/index.php\/wp-json\/wp\/v2\/types\/page"}],"author":[{"embeddable":true,"href":"https:\/\/www.massageandlife.eu\/index.php\/wp-json\/wp\/v2\/users\/1"}],"replies":[{"embeddable":true,"href":"https:\/\/www.massageandlife.eu\/index.php\/wp-json\/wp\/v2\/comments?post=2577"}],"version-history":[{"count":12,"href":"https:\/\/www.massageandlife.eu\/index.php\/wp-json\/wp\/v2\/pages\/2577\/revisions"}],"predecessor-version":[{"id":2723,"href":"https:\/\/www.massageandlife.eu\/index.php\/wp-json\/wp\/v2\/pages\/2577\/revisions\/2723"}],"up":[{"embeddable":true,"href":"https:\/\/www.massageandlife.eu\/index.php\/wp-json\/wp\/v2\/pages\/358"}],"wp:attachment":[{"href":"https:\/\/www.massageandlife.eu\/index.php\/wp-json\/wp\/v2\/media?parent=2577"}],"curies":[{"name":"wp","href":"https:\/\/api.w.org\/{rel}","templated":true}]}}