{"id":328,"date":"2021-04-23T09:53:47","date_gmt":"2021-04-23T07:53:47","guid":{"rendered":"https:\/\/www.massageandlife.eu\/?page_id=328"},"modified":"2025-11-04T23:05:53","modified_gmt":"2025-11-04T22:05:53","slug":"massages-aux-huiles-essentielles","status":"publish","type":"page","link":"https:\/\/www.massageandlife.eu\/index.php\/massages\/massages-aux-huiles-essentielles\/","title":{"rendered":"Massages aux huiles essentielles"},"content":{"rendered":"\n<p class=\"has-text-align-center has-text-color has-large-font-size\" style=\"color:#3feae4;text-transform:capitalize\"><strong><em>La Transformation de votre \u00eatre int\u00e9rieur pour une v\u00e9ritable lib\u00e9ration<\/em><\/strong><\/p>\n\n\n\n<div class=\"wp-block-buttons is-layout-flex wp-block-buttons-is-layout-flex\">\n<div class=\"wp-block-button\"><a class=\"wp-block-button__link has-white-color has-white-background-color has-text-color has-background wp-element-button\">XXX<\/a><\/div>\n<\/div>\n\n\n\n<div class=\"wp-block-columns is-layout-flex wp-container-core-columns-is-layout-9d6595d7 wp-block-columns-is-layout-flex\">\n<div class=\"wp-block-column is-layout-flow wp-block-column-is-layout-flow\" style=\"flex-basis:100%\">\n<div class=\"wp-block-columns is-layout-flex wp-container-core-columns-is-layout-9d6595d7 wp-block-columns-is-layout-flex\">\n<div class=\"wp-block-column is-vertically-aligned-center is-layout-flow wp-block-column-is-layout-flow\" style=\"flex-basis:50%\">\n<figure class=\"wp-block-image size-large is-resized is-style-rounded\"><img loading=\"lazy\" decoding=\"async\" width=\"1024\" height=\"685\" src=\"https:\/\/www.massageandlife.eu\/wp-content\/uploads\/2023\/09\/DSC01459-2-1024x685.jpg\" alt=\"\" class=\"wp-image-1613\" style=\"object-fit:cover;width:undefinedpx;height:400px\" srcset=\"https:\/\/www.massageandlife.eu\/wp-content\/uploads\/2023\/09\/DSC01459-2-1024x685.jpg 1024w, https:\/\/www.massageandlife.eu\/wp-content\/uploads\/2023\/09\/DSC01459-2-300x201.jpg 300w, https:\/\/www.massageandlife.eu\/wp-content\/uploads\/2023\/09\/DSC01459-2-768x514.jpg 768w, https:\/\/www.massageandlife.eu\/wp-content\/uploads\/2023\/09\/DSC01459-2-1536x1028.jpg 1536w, https:\/\/www.massageandlife.eu\/wp-content\/uploads\/2023\/09\/DSC01459-2-2048x1371.jpg 2048w\" sizes=\"auto, (max-width: 1024px) 100vw, 1024px\" \/><\/figure>\n<\/div>\n\n\n\n<div class=\"wp-block-column is-layout-flow wp-block-column-is-layout-flow\" style=\"flex-basis:50%\">\n<p class=\"has-text-color has-medium-font-size\" style=\"color:#25557b\"><strong><em><span style=\"color:#3feae4\" class=\"has-inline-color\">Le massage aux huiles essentielles<\/span><\/em><\/strong> vous procure un <strong>moment de d\u00e9tente<\/strong> pour prendre soin de soi et avancer sur son chemin de vie.<\/p>\n\n\n\n<ul class=\"wp-block-list\" id=\"block-ec0a6634-e0b0-4371-94e5-1c01810217b0\" style=\"font-size:18px\">\n<li class=\"has-medium-font-size\" style=\"color:#25557b\"><strong>relaxation profonde<\/strong>\n<ul class=\"wp-block-list\">\n<li class=\"has-medium-font-size\" style=\"color:#25557b\">diminution nette du stress<\/li>\n\n\n\n<li class=\"has-medium-font-size\" style=\"color:#25557b\">diminution des tensions corporelles<\/li>\n<\/ul>\n<\/li>\n\n\n\n<li class=\"has-medium-font-size\" style=\"color:#25557b\"><strong>nouvel \u00e9quilibre de la dynamique \u00e9nerg\u00e9tique<\/strong>\n<ul class=\"wp-block-list\">\n<li class=\"has-medium-font-size\" style=\"color:#25557b\">nettoyage de vos chakras (points de liaison de canaux d&rsquo;\u00e9nergie)<\/li>\n\n\n\n<li class=\"has-medium-font-size\" style=\"color:#25557b\">alignement des chakras et r\u00e9\u00e9quilibre<\/li>\n<\/ul>\n<\/li>\n\n\n\n<li class=\"has-medium-font-size\" style=\"color:#25557b\"><strong>nettoyage des blessures du pass\u00e9<\/strong>\n<ul class=\"wp-block-list\">\n<li class=\"has-medium-font-size\" style=\"color:#25557b\">effet lib\u00e9rateur du poids du pass\u00e9<\/li>\n<\/ul>\n<\/li>\n<\/ul>\n<\/div>\n<\/div>\n<\/div>\n<\/div>\n\n\n\n<div class=\"wp-block-buttons is-layout-flex wp-block-buttons-is-layout-flex\">\n<div class=\"wp-block-button\"><a class=\"wp-block-button__link has-white-color has-white-background-color has-text-color has-background wp-element-button\">XXX<\/a><\/div>\n\n\n\n\n<\/div>\n\n\n\n<p class=\"has-text-color has-medium-font-size\" style=\"color:#25557b\"><span style=\"background-color:rgba(0, 0, 0, 0);color:#3feae4\" class=\"has-inline-color\"><strong><em>Le suivi th\u00e9rapeutique par le massage aux huiles essentielles <\/em><\/strong><\/span><span style=\"background-color:rgba(0, 0, 0, 0);color:#25557b\" class=\"has-inline-color\">va au-del\u00e0 des effets pr\u00e9cit\u00e9s du massage. Il transforme la personne profond\u00e9ment.<\/span> <\/p>\n\n\n\n<p class=\"has-text-color has-medium-font-size\" style=\"color:#25557b\">N&rsquo;h\u00e9sitez pas \u00e0 me contacter pour de plus amples informations. A tout bient\u00f4t, B\u00e9n\u00e9dicte.<\/p>\n\n\n\n<div class=\"wp-block-group\"><div class=\"wp-block-group__inner-container is-layout-constrained wp-block-group-is-layout-constrained\">\n<div class=\"wp-block-buttons is-layout-flex wp-block-buttons-is-layout-flex\">\n<div class=\"wp-block-button\"><a class=\"wp-block-button__link has-white-color has-white-background-color has-text-color has-background wp-element-button\">XXX<\/a><\/div>\n<\/div>\n\n\n\n<div class=\"wp-block-group\"><div class=\"wp-block-group__inner-container is-layout-constrained wp-block-group-is-layout-constrained\">\n<div class=\"wp-block-columns is-layout-flex wp-container-core-columns-is-layout-9d6595d7 wp-block-columns-is-layout-flex\">\n<div class=\"wp-block-column is-layout-flow wp-block-column-is-layout-flow\">\n<div class=\"wp-block-buttons alignwide is-content-justification-center is-layout-flex wp-container-core-buttons-is-layout-16018d1d wp-block-buttons-is-layout-flex\">\n<div class=\"wp-block-button has-custom-font-size has-medium-font-size\"><a class=\"wp-block-button__link has-background has-text-align-center wp-element-button\" href=\"https:\/\/www.massageandlife.eu\/index.php\/informations\/infos-consultations\/\" style=\"background-color:#3feae4\"><strong>Infos pratiques<\/strong><\/a><\/div>\n<\/div>\n<\/div>\n\n\n\n<div class=\"wp-block-column is-layout-flow wp-block-column-is-layout-flow\">\n<div class=\"wp-block-buttons is-content-justification-center is-layout-flex wp-container-core-buttons-is-layout-16018d1d wp-block-buttons-is-layout-flex\">\n<div class=\"wp-block-button has-custom-font-size has-medium-font-size\"><a class=\"wp-block-button__link has-background has-text-align-center wp-element-button\" href=\"http:\/\/www.massageandlife.eu\/index.php\/contact\/\" style=\"background-color:#3feae4\"><strong>Me contacter<\/strong><\/a><\/div>\n<\/div>\n<\/div>\n\n\n\n<div class=\"wp-block-column is-layout-flow wp-block-column-is-layout-flow\">\n<div class=\"wp-block-buttons alignwide is-content-justification-center is-layout-flex wp-container-core-buttons-is-layout-16018d1d wp-block-buttons-is-layout-flex\">\n<div class=\"wp-block-button has-custom-font-size has-medium-font-size\"><a class=\"wp-block-button__link has-background has-text-align-center wp-element-button\" href=\"https:\/\/www.massageandlife.eu\/index.php\/rdv-en-ligne\/\" style=\"background-color:#3feae4\"><strong>Prendre RDV en ligne<\/strong><\/a><\/div>\n<\/div>\n<\/div>\n<\/div>\n\n\n\n<div class=\"wp-block-buttons is-layout-flex wp-block-buttons-is-layout-flex\">\n<div class=\"wp-block-button\"><a class=\"wp-block-button__link has-white-color has-white-background-color has-text-color has-background wp-element-button\">XXX<\/a><\/div>\n<\/div>\n<\/div><\/div>\n<\/div><\/div>\n\n\n\n<p class=\"has-text-color has-medium-font-size\" style=\"color:#25557b;font-style:italic;font-weight:800;text-decoration:underline\"><strong><em>Quelques informations importantes :<\/em><\/strong><\/p>\n\n\n\n<p class=\"has-text-color has-medium-font-size\" style=\"color:#25557b\">Avant tout massage, un entretien a lieu reprenant entre autre les ant\u00e9c\u00e9dents m\u00e9dicaux me permettant d&rsquo;ajuster le choix de l&rsquo;huile v\u00e9g\u00e9tale et\/ou des huiles essentielles.<\/p>\n\n\n\n<p class=\"has-text-color has-medium-font-size\" style=\"color:#25557b\">Vu certaines contre-indications dans l\u2019utilisation des huiles essentielles, j\u2019utilise de l\u2019<strong><span style=\"color:#3feae4\" class=\"has-inline-color\">huile v\u00e9g\u00e9tale pure de jojoba<\/span> <\/strong>sans ajout d\u2019huiles essentielles pour : <\/p>\n\n\n\n<ul class=\"wp-block-list\" style=\"font-size:18px\">\n<li class=\"has-medium-font-size\" style=\"color:#25557b\">les femmes enceintes  et les femmes qui allaitent (\u00e0 noter que l&rsquo;huile de jojoba pr\u00e9vient de l\u2019apparition des vergetures)<\/li>\n\n\n\n<li class=\"has-medium-font-size\" style=\"color:#25557b\">les b\u00e9b\u00e9s de moins d\u2019un an<\/li>\n\n\n\n<li class=\"has-medium-font-size\" style=\"color:#25557b\">les personnes ayant un terrain allergique<\/li>\n\n\n\n<li class=\"has-medium-font-size\" style=\"color:#25557b\">les personnes \u00e9pileptiques<\/li>\n\n\n\n<li class=\"has-medium-font-size\" style=\"color:#25557b\">les personnes asthmatiques<\/li>\n\n\n\n<li class=\"has-medium-font-size\" style=\"color:#25557b\">les personnes qui en ont eu un cancer hormono-d\u00e9pendant ou qui sont en traitement<\/li>\n<\/ul>\n\n\n\n<p class=\"has-text-color has-medium-font-size\" style=\"color:#25557b\">Pour les enfants, j\u2019op\u00e8re une s\u00e9lection d\u2019huiles essentielles indiqu\u00e9es.<\/p>\n\n\n\n<p><\/p>\n\n\n\n<p class=\"has-text-color has-medium-font-size\" style=\"color:#25557b\"><strong>Pour les informations pratiques<\/strong>, consultez notre page web <a href=\"https:\/\/www.massageandlife.eu\/index.php\/informations\/infos-consultations\/\" target=\"_blank\" rel=\"noreferrer noopener\">infos consultations<\/a>.<\/p>\n\n\n\n<div class=\"wp-block-buttons is-layout-flex wp-block-buttons-is-layout-flex\">\n<div class=\"wp-block-button\"><a class=\"wp-block-button__link has-white-color has-white-background-color has-text-color has-background wp-element-button\">XXX<\/a><\/div>\n<\/div>\n\n\n\n<div class=\"wp-block-buttons is-layout-flex wp-block-buttons-is-layout-flex\">\n<div class=\"wp-block-button\"><a class=\"wp-block-button__link has-white-color has-white-background-color has-text-color has-background wp-element-button\">XXX<\/a><\/div>\n<\/div>\n\n\n\n<div class=\"wp-block-buttons is-layout-flex wp-block-buttons-is-layout-flex\">\n<div class=\"wp-block-button\"><a class=\"wp-block-button__link has-white-color has-white-background-color has-text-color has-background wp-element-button\">XX<\/a><\/div>\n<\/div>\n","protected":false},"excerpt":{"rendered":"<p>La Transformation de votre \u00eatre int\u00e9rieur pour une v\u00e9ritable lib\u00e9ration Le massage aux huiles essentielles vous procure un moment de d\u00e9tente pour prendre soin de soi et avancer sur son chemin de vie. Le suivi th\u00e9rapeutique par le massage aux huiles essentielles va au-del\u00e0 des effets pr\u00e9cit\u00e9s du massage. Il transforme la personne profond\u00e9ment. N&rsquo;h\u00e9sitez [&hellip;]<\/p>\n","protected":false},"author":1,"featured_media":1607,"parent":950,"menu_order":1,"comment_status":"closed","ping_status":"closed","template":"","meta":{"footnotes":""},"class_list":["post-328","page","type-page","status-publish","has-post-thumbnail","hentry","entry","has-media"],"_links":{"self":[{"href":"https:\/\/www.massageandlife.eu\/index.php\/wp-json\/wp\/v2\/pages\/328","targetHints":{"allow":["GET"]}}],"collection":[{"href":"https:\/\/www.massageandlife.eu\/index.php\/wp-json\/wp\/v2\/pages"}],"about":[{"href":"https:\/\/www.massageandlife.eu\/index.php\/wp-json\/wp\/v2\/types\/page"}],"author":[{"embeddable":true,"href":"https:\/\/www.massageandlife.eu\/index.php\/wp-json\/wp\/v2\/users\/1"}],"replies":[{"embeddable":true,"href":"https:\/\/www.massageandlife.eu\/index.php\/wp-json\/wp\/v2\/comments?post=328"}],"version-history":[{"count":74,"href":"https:\/\/www.massageandlife.eu\/index.php\/wp-json\/wp\/v2\/pages\/328\/revisions"}],"predecessor-version":[{"id":2425,"href":"https:\/\/www.massageandlife.eu\/index.php\/wp-json\/wp\/v2\/pages\/328\/revisions\/2425"}],"up":[{"embeddable":true,"href":"https:\/\/www.massageandlife.eu\/index.php\/wp-json\/wp\/v2\/pages\/950"}],"wp:featuredmedia":[{"embeddable":true,"href":"https:\/\/www.massageandlife.eu\/index.php\/wp-json\/wp\/v2\/media\/1607"}],"wp:attachment":[{"href":"https:\/\/www.massageandlife.eu\/index.php\/wp-json\/wp\/v2\/media?parent=328"}],"curies":[{"name":"wp","href":"https:\/\/api.w.org\/{rel}","templated":true}]}}