{"id":338,"date":"2021-04-23T10:04:37","date_gmt":"2021-04-23T08:04:37","guid":{"rendered":"https:\/\/www.massageandlife.eu\/?page_id=338"},"modified":"2026-01-03T17:22:04","modified_gmt":"2026-01-03T16:22:04","slug":"massages-sonores","status":"publish","type":"page","link":"https:\/\/www.massageandlife.eu\/index.php\/massages\/massages-sonores\/","title":{"rendered":"Massages sonores"},"content":{"rendered":"\n<p class=\"has-text-align-center has-text-color has-large-font-size\" style=\"color:#3feae4;text-transform:capitalize\"><strong><em>Quand le son favorise le bien-\u00eatre&#8230;<\/em><\/strong><\/p>\n\n\n\n<p class=\"has-text-align-center has-text-color\" style=\"color:#25557b;font-size:24px\">Le son, le chant est une langue puissante de l&rsquo;expression de soi et de son d\u00e9veloppement personnel.<\/p>\n\n\n\n<p class=\"has-text-align-center has-text-color\" style=\"color:#25557b;font-size:24px\">J&rsquo;offre un accompagnement psycho-corporel au travers du <strong>son th\u00e9rapeutique<\/strong>.<\/p>\n\n\n\n<div class=\"wp-block-buttons is-layout-flex wp-block-buttons-is-layout-flex\">\n<div class=\"wp-block-button\"><a class=\"wp-block-button__link has-white-color has-white-background-color has-text-color has-background wp-element-button\">XXX<\/a><\/div>\n<\/div>\n\n\n\n<div class=\"wp-block-columns is-layout-flex wp-container-core-columns-is-layout-9d6595d7 wp-block-columns-is-layout-flex\">\n<div class=\"wp-block-column is-layout-flow wp-block-column-is-layout-flow\" style=\"flex-basis:100%\">\n<div class=\"wp-block-columns is-layout-flex wp-container-core-columns-is-layout-9d6595d7 wp-block-columns-is-layout-flex\">\n<div class=\"wp-block-column is-layout-flow wp-block-column-is-layout-flow\"><div class=\"wp-block-image is-style-rounded\">\n<figure class=\"aligncenter size-large is-resized\"><img loading=\"lazy\" decoding=\"async\" width=\"1024\" height=\"660\" src=\"https:\/\/www.massageandlife.eu\/wp-content\/uploads\/2023\/11\/Massage_and_Life_Massage_Sonore-1024x660.jpg\" alt=\"\" class=\"wp-image-2017\" style=\"object-fit:cover;width:350px;height:550px\" srcset=\"https:\/\/www.massageandlife.eu\/wp-content\/uploads\/2023\/11\/Massage_and_Life_Massage_Sonore-1024x660.jpg 1024w, https:\/\/www.massageandlife.eu\/wp-content\/uploads\/2023\/11\/Massage_and_Life_Massage_Sonore-300x193.jpg 300w, https:\/\/www.massageandlife.eu\/wp-content\/uploads\/2023\/11\/Massage_and_Life_Massage_Sonore-768x495.jpg 768w, https:\/\/www.massageandlife.eu\/wp-content\/uploads\/2023\/11\/Massage_and_Life_Massage_Sonore-1536x990.jpg 1536w, https:\/\/www.massageandlife.eu\/wp-content\/uploads\/2023\/11\/Massage_and_Life_Massage_Sonore-2048x1320.jpg 2048w\" sizes=\"auto, (max-width: 1024px) 100vw, 1024px\" \/><\/figure>\n<\/div><\/div>\n\n\n\n<div class=\"wp-block-column is-layout-flow wp-block-column-is-layout-flow\">\n<p class=\"has-text-color has-medium-font-size\" style=\"color:#25557b\"><strong><em><span style=\"color:#3feae4\" class=\"has-inline-color\">Le massage sonore<\/span><\/em><\/strong> vous procure un <strong>moment de<\/strong>&nbsp;<strong>relaxation profonde<\/strong>. Les vibrations des diff\u00e9rents sons gu\u00e9rissent en douceur chaque cellule de votre corps.<\/p>\n\n\n\n<ul class=\"wp-block-list\" id=\"block-ec0a6634-e0b0-4371-94e5-1c01810217b0\" style=\"font-size:18px\">\n<li class=\"has-medium-font-size\" style=\"color:#25557b\"><strong>r\u00e9\u00e9quilibre \u00e9motionnel <\/strong>\n<ul class=\"wp-block-list\">\n<li class=\"has-medium-font-size\" style=\"color:#25557b\">diminution des angoisses les tensions, la fatigue<\/li>\n\n\n\n<li class=\"has-medium-font-size\" style=\"color:#25557b\">stress \u00e9vacu\u00e9<\/li>\n<\/ul>\n<\/li>\n\n\n\n<li class=\"has-medium-font-size\" style=\"color:#25557b\"><strong>sommeil apais\u00e9<\/strong>\n<ul class=\"wp-block-list\">\n<li class=\"has-medium-font-size\" style=\"color:#25557b\">apport d&rsquo;un sommeil r\u00e9parateur<\/li>\n\n\n\n<li class=\"has-medium-font-size\" style=\"color:#25557b\">diminution des troubles du sommeil jusqu&rsquo;\u00e0 disparition<\/li>\n<\/ul>\n<\/li>\n\n\n\n<li class=\"has-medium-font-size\" style=\"color:#25557b\"><strong>am\u00e9lioration g\u00e9n\u00e9rale de l&rsquo;\u00e9tat de sant\u00e9 et vitalit\u00e9 retrouv\u00e9e <\/strong>\n<ul class=\"wp-block-list\">\n<li class=\"has-medium-font-size\" style=\"color:#25557b\">diminution des maux de t\u00eate jusqu&rsquo;\u00e0 disparition<\/li>\n\n\n\n<li class=\"has-medium-font-size\" style=\"color:#25557b\">soulagement des muscles et des articulations<\/li>\n\n\n\n<li class=\"has-medium-font-size\" style=\"color:#25557b\">pour les femmes, r\u00e8gles moins douloureuses<\/li>\n\n\n\n<li class=\"has-medium-font-size\" style=\"color:#25557b\">&#8230;<\/li>\n<\/ul>\n<\/li>\n<\/ul>\n<\/div>\n<\/div>\n<\/div>\n<\/div>\n\n\n\n<div class=\"wp-block-buttons is-layout-flex wp-block-buttons-is-layout-flex\">\n<div class=\"wp-block-button\"><a class=\"wp-block-button__link has-white-color has-white-background-color has-text-color has-background wp-element-button\">XXX<\/a><\/div>\n<\/div>\n\n\n\n<p class=\"has-text-align-center has-text-color\" style=\"color:#25557b;font-size:22px\">J&rsquo;ai d\u00e9velopp\u00e9 diff\u00e9rents services dans le domaine du massage sonore. <\/p>\n\n\n\n<p class=\"has-text-align-center has-text-color\" style=\"color:#25557b;font-size:22px\">Ceux-ci peuvent se combiner.<\/p>\n\n\n\n<div class=\"wp-block-buttons is-layout-flex wp-block-buttons-is-layout-flex\">\n<div class=\"wp-block-button\"><a class=\"wp-block-button__link has-white-color has-white-background-color has-text-color has-background wp-element-button\">XXX<\/a><\/div>\n<\/div>\n\n\n\n<p class=\"has-text-align-center has-text-color\" style=\"color:#25557b;font-size:22px\"><strong>\u272b<\/strong> <a href=\"https:\/\/www.massageandlife.eu\/index.php\/massages\/massages-sonores\/bols-chantants\/\">Massage aux bols chantants<\/a> <strong>\u272b<\/strong><\/p>\n\n\n\n<p class=\"has-text-align-center has-text-color\" style=\"color:#25557b;font-size:22px\"><strong>\u2729<\/strong> <a href=\"https:\/\/www.massageandlife.eu\/index.php\/massages\/massages-sonores\/chants-vibratoires\/\">Chants vibratoires <\/a><strong>\u2729<\/strong><\/p>\n\n\n\n<p class=\"has-text-align-center has-text-color\" style=\"color:#25557b;font-size:22px\"><strong>\u272a<\/strong> Massage aux diapasons th\u00e9rapeutiques BIENT\u00d4T DISPO <strong>\u272a<\/strong> <\/p>\n\n\n\n<div class=\"wp-block-buttons is-layout-flex wp-block-buttons-is-layout-flex\">\n<div class=\"wp-block-button\"><a class=\"wp-block-button__link has-white-color has-white-background-color has-text-color has-background wp-element-button\">XXX<\/a><\/div>\n<\/div>\n\n\n\n<div class=\"wp-block-group\"><div class=\"wp-block-group__inner-container is-layout-constrained wp-block-group-is-layout-constrained\">\n<div class=\"wp-block-buttons is-layout-flex wp-block-buttons-is-layout-flex\">\n<div class=\"wp-block-button\"><a class=\"wp-block-button__link has-white-color has-white-background-color has-text-color has-background wp-element-button\">XXX<\/a><\/div>\n<\/div>\n\n\n\n<p class=\"has-text-align-center has-text-color has-medium-font-size\" style=\"color:#25557b\">N&rsquo;h\u00e9sitez pas \u00e0 me contacter pour de plus amples informations. A tout bient\u00f4t, B\u00e9n\u00e9dicte.<\/p>\n\n\n\n<div class=\"wp-block-group\"><div class=\"wp-block-group__inner-container is-layout-constrained wp-block-group-is-layout-constrained\">\n<div class=\"wp-block-columns is-layout-flex wp-container-core-columns-is-layout-9d6595d7 wp-block-columns-is-layout-flex\">\n<div class=\"wp-block-column has-medium-font-size is-layout-flow wp-block-column-is-layout-flow\">\n<div class=\"wp-block-buttons alignwide is-content-justification-center is-layout-flex wp-container-core-buttons-is-layout-16018d1d wp-block-buttons-is-layout-flex\">\n<div class=\"wp-block-button has-custom-font-size has-medium-font-size\"><a class=\"wp-block-button__link has-background has-text-align-center wp-element-button\" href=\"https:\/\/www.massageandlife.eu\/index.php\/informations\/infos-consultations\/\" style=\"background-color:#3feae4\"><strong>Infos pratiques<\/strong><\/a><\/div>\n<\/div>\n<\/div>\n\n\n\n<div class=\"wp-block-column has-medium-font-size is-layout-flow wp-block-column-is-layout-flow\">\n<div class=\"wp-block-buttons is-content-justification-center is-layout-flex wp-container-core-buttons-is-layout-16018d1d wp-block-buttons-is-layout-flex\">\n<div class=\"wp-block-button has-custom-font-size has-medium-font-size\"><a class=\"wp-block-button__link has-background has-text-align-center wp-element-button\" href=\"http:\/\/www.massageandlife.eu\/index.php\/contact\/\" style=\"background-color:#3feae4\"><strong>Me contacter<\/strong><\/a><\/div>\n<\/div>\n<\/div>\n\n\n\n<div class=\"wp-block-column has-medium-font-size is-layout-flow wp-block-column-is-layout-flow\">\n<div class=\"wp-block-buttons alignwide is-content-justification-center is-layout-flex wp-container-core-buttons-is-layout-16018d1d wp-block-buttons-is-layout-flex\">\n<div class=\"wp-block-button has-custom-font-size has-medium-font-size\"><a class=\"wp-block-button__link has-background has-text-align-center wp-element-button\" href=\"https:\/\/www.massageandlife.eu\/index.php\/rdv-en-ligne\/\" style=\"background-color:#3feae4\"><strong>Prendre RDV en ligne<\/strong><\/a><\/div>\n<\/div>\n<\/div>\n<\/div>\n\n\n\n<div class=\"wp-block-buttons is-layout-flex wp-block-buttons-is-layout-flex\">\n<div class=\"wp-block-button\"><a class=\"wp-block-button__link has-white-color has-white-background-color has-text-color has-background wp-element-button\">XXX<\/a><\/div>\n<\/div>\n<\/div><\/div>\n<\/div><\/div>\n","protected":false},"excerpt":{"rendered":"<p>Quand le son favorise le bien-\u00eatre&#8230; Le son, le chant est une langue puissante de l&rsquo;expression de soi et de son d\u00e9veloppement personnel. J&rsquo;offre un accompagnement psycho-corporel au travers du son th\u00e9rapeutique. Le massage sonore vous procure un moment de&nbsp;relaxation profonde. Les vibrations des diff\u00e9rents sons gu\u00e9rissent en douceur chaque cellule de votre corps. J&rsquo;ai [&hellip;]<\/p>\n","protected":false},"author":1,"featured_media":0,"parent":950,"menu_order":1,"comment_status":"closed","ping_status":"closed","template":"","meta":{"footnotes":""},"class_list":["post-338","page","type-page","status-publish","hentry","entry"],"_links":{"self":[{"href":"https:\/\/www.massageandlife.eu\/index.php\/wp-json\/wp\/v2\/pages\/338","targetHints":{"allow":["GET"]}}],"collection":[{"href":"https:\/\/www.massageandlife.eu\/index.php\/wp-json\/wp\/v2\/pages"}],"about":[{"href":"https:\/\/www.massageandlife.eu\/index.php\/wp-json\/wp\/v2\/types\/page"}],"author":[{"embeddable":true,"href":"https:\/\/www.massageandlife.eu\/index.php\/wp-json\/wp\/v2\/users\/1"}],"replies":[{"embeddable":true,"href":"https:\/\/www.massageandlife.eu\/index.php\/wp-json\/wp\/v2\/comments?post=338"}],"version-history":[{"count":54,"href":"https:\/\/www.massageandlife.eu\/index.php\/wp-json\/wp\/v2\/pages\/338\/revisions"}],"predecessor-version":[{"id":2507,"href":"https:\/\/www.massageandlife.eu\/index.php\/wp-json\/wp\/v2\/pages\/338\/revisions\/2507"}],"up":[{"embeddable":true,"href":"https:\/\/www.massageandlife.eu\/index.php\/wp-json\/wp\/v2\/pages\/950"}],"wp:attachment":[{"href":"https:\/\/www.massageandlife.eu\/index.php\/wp-json\/wp\/v2\/media?parent=338"}],"curies":[{"name":"wp","href":"https:\/\/api.w.org\/{rel}","templated":true}]}}