{"id":358,"date":"2021-04-23T11:47:51","date_gmt":"2021-04-23T09:47:51","guid":{"rendered":"https:\/\/www.massageandlife.eu\/?page_id=358"},"modified":"2026-04-10T15:33:40","modified_gmt":"2026-04-10T13:33:40","slug":"bienvenue","status":"publish","type":"page","link":"https:\/\/www.massageandlife.eu\/","title":{"rendered":"Bienvenue"},"content":{"rendered":"\n<div class=\"wp-block-buttons is-layout-flex wp-block-buttons-is-layout-flex\">\n<div class=\"wp-block-button\"><a class=\"wp-block-button__link has-white-color has-white-background-color has-text-color has-background wp-element-button\">XXX<\/a><\/div>\n<\/div>\n\n\n\n<p class=\"has-text-align-center has-text-color\" style=\"color:#3feae4;font-size:30px\"><strong>Quand le mental sature, le corps parle.<\/strong> <\/p>\n\n\n\n<p class=\"has-text-align-center has-text-color\" style=\"color:#3feae4;font-size:30px\">\u00c9puis\u00e9e ? Submerg\u00e9e ? \u00c0 bout de souffle ?<br>Je t\u2019accompagne \u00e0 rel\u00e2cher ce que tu ne peux plus porter seule.<\/p>\n\n\n\n<div class=\"wp-block-buttons is-layout-flex wp-block-buttons-is-layout-flex\">\n<div class=\"wp-block-button\"><a class=\"wp-block-button__link has-white-color has-white-background-color has-text-color has-background wp-element-button\">XXX<\/a><\/div>\n<\/div>\n\n\n\n<div class=\"wp-block-buttons is-content-justification-center is-layout-flex wp-container-core-buttons-is-layout-16018d1d wp-block-buttons-is-layout-flex\">\n<div class=\"wp-block-button has-custom-width wp-block-button__width-75\"><a class=\"wp-block-button__link has-background has-medium-font-size has-custom-font-size wp-element-button\" href=\"https:\/\/www.massageandlife.eu\/index.php\/informations\/rdv-en-ligne\/\" style=\"background-color:#25557b\">Prendre rendez-vous<\/a><\/div>\n<\/div>\n\n\n\n<div class=\"wp-block-buttons is-layout-flex wp-block-buttons-is-layout-flex\">\n<div class=\"wp-block-button\"><a class=\"wp-block-button__link has-white-color has-white-background-color has-text-color has-background wp-element-button\">XXX<\/a><\/div>\n<\/div>\n\n\n\n<blockquote class=\"wp-block-quote is-layout-flow wp-block-quote-is-layout-flow\">\n<p class=\"has-text-color\" style=\"color:#25557b;font-size:20px;font-style:italic;font-weight:400\">\ud83d\udcac \u201cApr\u00e8s quelques s\u00e9ances, je me suis sentie beaucoup plus apais\u00e9e. Mon mental s\u2019est calm\u00e9 et j\u2019ai enfin pu respirer \u00e0 nouveau.\u201d<\/p>\n\n\n\n<p class=\"has-text-color\" style=\"color:#25557b;font-size:20px;font-style:italic;font-weight:400\">\ud83d\udcac \u201cMon enfant \u00e9tait submerg\u00e9 par ses \u00e9motions\u2026 aujourd\u2019hui, il est plus calme et plus serein au quotidien.\u201d<\/p>\n\n\n\n<p class=\"has-text-color\" style=\"color:#25557b;font-size:20px;font-style:italic;font-weight:400\">\ud83d\udcac \u201cJe me sentais compl\u00e8tement \u00e9puis\u00e9e, vid\u00e9e de l&rsquo;int\u00e9rieur. Cet accompagnement m\u2019a permis de me reconnecter \u00e0 moi-m\u00eame et de retrouver de l\u2019\u00e9nergie pour lancer mes projets.\u201d<\/p>\n<\/blockquote>\n\n\n\n<div class=\"wp-block-buttons is-layout-flex wp-block-buttons-is-layout-flex\">\n<div class=\"wp-block-button\"><a class=\"wp-block-button__link has-white-color has-white-background-color has-text-color has-background wp-element-button\">XXX<\/a><\/div>\n<\/div>\n\n\n\n<div class=\"wp-block-columns is-layout-flex wp-container-core-columns-is-layout-9d6595d7 wp-block-columns-is-layout-flex\">\n<div class=\"wp-block-column is-layout-flow wp-block-column-is-layout-flow\" style=\"flex-basis:800px\">\n<p class=\"has-text-align-left has-text-color\" style=\"color:#25557b;font-size:20px;font-style:italic;font-weight:400\">Je vois de nombreuses femmes tenir\u2026 jusqu\u2019\u00e0 <strong>s&rsquo;oublier compl\u00e8tement<\/strong> \ud83d\ude14<\/p>\n\n\n\n<p class=\"has-text-align-left has-text-color\" style=\"color:#25557b;font-size:20px;font-style:italic;font-weight:400\">Des femmes <strong>fortes.<\/strong> <strong>Engag\u00e9es<\/strong>. Pr\u00e9sentes pour tout le monde.\ud83d\udcaaMais \u00e0 l\u2019int\u00e9rieur\u2026 quelque chose <strong>s\u2019\u00e9teint doucement<\/strong>.<\/p>\n\n\n\n<p><\/p>\n\n\n\n<p class=\"has-text-align-left has-text-color\" style=\"color:#25557b;font-size:20px;font-style:italic;font-weight:400\"><strong>Peut-\u00eatre que tu te reconnais l\u00e0-dedans \ud83c\udf38 :<\/strong><\/p>\n\n\n\n<ul style=\"color:#25557b;font-size:20px\" class=\"wp-block-list has-text-color\">\n<li class=\"has-text-color\" style=\"color:#25557b;font-size:20px;font-style:italic;font-weight:400\">ton cerveau ne s\u2019arr\u00eate plus \ud83c\udf00 <\/li>\n\n\n\n<li class=\"has-text-color\" style=\"color:#25557b;font-size:20px;font-style:italic;font-weight:400\">tu te sens \u00e9puis\u00e9e, vid\u00e9e\u2026 \ud83d\ude13 <\/li>\n\n\n\n<li class=\"has-text-color\" style=\"color:#25557b;font-size:20px;font-style:italic;font-weight:400\">tes \u00e9motions d\u00e9bordent sans pr\u00e9venir \ud83c\udf0a <\/li>\n\n\n\n<li class=\"has-text-color\" style=\"color:#25557b;font-size:20px;font-style:italic;font-weight:400\">tu continues \u00e0 donner, encore et encore, jusqu\u2019\u00e0 t\u2019oublier compl\u00e8tement \ud83d\udc94<\/li>\n<\/ul>\n\n\n\n<p class=\"has-text-align-center has-text-color\" style=\"color:#25557b;font-size:20px;font-style:italic;font-weight:400\"><\/p>\n\n\n\n<p class=\"has-text-align-center has-text-color\" style=\"color:#25557b;font-size:20px;font-style:italic;font-weight:400\"><\/p>\n<\/div>\n\n\n\n<div class=\"wp-block-column is-vertically-aligned-center is-layout-flow wp-block-column-is-layout-flow\" style=\"flex-basis:500px\"><div class=\"wp-block-image is-style-rounded\">\n<figure class=\"aligncenter size-full\"><img loading=\"lazy\" decoding=\"async\" width=\"1920\" height=\"2560\" src=\"http:\/\/www.massageandlife.eu\/wp-content\/uploads\/2025\/10\/Massage_and_Life_femme_fille_mer-scaled.jpg\" alt=\"\" class=\"wp-image-2404\" style=\"aspect-ratio:1;object-fit:cover\" srcset=\"https:\/\/www.massageandlife.eu\/wp-content\/uploads\/2025\/10\/Massage_and_Life_femme_fille_mer-scaled.jpg 1920w, https:\/\/www.massageandlife.eu\/wp-content\/uploads\/2025\/10\/Massage_and_Life_femme_fille_mer-225x300.jpg 225w, https:\/\/www.massageandlife.eu\/wp-content\/uploads\/2025\/10\/Massage_and_Life_femme_fille_mer-768x1024.jpg 768w, https:\/\/www.massageandlife.eu\/wp-content\/uploads\/2025\/10\/Massage_and_Life_femme_fille_mer-1152x1536.jpg 1152w, https:\/\/www.massageandlife.eu\/wp-content\/uploads\/2025\/10\/Massage_and_Life_femme_fille_mer-1536x2048.jpg 1536w\" sizes=\"auto, (max-width: 1920px) 100vw, 1920px\" \/><\/figure>\n<\/div><\/div>\n\n\n\n<div class=\"wp-block-column is-layout-flow wp-block-column-is-layout-flow\" style=\"flex-basis:800px\">\n<p class=\"has-text-color\" style=\"color:#25557b;font-size:20px;font-style:italic;font-weight:400\">Et peut-\u00eatre que ton enfant, lui aussi, traverse des <strong>temp\u00eates<\/strong> <strong>\u00e9motionnelles<\/strong>\ud83c\udf2a\ufe0f<\/p>\n\n\n\n<ul class=\"wp-block-list\">\n<li class=\"has-text-color\" style=\"color:#25557b;font-size:20px;font-style:italic;font-weight:400\">Hypersensible \ud83d\udcad<\/li>\n\n\n\n<li class=\"has-text-color\" style=\"color:#25557b;font-size:20px;font-style:italic;font-weight:400\">Submerg\u00e9 \ud83d\ude25<\/li>\n\n\n\n<li class=\"has-text-color\" style=\"color:#25557b;font-size:20px;font-style:italic;font-weight:400\">Marqu\u00e9 par ce qu\u2019il a v\u00e9cu \ud83d\udc94<\/li>\n<\/ul>\n\n\n\n<p class=\"has-text-align-left has-text-color\" style=\"color:#25557b;font-size:20px;font-style:italic;font-weight:400\">Et toi, <strong>tu fais de ton mieux<\/strong> :<\/p>\n\n\n\n<ul style=\"color:#25557b;font-size:20px\" class=\"wp-block-list has-text-color\">\n<li class=\"has-text-color\" style=\"color:#25557b;font-size:20px;font-style:italic;font-weight:400\">pour l\u2019apaiser \ud83c\udf3f<\/li>\n\n\n\n<li class=\"has-text-color\" style=\"color:#25557b;font-size:20px;font-style:italic;font-weight:400\">le comprendre, \ud83d\udc9b<\/li>\n\n\n\n<li class=\"has-text-color\" style=\"color:#25557b;font-size:20px;font-style:italic;font-weight:400\">le soutenir\ud83e\udd1d <\/li>\n<\/ul>\n\n\n\n<p class=\"has-text-align-left has-text-color\" style=\"color:#25557b;font-size:20px;font-style:italic;font-weight:400\">Mais parfois, tu te sens <strong>d\u00e9munie et \u00e9puis\u00e9e<\/strong> \ud83d\ude1e<\/p>\n<\/div>\n<\/div>\n\n\n\n<p class=\"has-text-align-center has-text-color\" style=\"color:#25557b;font-size:20px;font-style:italic;font-weight:400\">Alors tu tiens <strong>Pour toi<\/strong>\u2026 <strong>et pour lui, pour eux <\/strong>\ud83d\udc96 <\/p>\n\n\n\n<p class=\"has-text-align-center has-text-color\" style=\"color:#25557b;font-size:20px;font-style:italic;font-weight:400\">Mais \u00e0 quel prix ?<\/p>\n\n\n\n<p class=\"has-text-align-center has-text-color\" style=\"color:#25557b;font-size:20px;font-style:italic;font-weight:400\">Jusqu\u2019au moment o\u00f9 quelque chose en toi murmure :<br><strong>\u201c\u00e7a ne peut plus continuer comme \u00e7a.\u201d<\/strong><\/p>\n\n\n\n<p class=\"has-text-align-center has-text-color\" style=\"color:#25557b;font-size:20px;font-style:italic;font-weight:400\">Si tu ressens que c\u2019est le moment pour toi,<br>je t\u2019accueille dans un espace <strong>s\u00e9curisant, confidentiel et profond\u00e9ment humain<\/strong>.<\/p>\n\n\n\n<h2 class=\"wp-block-heading has-text-align-center has-text-color\" style=\"color:#25557b;font-size:30px;font-style:italic;font-weight:400\"><strong>                 <\/strong><\/h2>\n\n\n\n<div class=\"wp-block-buttons is-layout-flex wp-block-buttons-is-layout-flex\">\n<div class=\"wp-block-button\"><a class=\"wp-block-button__link has-white-color has-white-background-color has-text-color has-background wp-element-button\">XXX<\/a><\/div>\n<\/div>\n\n\n\n<div class=\"wp-block-buttons is-content-justification-center is-layout-flex wp-container-core-buttons-is-layout-16018d1d wp-block-buttons-is-layout-flex\">\n<div class=\"wp-block-button has-custom-width wp-block-button__width-75\"><a class=\"wp-block-button__link has-background has-medium-font-size has-custom-font-size wp-element-button\" href=\"https:\/\/www.massageandlife.eu\/index.php\/informations\/rdv-en-ligne\/\" style=\"background-color:#25557b\">Prendre rendez-vous<\/a><\/div>\n<\/div>\n\n\n\n<div class=\"wp-block-buttons is-layout-flex wp-block-buttons-is-layout-flex\">\n<div class=\"wp-block-button\"><a class=\"wp-block-button__link has-white-color has-white-background-color has-text-color has-background wp-element-button\">XXX<\/a><\/div>\n<\/div>\n\n\n\n<div class=\"wp-block-columns are-vertically-aligned-top is-layout-flex wp-container-core-columns-is-layout-9d6595d7 wp-block-columns-is-layout-flex\">\n<div class=\"wp-block-column is-vertically-aligned-top is-layout-flow wp-block-column-is-layout-flow\">\n<h2 class=\"wp-block-heading alignwide has-text-align-center has-text-color\" style=\"color:#25557b;font-size:20px;font-style:italic;font-weight:400\">\ud83c\udf1f <strong><a href=\"https:\/\/www.massageandlife.eu\/index.php\/bienvenue\/mon-approche\/\">MON APPROCHE ?<\/a><\/strong><\/h2>\n\n\n\n<p><\/p>\n\n\n\n<h2 class=\"wp-block-heading has-text-align-center has-text-color\" style=\"color:#25557b;font-size:20px;font-style:italic;font-weight:400\">\ud83c\udf3f<strong> Une autre fa\u00e7on d\u2019accompagner<\/strong><\/h2>\n\n\n\n<p class=\"has-text-align-center has-text-color\" style=\"color:#25557b;font-size:20px;font-style:italic;font-weight:400\">Ici, on ne fait pas que parler. J\u2019utilise \u00e9galement le massage, le travail corporel et le son pour aider ton syst\u00e8me nerveux \u00e0 se rel\u00e2cher en profondeur. <\/p>\n\n\n\n<p class=\"has-text-align-center has-text-color\" style=\"color:#25557b;font-size:20px;font-style:italic;font-weight:400\">\ud83c\udf0a On va l\u00e0 o\u00f9 les mots ne suffisent plus.<br><strong>L\u00e0 o\u00f9 le corps garde tout.<\/strong> Et peu \u00e0 peu\u2026<strong> tu respires \u00e0 nouveau.<\/strong><\/p>\n<\/div>\n\n\n\n<div class=\"wp-block-column is-vertically-aligned-top is-layout-flow wp-block-column-is-layout-flow\">\n<h2 class=\"wp-block-heading has-text-align-center has-text-color\" style=\"color:#25557b;font-size:20px;font-style:italic;font-weight:400\">\ud83e\udd0d <strong><a href=\"https:\/\/www.massageandlife.eu\/index.php\/pour-qui\/\">POUR QUI ?<\/a><\/strong><\/h2>\n\n\n\n<p class=\"has-text-align-center has-text-color\" style=\"color:#25557b;font-size:20px;font-style:italic;font-weight:400\">\u2728 <strong>Femmes proches du burn-out ou en perte de rep\u00e8res<\/strong><\/p>\n\n\n\n<p class=\"has-text-align-center has-text-color\" style=\"color:#25557b;font-size:20px;font-style:italic;font-weight:400\">\u2192 retrouver \u00e9nergie, clart\u00e9 et alignement<\/p>\n\n\n\n<p class=\"has-text-align-center has-text-color\" style=\"color:#25557b;font-size:20px;font-style:italic;font-weight:400\">\ud83e\uddf8 <strong>Enfants en difficult\u00e9 \u00e9motionnelle ou ayant v\u00e9cu un traumatisme<\/strong><\/p>\n\n\n\n<p class=\"has-text-align-center has-text-color\" style=\"color:#25557b;font-size:20px;font-style:italic;font-weight:400\">\u2192 restaurer s\u00e9curit\u00e9 int\u00e9rieure et apaisement<\/p>\n<\/div>\n<\/div>\n\n\n\n<div class=\"wp-block-buttons is-layout-flex wp-block-buttons-is-layout-flex\">\n<div class=\"wp-block-button\"><a class=\"wp-block-button__link has-white-color has-white-background-color has-text-color has-background wp-element-button\">XXX<\/a><\/div>\n<\/div>\n\n\n\n<p class=\"has-text-align-center has-text-color\" style=\"color:#3feae4;font-size:24px\"><strong><em>Construis ton pr\u00e9sent \u00e0 l&rsquo;\u00e9coute de qui tu es et de ton corps<\/em><\/strong>, <strong><em>B\u00e9n\u00e9dicte<\/em><\/strong><\/p>\n\n\n\n<blockquote class=\"wp-block-quote is-layout-flow wp-block-quote-is-layout-flow\">\n<p class=\"has-text-align-center has-text-color\" style=\"color:#25557b;font-size:20px;font-style:italic;font-weight:400\">\u2728 <strong>Ce que mes clientes retrouvent souvent <\/strong>:<\/p>\n\n\n\n<p class=\"has-text-align-center has-text-color\" style=\"color:#25557b;font-size:20px;font-style:italic;font-weight:400\">\u2022 un apaisement profond<br>\u2022 un mental plus calme<br>\u2022 plus d\u2019\u00e9nergie au quotidien<br>\u2022 une relation plus sereine avec leur enfant<br>\u2022 le sentiment de ne plus porter seule<\/p>\n<\/blockquote>\n\n\n\n<div class=\"wp-block-buttons is-layout-flex wp-block-buttons-is-layout-flex\">\n<div class=\"wp-block-button\"><a class=\"wp-block-button__link has-white-color has-white-background-color has-text-color has-background wp-element-button\">XXX<\/a><\/div>\n<\/div>\n\n\n\n<h2 class=\"wp-block-heading has-text-align-center has-text-color\" style=\"color:#25557b;font-size:20px;font-style:italic;font-weight:400\">\ud83c\udf38 <strong><a href=\"https:\/\/www.massageandlife.eu\/index.php\/bienvenue\/qui-suis-je\/\">QUI SUIS-JE ? En savoir plus<\/a><\/strong><\/h2>\n\n\n\n<h2 class=\"wp-block-heading has-text-align-center has-text-color\" style=\"color:#25557b;font-size:20px;font-style:italic;font-weight:400\">\ud83c\udf08 Un chemin personnel, guid\u00e9 par la vie et la maternit\u00e9.<\/h2>\n\n\n\n<p class=\"has-text-align-center has-text-color\" style=\"color:#25557b;font-size:20px;font-style:italic;font-weight:400\">\ud83c\udf1e Tr\u00e8s t\u00f4t, j\u2019ai appris \u00e0 <strong>\u00e9couter au-del\u00e0 des mots, l\u00e0 o\u00f9 le corps parle.<\/strong><\/p>\n\n\n\n<p class=\"has-text-align-center has-text-color\" style=\"color:#25557b;font-size:20px;font-style:italic;font-weight:400\">Parce que comprendre ne suffit pas toujours.<\/p>\n\n\n\n<p class=\"has-text-color\" style=\"color:#25557b;font-size:20px;font-style:italic;font-weight:400\">\ud83c\udf3fJ\u2019ai d\u00e9j\u00e0 accompagn\u00e9 de nombreuses femmes et enfants \u00e0 travers des p\u00e9riodes de stress, d\u2019\u00e9puisement et de temp\u00eates \u00e9motionnelles, avec une approche douce, corporelle et profond\u00e9ment humaine. Mon approche leur permet de retrouver une vie apais\u00e9e et inspirante.<\/p>\n\n\n\n<div class=\"wp-block-buttons is-layout-flex wp-block-buttons-is-layout-flex\">\n<div class=\"wp-block-button\"><a class=\"wp-block-button__link has-white-color has-white-background-color has-text-color has-background wp-element-button\">XXX<\/a><\/div>\n<\/div>\n\n\n\n<div class=\"wp-block-group\"><div class=\"wp-block-group__inner-container is-layout-constrained wp-block-group-is-layout-constrained\">\n<div class=\"wp-block-columns is-layout-flex wp-container-core-columns-is-layout-9d6595d7 wp-block-columns-is-layout-flex\">\n<div class=\"wp-block-column is-layout-flow wp-block-column-is-layout-flow\">\n<div class=\"wp-block-buttons is-content-justification-center is-layout-flex wp-container-core-buttons-is-layout-16018d1d wp-block-buttons-is-layout-flex\">\n<div class=\"wp-block-button\"><a class=\"wp-block-button__link has-background has-medium-font-size has-text-align-center has-custom-font-size wp-element-button\" href=\"http:\/\/www.massageandlife.eu\/index.php\/contact\/\" style=\"background-color:#25557b\"><strong>Me contacter<\/strong><\/a><\/div>\n<\/div>\n<\/div>\n\n\n\n<div class=\"wp-block-column is-layout-flow wp-block-column-is-layout-flow\">\n<div class=\"wp-block-buttons alignwide is-content-justification-center is-layout-flex wp-container-core-buttons-is-layout-16018d1d wp-block-buttons-is-layout-flex\">\n<div class=\"wp-block-button\"><a class=\"wp-block-button__link has-background has-medium-font-size has-text-align-center has-custom-font-size wp-element-button\" href=\"https:\/\/www.massageandlife.eu\/index.php\/rdv-en-ligne\/\" style=\"background-color:#25557b\"><strong>Prendre rendez-vous<\/strong><\/a><\/div>\n<\/div>\n<\/div>\n<\/div>\n\n\n\n<div class=\"wp-block-buttons is-layout-flex wp-block-buttons-is-layout-flex\">\n<div class=\"wp-block-button\"><a class=\"wp-block-button__link has-white-color has-white-background-color has-text-color has-background wp-element-button\">XXX<\/a><\/div>\n<\/div>\n<\/div><\/div>\n","protected":false},"excerpt":{"rendered":"<p>Quand le mental sature, le corps parle. \u00c9puis\u00e9e ? Submerg\u00e9e ? \u00c0 bout de souffle ?Je t\u2019accompagne \u00e0 rel\u00e2cher ce que tu ne peux plus porter seule. \ud83d\udcac \u201cApr\u00e8s quelques s\u00e9ances, je me suis sentie beaucoup plus apais\u00e9e. Mon mental s\u2019est calm\u00e9 et j\u2019ai enfin pu respirer \u00e0 nouveau.\u201d \ud83d\udcac \u201cMon enfant \u00e9tait submerg\u00e9 par [&hellip;]<\/p>\n","protected":false},"author":1,"featured_media":954,"parent":0,"menu_order":0,"comment_status":"closed","ping_status":"closed","template":"","meta":{"footnotes":""},"class_list":["post-358","page","type-page","status-publish","has-post-thumbnail","hentry","entry","has-media"],"_links":{"self":[{"href":"https:\/\/www.massageandlife.eu\/index.php\/wp-json\/wp\/v2\/pages\/358","targetHints":{"allow":["GET"]}}],"collection":[{"href":"https:\/\/www.massageandlife.eu\/index.php\/wp-json\/wp\/v2\/pages"}],"about":[{"href":"https:\/\/www.massageandlife.eu\/index.php\/wp-json\/wp\/v2\/types\/page"}],"author":[{"embeddable":true,"href":"https:\/\/www.massageandlife.eu\/index.php\/wp-json\/wp\/v2\/users\/1"}],"replies":[{"embeddable":true,"href":"https:\/\/www.massageandlife.eu\/index.php\/wp-json\/wp\/v2\/comments?post=358"}],"version-history":[{"count":226,"href":"https:\/\/www.massageandlife.eu\/index.php\/wp-json\/wp\/v2\/pages\/358\/revisions"}],"predecessor-version":[{"id":2709,"href":"https:\/\/www.massageandlife.eu\/index.php\/wp-json\/wp\/v2\/pages\/358\/revisions\/2709"}],"wp:featuredmedia":[{"embeddable":true,"href":"https:\/\/www.massageandlife.eu\/index.php\/wp-json\/wp\/v2\/media\/954"}],"wp:attachment":[{"href":"https:\/\/www.massageandlife.eu\/index.php\/wp-json\/wp\/v2\/media?parent=358"}],"curies":[{"name":"wp","href":"https:\/\/api.w.org\/{rel}","templated":true}]}}