{"id":487,"date":"2021-05-24T19:26:44","date_gmt":"2021-05-24T17:26:44","guid":{"rendered":"https:\/\/www.massageandlife.eu\/?page_id=487"},"modified":"2026-04-15T13:50:47","modified_gmt":"2026-04-15T11:50:47","slug":"parcours-de-coaching","status":"publish","type":"page","link":"https:\/\/www.massageandlife.eu\/index.php\/parcours-de-coaching\/","title":{"rendered":"Parcours de coaching pour femmes"},"content":{"rendered":"\n<p class=\"has-text-align-center has-text-color\" style=\"color:#25557b;font-size:45px\"><strong>Se  retrouver \u2013 accompagnement individuel pour femmes en reconstruction<\/strong><\/p>\n\n\n\n<p class=\"has-text-align-center has-text-color\" style=\"color:#25557b;font-size:43px\"><strong>\ud83c\udf3f<strong>Ma vie, ma voix, ma v\u00e9rit\u00e9 <\/strong><\/strong>&#8211; <strong>Un voyage de transformation au f\u00e9minin<\/strong><\/p>\n\n\n\n<p class=\"has-text-color\" style=\"color:#25557b;font-size:20px;font-style:italic;font-weight:400\">Et si cet \u00e9v\u00e8nement que tu as v\u00e9cu\u2026<br>n\u2019\u00e9tait pas une fin, mais un passage ?<\/p>\n\n\n\n<p class=\"has-text-align-center has-text-color\" style=\"color:#25557b;font-size:20px;font-style:italic;font-weight:400\"><strong>Tout \u00e9v\u00e8nement dans ta vie peut devenir un tremplin.<\/strong><\/p>\n\n\n\n<p class=\"has-text-color\" style=\"color:#25557b;font-size:20px;font-style:italic;font-weight:400\">J\u2019accompagne les femmes qui se sentent bloqu\u00e9es, perdues ou d\u00e9connect\u00e9es d\u2019elles-m\u00eames \u2014 parfois apr\u00e8s un \u00e9v\u00e8nement marquant ou traumatisant \u2014 \u00e0 <strong>se retrouver, se r\u00e9approprier leur corps et leur voix, et reconstruire une vie qui a du sens pour elles.<\/strong> Ici, <strong>TOUT PART DE TOI.<\/strong><\/p>\n\n\n\n<p class=\"has-text-align-center has-text-color has-large-font-size\" style=\"color:#3feae4\"><strong><em>Ose te choisir et deviens la femme que tu es<\/em><\/strong> <strong><em>&amp; cr\u00e9e une vie qui te ressemble et t\u2019inspire<\/em><\/strong><\/p>\n\n\n<div class=\"wp-block-image\">\n<figure class=\"aligncenter size-full is-resized\"><img loading=\"lazy\" decoding=\"async\" width=\"657\" height=\"478\" src=\"http:\/\/www.massageandlife.eu\/wp-content\/uploads\/2025\/06\/image.png\" alt=\"\" class=\"wp-image-2073\" style=\"aspect-ratio:1.3744769874476988;width:555px;height:auto\" srcset=\"https:\/\/www.massageandlife.eu\/wp-content\/uploads\/2025\/06\/image.png 657w, https:\/\/www.massageandlife.eu\/wp-content\/uploads\/2025\/06\/image-300x218.png 300w\" sizes=\"auto, (max-width: 657px) 100vw, 657px\" \/><\/figure>\n<\/div>\n\n\n<p class=\"has-text-align-center has-text-color\" style=\"color:#25557b;font-size:45px\"><strong>\u2728 <em>Et si tu te choisissais enfin ?<\/em><\/strong><\/p>\n\n\n\n<p class=\"has-text-color has-medium-font-size\" style=\"color:#25557b\">Tu veux te lever chaque matin avec enthousiasme pour vivre une vie qui te ressemble profond\u00e9ment ? \u2728 J\u2019ai cr\u00e9\u00e9 pour toi un parcours immersif, doux, puissant et profond\u00e9ment transformateur :<\/p>\n\n\n\n<p class=\"has-text-align-center has-text-color has-medium-font-size\" style=\"color:#25557b\">\ud83c\udf08 Cr\u00e9er une vie qui fait sens pour toi, \u00e0 partir de tes r\u00eaves les plus profonds \ud83c\udf08<\/p>\n\n\n\n<p class=\"has-text-align-center has-text-color has-medium-font-size\" style=\"color:#25557b\">\ud83d\udcab Retrouver ta v\u00e9rit\u00e9, ton \u00e9lan, ta direction \ud83d\udcab<\/p>\n\n\n\n<p class=\"has-text-align-center has-text-color has-medium-font-size\" style=\"color:#25557b\">\ud83e\udd0d Mieux te conna\u00eetre, te reconnecter \u00e0 ta vraie nature , revenir dans ton corps en douceur\ud83e\udd0d<\/p>\n\n\n\n<p class=\"has-text-align-center has-text-color has-medium-font-size\" style=\"color:#25557b\">\u2728 Oser t\u2019exprimer et lib\u00e9rer tes \u00e9lans cr\u00e9atifs,  lib\u00e9rer ce qui est rest\u00e9 bloqu\u00e9 \u2728<\/p>\n\n\n\n<p class=\"has-text-align-center has-text-color has-medium-font-size\" style=\"color:#25557b\">\ud83c\udf3f Apaiser ton syst\u00e8me int\u00e9rieur \ud83c\udf3f<\/p>\n\n\n\n<p class=\"has-text-align-center has-text-color has-medium-font-size\" style=\"color:#25557b\">\ud83d\udcaa Te sentir confiante, align\u00e9e et affirm\u00e9e \ud83d\udcaa <br><\/p>\n\n\n\n<p class=\"has-text-color\" style=\"color:#25557b;font-size:20px;font-style:italic;font-weight:400\">Chaque s\u00e9ance est <strong>unique et enti\u00e8rement adapt\u00e9e \u00e0 ton rythme<\/strong>, \u00e0 ton histoire et \u00e0 ce que tu es pr\u00eate \u00e0 traverser.<\/p>\n\n\n\n<p class=\"has-text-align-center has-text-color\" style=\"color:#25557b;font-size:30px;font-style:italic;font-weight:400\"><strong>Un coaching de vie in\u00e9dit incorporant en son sein les aspects psychocorporels<\/strong><\/p>\n\n\n<div class=\"wp-block-image\">\n<figure class=\"aligncenter size-full\"><img loading=\"lazy\" decoding=\"async\" width=\"646\" height=\"561\" src=\"https:\/\/www.massageandlife.eu\/wp-content\/uploads\/2025\/06\/image-2.png\" alt=\"\" class=\"wp-image-2089\" srcset=\"https:\/\/www.massageandlife.eu\/wp-content\/uploads\/2025\/06\/image-2.png 646w, https:\/\/www.massageandlife.eu\/wp-content\/uploads\/2025\/06\/image-2-300x261.png 300w\" sizes=\"auto, (max-width: 646px) 100vw, 646px\" \/><\/figure>\n<\/div>\n\n\n<p class=\"has-text-color has-medium-font-size\" style=\"color:#25557b\"><strong>Entre psychologie, soins du corps, sonoth\u00e9rapie et coaching<\/strong>, tu b\u00e9n\u00e9ficies d\u2019un accompagnement profond, doux et puissant pour transformer ta vie de l\u2019int\u00e9rieur. \ud83d\udc49 Ici, le corps et la parole se rejoignent pour permettre une transformation en profondeur, sans forcer.<\/p>\n\n\n\n<ul class=\"wp-block-list\">\n<li class=\"has-text-color has-medium-font-size\" style=\"color:#25557b\"><strong>Un programme unique<\/strong> construit pour toi selon tes besoins et ta situation<\/li>\n\n\n\n<li class=\"has-text-color has-medium-font-size\" style=\"color:#25557b\"><strong>Des ateliers pratiques<\/strong><\/li>\n\n\n\n<li class=\"has-text-color has-medium-font-size\" style=\"color:#25557b\"><strong>Des exercices puissants<\/strong> \u00e0 faire \u00e0 la maison de coaching, d&rsquo;\u00e9coute de ton corps<\/li>\n\n\n\n<li class=\"has-text-color has-medium-font-size\" style=\"color:#25557b\"><strong>Des temps d\u2019\u00e9change<\/strong> via Whatsapp quand tu bloques<\/li>\n<\/ul>\n\n\n\n<p class=\"has-text-color has-medium-font-size\" style=\"color:#25557b\">\ud83d\udcac <strong><em>\u00ab\u00a0Ce n\u2019est pas juste un parcours \u2026 c\u2019est une aventure humaine, une reconnexion \u00e0 soi et aux autres.\u00a0\u00bb<\/em><\/strong><\/p>\n\n\n<div class=\"wp-block-image\">\n<figure class=\"aligncenter size-full\"><img loading=\"lazy\" decoding=\"async\" width=\"624\" height=\"530\" src=\"https:\/\/www.massageandlife.eu\/wp-content\/uploads\/2025\/06\/image-6.png\" alt=\"\" class=\"wp-image-2096\" srcset=\"https:\/\/www.massageandlife.eu\/wp-content\/uploads\/2025\/06\/image-6.png 624w, https:\/\/www.massageandlife.eu\/wp-content\/uploads\/2025\/06\/image-6-300x255.png 300w\" sizes=\"auto, (max-width: 624px) 100vw, 624px\" \/><\/figure>\n<\/div>\n\n\n<div class=\"wp-block-buttons is-layout-flex wp-block-buttons-is-layout-flex\">\n<div class=\"wp-block-button\"><a class=\"wp-block-button__link has-white-color has-white-background-color has-text-color has-background wp-element-button\">XXX<\/a><\/div>\n<\/div>\n\n\n\n<p class=\"has-text-color\" style=\"color:#3feae4;font-size:45px\"><strong>\ud83d\udc96 Le Parcours de coaching<\/strong> adapt\u00e9 \u00e0 toi<\/p>\n\n\n\n<p class=\"has-text-color has-link-color wp-elements-027d6e9c35f7e31555fe70dec0ee462f\" style=\"color:#25557b\">Je m\u2019inspire d\u2019un chemin en 6 \u00e9tapes, que nous traversons ensemble \u00e0 ton rythme :<\/p>\n\n\n\n<p class=\"has-text-align-center has-text-color has-medium-font-size\" style=\"color:#25557b\"><strong>1 :<\/strong> <span><b>Qui suis-je, vraiment &nbsp;? <\/b><em style=\"\"><strong style=\"font-weight: bold;\">\ud83c\udf3a<\/strong><\/em><\/span> <strong>Me retrouver<\/strong> <\/p>\n\n\n\n<p class=\"has-text-align-center has-text-color has-medium-font-size\" style=\"color:#25557b\">revenir \u00e0 moi en s\u00e9curit\u00e9<\/p>\n\n\n\n<p class=\"has-text-align-center has-text-color has-medium-font-size\" style=\"color:#25557b\"><strong>2 : Mon corps, mon alli\u00e9 <\/strong>\ud83c\udf3a&nbsp;<strong>&nbsp;Me reconnecter \u00e0 mon corps<\/strong> <\/p>\n\n\n\n<p class=\"has-text-align-center has-text-color has-medium-font-size\" style=\"color:#25557b\">retrouver un ancrage et un sentiment de s\u00e9curit\u00e9<\/p>\n\n\n\n<p class=\"has-text-align-center has-text-color has-medium-font-size\" style=\"color:#25557b\"><strong>3 : Mes \u00e9motions, ma boussole<\/strong> \ud83c\udf3a <strong>Accueillir mes \u00e9motions <\/strong><\/p>\n\n\n\n<p class=\"has-text-align-center has-text-color has-medium-font-size\" style=\"color:#25557b\">lib\u00e9rer en douceur ce qui demande \u00e0 l\u2019\u00eatre<\/p>\n\n\n\n<p class=\"has-text-align-center has-text-color has-medium-font-size\" style=\"color:#25557b\"><strong>Module 4 : Ma voix, mon expression \ud83c\udf3a<\/strong> <strong>Retrouver sa voix<\/strong> <\/p>\n\n\n\n<p class=\"has-text-align-center has-text-color has-medium-font-size\" style=\"color:#25557b\">oser s\u2019exprimer, poser ses limites, exister<\/p>\n\n\n\n<p class=\"has-text-align-center has-text-color has-medium-font-size\" style=\"color:#25557b\"><strong>Module 5 : Je cr\u00e9e \u00e0 partir de mon essence<\/strong> \ud83c\udf3a <strong>Redonner du sens \u00e0 sa vie<\/strong> <\/p>\n\n\n\n<p class=\"has-text-align-center has-text-color has-medium-font-size\" style=\"color:#25557b\">retrouver une direction align\u00e9e<\/p>\n\n\n\n<p class=\"has-text-align-center has-text-color has-medium-font-size\" style=\"color:#25557b\"><strong>Module 6 : Je me choisis<\/strong> \ud83c\udf3a <strong>Se choisir pleinement<\/strong> <\/p>\n\n\n\n<p class=\"has-text-align-center has-text-color has-medium-font-size\" style=\"color:#25557b\"> incarner qui tu es aujourd\u2019hui<\/p>\n\n\n\n<div class=\"wp-block-buttons is-layout-flex wp-block-buttons-is-layout-flex\">\n<div class=\"wp-block-button\"><a class=\"wp-block-button__link has-white-color has-white-background-color has-text-color has-background wp-element-button\">XXX<\/a><\/div>\n<\/div>\n\n\n\n<p class=\"has-text-align-center has-text-color\" style=\"color:#25557b;font-size:34px\"><strong>\ud83c\udfaf<\/strong> <em>P<strong>our les femmes pr\u00eates \u00e0 s\u2019aligner, <\/strong><\/em><\/p>\n\n\n\n<p class=\"has-text-align-center has-text-color\" style=\"color:#25557b;font-size:34px\"><em><strong>se r\u00e9v\u00e9ler et cr\u00e9er une vie qui a du sens<\/strong><\/em><\/p>\n\n\n\n<p class=\"has-text-color has-medium-font-size\" style=\"color:#25557b\"><\/p>\n\n\n\n<div class=\"wp-block-columns are-vertically-aligned-center is-layout-flex wp-container-core-columns-is-layout-9d6595d7 wp-block-columns-is-layout-flex\">\n<div class=\"wp-block-column is-vertically-aligned-center is-layout-flow wp-block-column-is-layout-flow\" style=\"flex-basis:33.33%\">\n<p class=\"has-text-color has-medium-font-size\" style=\"color:#25557b\"><strong>\ud83d\udc96 Pour qui ?<\/strong><\/p>\n\n\n\n<p class=\"has-text-color has-medium-font-size\" style=\"color:#25557b\">Cet accompagnement est pour toi si :<\/p>\n\n\n\n<ul class=\"wp-block-list\">\n<li class=\"has-text-color has-medium-font-size\" style=\"color:#25557b\">Tu te sens bloqu\u00e9e apr\u00e8s un \u00e9v\u00e8nement difficile ou marquant<\/li>\n\n\n\n<li class=\"has-text-color has-medium-font-size\" style=\"color:#25557b\">Tu es d\u00e9connect\u00e9e de ton corps ou de tes \u00e9motions<\/li>\n\n\n\n<li class=\"has-text-color has-medium-font-size\" style=\"color:#25557b\">Tu manques de confiance ou de clart\u00e9<\/li>\n\n\n\n<li class=\"has-text-color has-medium-font-size\" style=\"color:#25557b\">Tu sens qu\u2019il est temps de te choisir<\/li>\n<\/ul>\n<\/div>\n\n\n\n<div class=\"wp-block-column is-vertically-aligned-center is-layout-flow wp-block-column-is-layout-flow\" style=\"flex-basis:66.66%\"><div class=\"wp-block-image\">\n<figure class=\"aligncenter size-full\"><img loading=\"lazy\" decoding=\"async\" width=\"1000\" height=\"443\" src=\"https:\/\/www.massageandlife.eu\/wp-content\/uploads\/2025\/06\/image-3.png\" alt=\"\" class=\"wp-image-2090\" srcset=\"https:\/\/www.massageandlife.eu\/wp-content\/uploads\/2025\/06\/image-3.png 1000w, https:\/\/www.massageandlife.eu\/wp-content\/uploads\/2025\/06\/image-3-300x133.png 300w, https:\/\/www.massageandlife.eu\/wp-content\/uploads\/2025\/06\/image-3-768x340.png 768w\" sizes=\"auto, (max-width: 1000px) 100vw, 1000px\" \/><\/figure>\n<\/div><\/div>\n<\/div>\n\n\n\n<p class=\"has-text-color\" style=\"color:#25557b;font-size:30px\">\ud83d\udccc<strong>Format<\/strong> :<\/p>\n\n\n\n<p class=\"has-text-color has-medium-font-size\" style=\"color:#25557b\"><\/p>\n\n\n\n<ul class=\"wp-block-list\">\n<li class=\"has-text-color has-medium-font-size\" style=\"color:#25557b\"><strong>Dur\u00e9e<\/strong> : <em>6 mois<\/em><\/li>\n\n\n\n<li class=\"has-text-color has-medium-font-size\" style=\"color:#25557b\"><strong>Format<\/strong> : <em>accompagnement individuel s\u00e9ances personnalis\u00e9es <\/em><\/li>\n\n\n\n<li class=\"has-text-color has-medium-font-size\" style=\"color:#25557b\"><strong>Lieu <\/strong>: <em>en ligne et\/ou en pr\u00e9sentiel selon le programme construit ensemble<\/em><\/li>\n\n\n\n<li class=\"has-text-color has-medium-font-size\" style=\"color:#25557b\"><strong>Fr\u00e9quence des s\u00e9ances<\/strong> :<em> toutes les 2 semaines<\/em><\/li>\n\n\n\n<li class=\"has-text-color has-medium-font-size\" style=\"color:#25557b\"><strong>Dur\u00e9e s\u00e9ance <\/strong>: <em>1h15 <\/em><\/li>\n\n\n\n<li class=\"has-text-color has-medium-font-size\" style=\"color:#25557b\"><strong>Agenda<\/strong> : <em>possibilit\u00e9 de rendez-vous sur le temps de midi ou en soir\u00e9e (uniquement s\u00e9ance on line)<\/em><\/li>\n<\/ul>\n\n\n\n<p class=\"has-text-color\" style=\"color:#25557b;font-size:30px\"><strong>\u2728 Et si tu faisais ce premier pas ?<\/strong><\/p>\n\n\n\n<p class=\"has-text-color has-medium-font-size\" style=\"color:#25557b\">Tu n\u2019as pas besoin d\u2019aller vite.<br>Tu as juste besoin de commencer.<\/p>\n\n\n\n<p class=\"has-text-color has-medium-font-size\" style=\"color:#25557b\">\ud83d\udce9 Me contacter pour un appel d\u00e9couverte<\/p>\n\n\n\n<p class=\"has-text-color\" style=\"color:#25557b;font-size:30px\"><br>\ud83d\udce9<strong> Infos <\/strong> : <\/p>\n\n\n\n<div data-wp-interactive=\"core\/file\" class=\"wp-block-file aligncenter\"><object data-wp-bind--hidden=\"!state.hasPdfPreview\" hidden class=\"wp-block-file__embed\" data=\"https:\/\/www.massageandlife.eu\/wp-content\/uploads\/2026\/04\/Massage-and-Life-_-Ma-vie-ma-voix-ma-verite-un-parcours-personnalise-de-coaching-transformationnel.pdf\" type=\"application\/pdf\" style=\"width:100%;height:300px\" aria-label=\"Contenu embarqu\u00e9 Massage and Life _ Ma vie, ma voix, ma v\u00e9rit\u00e9 - un parcours personnalis\u00e9 de coaching transformationnel.\"><\/object><a id=\"wp-block-file--media-672de44b-8965-42a6-aafa-0435b01da909\" href=\"https:\/\/www.massageandlife.eu\/wp-content\/uploads\/2026\/04\/Massage-and-Life-_-Ma-vie-ma-voix-ma-verite-un-parcours-personnalise-de-coaching-transformationnel.pdf\" target=\"_blank\" rel=\"noreferrer noopener\">Massage and Life _ Ma vie, ma voix, ma v\u00e9rit\u00e9 &#8211; un parcours personnalis\u00e9 de coaching transformationnel<\/a><a href=\"https:\/\/www.massageandlife.eu\/wp-content\/uploads\/2026\/04\/Massage-and-Life-_-Ma-vie-ma-voix-ma-verite-un-parcours-personnalise-de-coaching-transformationnel.pdf\" class=\"wp-block-file__button wp-element-button\" download aria-describedby=\"wp-block-file--media-672de44b-8965-42a6-aafa-0435b01da909\">T\u00e9l\u00e9charger<\/a><\/div>\n\n\n\n<div class=\"wp-block-buttons is-layout-flex wp-block-buttons-is-layout-flex\">\n<div class=\"wp-block-button\"><a class=\"wp-block-button__link has-white-color has-white-background-color has-text-color has-background wp-element-button\">XXX<\/a><\/div>\n<\/div>\n\n\n\n<p class=\"has-text-color\" style=\"color:#25557b;font-size:30px\"><br>\ud83d\udce9<strong> Inscriptions<\/strong> : <\/p>\n\n\n\n<div data-wp-interactive=\"core\/file\" class=\"wp-block-file aligncenter\"><object data-wp-bind--hidden=\"!state.hasPdfPreview\" hidden class=\"wp-block-file__embed\" data=\"https:\/\/www.massageandlife.eu\/wp-content\/uploads\/2025\/07\/Massage-and-Life-_-Formulaire-_-Inscription-_-Parcours-de-coaching.pdf\" type=\"application\/pdf\" style=\"width:100%;height:300px\" aria-label=\"Contenu embarqu\u00e9 Massage-and-Life-_-Formulaire-_-Inscription-_-Parcours-de-coaching.\"><\/object><a id=\"wp-block-file--media-f94e9d55-5dd7-4d5e-8322-b22151a8009a\" href=\"https:\/\/www.massageandlife.eu\/wp-content\/uploads\/2025\/07\/Massage-and-Life-_-Formulaire-_-Inscription-_-Parcours-de-coaching.pdf\" target=\"_blank\" rel=\"noreferrer noopener\">Massage-and-Life-_-Formulaire-_-Inscription-_-Parcours-de-coaching<\/a><a href=\"https:\/\/www.massageandlife.eu\/wp-content\/uploads\/2025\/07\/Massage-and-Life-_-Formulaire-_-Inscription-_-Parcours-de-coaching.pdf\" class=\"wp-block-file__button wp-element-button\" download aria-describedby=\"wp-block-file--media-f94e9d55-5dd7-4d5e-8322-b22151a8009a\">T\u00e9l\u00e9charger<\/a><\/div>\n\n\n\n<p><\/p>\n\n\n\n<div class=\"wp-block-buttons is-layout-flex wp-block-buttons-is-layout-flex\">\n<div class=\"wp-block-button\"><a class=\"wp-block-button__link has-white-color has-white-background-color has-text-color has-background wp-element-button\">XXX<\/a><\/div>\n<\/div>\n\n\n\n<p class=\"has-text-color\" style=\"color:#25557b\"><\/p>\n\n\n\n<div class=\"wp-block-buttons is-layout-flex wp-block-buttons-is-layout-flex\">\n<div class=\"wp-block-button\"><a class=\"wp-block-button__link has-white-color has-white-background-color has-text-color has-background wp-element-button\">XXX<\/a><\/div>\n<\/div>\n\n\n\n<div class=\"wp-block-group\"><div class=\"wp-block-group__inner-container is-layout-constrained wp-block-group-is-layout-constrained\">\n<div class=\"wp-block-buttons is-horizontal is-content-justification-center is-layout-flex wp-container-core-buttons-is-layout-499968f5 wp-block-buttons-is-layout-flex\">\n<div class=\"wp-block-button\"><a class=\"wp-block-button__link has-background has-medium-font-size has-custom-font-size wp-element-button\" href=\"http:\/\/www.massageandlife.eu\/index.php\/contact\/\" style=\"background-color:#3feae4\"><strong>Me contacter<\/strong><\/a><\/div>\n<\/div>\n\n\n\n<div class=\"wp-block-buttons is-layout-flex wp-block-buttons-is-layout-flex\">\n<div class=\"wp-block-button\"><a class=\"wp-block-button__link has-white-color has-white-background-color has-text-color has-background wp-element-button\">XXX<\/a><\/div>\n<\/div>\n<\/div><\/div>\n\n\n\n<p class=\"has-text-color has-medium-font-size\" style=\"color:#25557b\"><strong><em>A tout bient\u00f4t, B\u00e9n\u00e9dicte.<\/em><\/strong><br><em>Massage, Voice &amp; Sound for a meaningful life.<\/em> <em>Woman in awareness.<\/em><\/p>\n\n\n<div class=\"wp-block-image\">\n<figure class=\"aligncenter size-full is-resized\"><img loading=\"lazy\" decoding=\"async\" width=\"1000\" height=\"335\" src=\"https:\/\/www.massageandlife.eu\/wp-content\/uploads\/2025\/06\/image-5.png\" alt=\"\" class=\"wp-image-2092\" style=\"aspect-ratio:2.985074626865672;width:840px;height:auto\" srcset=\"https:\/\/www.massageandlife.eu\/wp-content\/uploads\/2025\/06\/image-5.png 1000w, https:\/\/www.massageandlife.eu\/wp-content\/uploads\/2025\/06\/image-5-300x101.png 300w, https:\/\/www.massageandlife.eu\/wp-content\/uploads\/2025\/06\/image-5-768x257.png 768w\" sizes=\"auto, (max-width: 1000px) 100vw, 1000px\" \/><\/figure>\n<\/div>","protected":false},"excerpt":{"rendered":"<p>Se retrouver \u2013 accompagnement individuel pour femmes en reconstruction \ud83c\udf3fMa vie, ma voix, ma v\u00e9rit\u00e9 &#8211; Un voyage de transformation au f\u00e9minin Et si cet \u00e9v\u00e8nement que tu as v\u00e9cu\u2026n\u2019\u00e9tait pas une fin, mais un passage ? Tout \u00e9v\u00e8nement dans ta vie peut devenir un tremplin. J\u2019accompagne les femmes qui se sentent bloqu\u00e9es, perdues ou [&hellip;]<\/p>\n","protected":false},"author":1,"featured_media":0,"parent":0,"menu_order":1,"comment_status":"closed","ping_status":"closed","template":"","meta":{"footnotes":""},"class_list":["post-487","page","type-page","status-publish","hentry","entry"],"_links":{"self":[{"href":"https:\/\/www.massageandlife.eu\/index.php\/wp-json\/wp\/v2\/pages\/487","targetHints":{"allow":["GET"]}}],"collection":[{"href":"https:\/\/www.massageandlife.eu\/index.php\/wp-json\/wp\/v2\/pages"}],"about":[{"href":"https:\/\/www.massageandlife.eu\/index.php\/wp-json\/wp\/v2\/types\/page"}],"author":[{"embeddable":true,"href":"https:\/\/www.massageandlife.eu\/index.php\/wp-json\/wp\/v2\/users\/1"}],"replies":[{"embeddable":true,"href":"https:\/\/www.massageandlife.eu\/index.php\/wp-json\/wp\/v2\/comments?post=487"}],"version-history":[{"count":66,"href":"https:\/\/www.massageandlife.eu\/index.php\/wp-json\/wp\/v2\/pages\/487\/revisions"}],"predecessor-version":[{"id":2812,"href":"https:\/\/www.massageandlife.eu\/index.php\/wp-json\/wp\/v2\/pages\/487\/revisions\/2812"}],"wp:attachment":[{"href":"https:\/\/www.massageandlife.eu\/index.php\/wp-json\/wp\/v2\/media?parent=487"}],"curies":[{"name":"wp","href":"https:\/\/api.w.org\/{rel}","templated":true}]}}