{"id":880,"date":"2023-07-21T14:14:24","date_gmt":"2023-07-21T12:14:24","guid":{"rendered":"https:\/\/www.massageandlife.eu\/?page_id=880"},"modified":"2025-11-04T23:06:28","modified_gmt":"2025-11-04T22:06:28","slug":"bols-chantants","status":"publish","type":"page","link":"https:\/\/www.massageandlife.eu\/index.php\/massages\/massages-sonores\/bols-chantants\/","title":{"rendered":"Bols chantants"},"content":{"rendered":"\n<p class=\"has-text-align-center has-text-color\" style=\"color:#25557b;font-size:24px\"><em><strong><span style=\"background-color:rgba(0, 0, 0, 0);color:#3feae4\" class=\"has-inline-color\">L&rsquo;exp\u00e9rience unique et &nbsp;magique d&rsquo;un<\/span>&nbsp;<span style=\"background-color:rgba(0, 0, 0, 0);color:#3feae4\" class=\"has-inline-color\">voyage int\u00e9rieur<\/span><\/strong><\/em><\/p>\n\n\n\n<div class=\"wp-block-buttons is-layout-flex wp-block-buttons-is-layout-flex\">\n<div class=\"wp-block-button\"><a class=\"wp-block-button__link has-white-color has-white-background-color has-text-color has-background wp-element-button\">XXX<\/a><\/div>\n<\/div>\n\n\n\n<div class=\"wp-block-columns are-vertically-aligned-center is-layout-flex wp-container-core-columns-is-layout-9d6595d7 wp-block-columns-is-layout-flex\">\n<div class=\"wp-block-column is-vertically-aligned-center is-layout-flow wp-block-column-is-layout-flow\" style=\"flex-basis:100%\">\n<div class=\"wp-block-columns is-layout-flex wp-container-core-columns-is-layout-9d6595d7 wp-block-columns-is-layout-flex\">\n<div class=\"wp-block-column is-vertically-aligned-center is-layout-flow wp-block-column-is-layout-flow\"><div class=\"wp-block-image is-style-rounded\">\n<figure class=\"aligncenter size-full is-resized\"><img loading=\"lazy\" decoding=\"async\" width=\"750\" height=\"562\" src=\"http:\/\/www.massageandlife.eu\/wp-content\/uploads\/2023\/09\/Massage_And\u00b0Life_Massage_Sonore_Bols_Tibetains.jpg\" alt=\"\" class=\"wp-image-1634\" style=\"object-fit:cover;width:600px;height:450px\" srcset=\"https:\/\/www.massageandlife.eu\/wp-content\/uploads\/2023\/09\/Massage_And\u00b0Life_Massage_Sonore_Bols_Tibetains.jpg 750w, https:\/\/www.massageandlife.eu\/wp-content\/uploads\/2023\/09\/Massage_And\u00b0Life_Massage_Sonore_Bols_Tibetains-300x225.jpg 300w\" sizes=\"auto, (max-width: 750px) 100vw, 750px\" \/><\/figure>\n<\/div><\/div>\n\n\n\n<div class=\"wp-block-column is-layout-flow wp-block-column-is-layout-flow\">\n<p class=\"has-text-color has-medium-font-size\" style=\"color:#25557b\"><strong><em><span style=\"background-color:rgba(0, 0, 0, 0);color:#3feae4\" class=\"has-inline-color\">Le massage aux bols chantants <\/span><\/em><\/strong>vous procure un <strong>moment d&rsquo;introspection avec votre \u00eatre int\u00e9rieur. <\/strong>Tout au long du massage, les sons vibratoires des bols vous bercent&nbsp;relaxation profonde.  Les vibrations des diff\u00e9rents sons procurent de nombreux bienfaits.<\/p>\n\n\n\n<ul class=\"wp-block-list\" id=\"block-ec0a6634-e0b0-4371-94e5-1c01810217b0\" style=\"font-size:18px\">\n<li class=\"has-medium-font-size\" style=\"color:#25557b\"><strong>lib\u00e9ration <\/strong>\n<ul class=\"wp-block-list\">\n<li class=\"has-medium-font-size\" style=\"color:#25557b\">diminution nette des tensions, douleurs corporelles jusqu&rsquo;\u00e0 leur disparition<\/li>\n\n\n\n<li class=\"has-medium-font-size\" style=\"color:#25557b\">lib\u00e9ration du stress, des tensions et des blocages du quotidien<\/li>\n<\/ul>\n<\/li>\n\n\n\n<li class=\"has-medium-font-size\" style=\"color:#25557b\"><strong>harmonisation <\/strong>\n<ul class=\"wp-block-list\">\n<li class=\"has-medium-font-size\" style=\"color:#25557b\">harmonisation cellulaire par vibration<\/li>\n\n\n\n<li class=\"has-medium-font-size\" style=\"color:#25557b\">harmonisation de votre corps et de votre esprit et r\u00e9unification<\/li>\n<\/ul>\n<\/li>\n\n\n\n<li class=\"has-medium-font-size\" style=\"color:#25557b\"><strong>stimulation et renforcement des d\u00e9fenses naturelles<\/strong><\/li>\n\n\n\n<li class=\"has-medium-font-size\" style=\"color:#25557b\"><strong>rencontre de son \u00eatre int\u00e9rieur<\/strong>\n<ul class=\"wp-block-list\">\n<li class=\"has-medium-font-size\" style=\"color:#25557b\">aide \u00e0 l\u00e2cher prise<\/li>\n\n\n\n<li class=\"has-medium-font-size\" style=\"color:#25557b\">d\u00e9veloppement et renforcement de la joie de vivre<\/li>\n\n\n\n<li class=\"has-medium-font-size\" style=\"color:#25557b\">d\u00e9veloppement du pouvoir cr\u00e9atif<\/li>\n<\/ul>\n<\/li>\n\n\n\n<li class=\"has-medium-font-size\" style=\"color:#25557b\"><strong>alignement de vos chakras <\/strong><\/li>\n<\/ul>\n<\/div>\n<\/div>\n<\/div>\n<\/div>\n\n\n\n<div class=\"wp-block-buttons is-layout-flex wp-block-buttons-is-layout-flex\">\n<div class=\"wp-block-button\"><a class=\"wp-block-button__link has-white-color has-white-background-color has-text-color has-background wp-element-button\">XXX<\/a><\/div>\n<\/div>\n\n\n\n<p class=\"has-text-color has-medium-font-size\" style=\"color:#25557b\">Les bols&nbsp; \u2018Peter Hess\u2019, de qualit\u00e9 th\u00e9rapeutique,&nbsp;que j\u2019utilise&nbsp;sont compos\u00e9s de 12 m\u00e9taux \u00e9mettant des vibrations sp\u00e9cifiques. Ils offrent des spectres de fr\u00e9quences correspondant aux diff\u00e9rents organes du corps. Les bols tib\u00e9tains sont utilis\u00e9s en Asie depuis plus de 5.000 ans dans l\u2019art de la gu\u00e9rison.&nbsp;Dans les&nbsp;monast\u00e8res au Tibet et au N\u00e9pal, l\u2019\u00eatre humain est consid\u00e9r\u00e9 comme un son, qui a sa propre fr\u00e9quence sonore.&nbsp;<\/p>\n\n\n\n<p class=\"has-text-color has-medium-font-size\" style=\"color:#25557b\">Le massage sonore chantant au bol tib\u00e9tain peut \u00eatre&nbsp;pratiqu\u00e9 dans de nombreuses situations \u00e0 titre&nbsp;<strong><span style=\"background-color:rgba(0, 0, 0, 0);color:#3feae4\" class=\"has-inline-color\">pr\u00e9ventif<\/span><\/strong>&nbsp;et aussi, \u00e0 vis\u00e9e&nbsp;de&nbsp;<strong><span style=\"background-color:rgba(0, 0, 0, 0);color:#3feae4\" class=\"has-inline-color\">gu\u00e9rison<\/span><\/strong>.<\/p>\n\n\n\n<p class=\"has-text-color has-medium-font-size\" style=\"color:#25557b\">N&rsquo;h\u00e9sitez pas \u00e0 me contacter pour de plus amples informations. A tout bient\u00f4t, B\u00e9n\u00e9dicte.<\/p>\n\n\n\n<div class=\"wp-block-buttons is-layout-flex wp-block-buttons-is-layout-flex\">\n<div class=\"wp-block-button\"><a class=\"wp-block-button__link has-white-color has-white-background-color has-text-color has-background wp-element-button\">XXX<\/a><\/div>\n<\/div>\n\n\n\n<div class=\"wp-block-group\"><div class=\"wp-block-group__inner-container is-layout-constrained wp-block-group-is-layout-constrained\">\n<div class=\"wp-block-group\"><div class=\"wp-block-group__inner-container is-layout-constrained wp-block-group-is-layout-constrained\">\n<div class=\"wp-block-columns is-layout-flex wp-container-core-columns-is-layout-9d6595d7 wp-block-columns-is-layout-flex\">\n<div class=\"wp-block-column is-layout-flow wp-block-column-is-layout-flow\">\n<div class=\"wp-block-buttons alignwide is-content-justification-center is-layout-flex wp-container-core-buttons-is-layout-16018d1d wp-block-buttons-is-layout-flex\">\n<div class=\"wp-block-button\"><a class=\"wp-block-button__link has-background has-text-align-center wp-element-button\" href=\"https:\/\/www.massageandlife.eu\/index.php\/informations\/infos-consultations\/\" style=\"background-color:#3feae4\"><strong>Infos pratiques<\/strong><\/a><\/div>\n<\/div>\n<\/div>\n\n\n\n<div class=\"wp-block-column is-layout-flow wp-block-column-is-layout-flow\">\n<div class=\"wp-block-buttons is-content-justification-center is-layout-flex wp-container-core-buttons-is-layout-16018d1d wp-block-buttons-is-layout-flex\">\n<div class=\"wp-block-button\"><a class=\"wp-block-button__link has-background has-text-align-center wp-element-button\" href=\"http:\/\/www.massageandlife.eu\/index.php\/contact\/\" style=\"background-color:#3feae4\"><strong>Me contacter<\/strong><\/a><\/div>\n<\/div>\n<\/div>\n\n\n\n<div class=\"wp-block-column is-layout-flow wp-block-column-is-layout-flow\">\n<div class=\"wp-block-buttons alignwide is-content-justification-center is-layout-flex wp-container-core-buttons-is-layout-16018d1d wp-block-buttons-is-layout-flex\">\n<div class=\"wp-block-button\"><a class=\"wp-block-button__link has-background has-text-align-center wp-element-button\" href=\"https:\/\/www.massageandlife.eu\/index.php\/rdv-en-ligne\/\" style=\"background-color:#3feae4\"><strong>Prendre RDV en ligne<\/strong><\/a><\/div>\n<\/div>\n<\/div>\n<\/div>\n\n\n\n<div class=\"wp-block-buttons is-layout-flex wp-block-buttons-is-layout-flex\">\n<div class=\"wp-block-button\"><a class=\"wp-block-button__link has-white-color has-white-background-color has-text-color has-background wp-element-button\">XXX<\/a><\/div>\n<\/div>\n<\/div><\/div>\n<\/div><\/div>\n\n\n\n<div class=\"wp-block-buttons is-layout-flex wp-block-buttons-is-layout-flex\">\n<div class=\"wp-block-button\"><a class=\"wp-block-button__link has-white-color has-white-background-color has-text-color has-background wp-element-button\">XXX<\/a><\/div>\n<\/div>\n\n\n\n<p class=\"has-text-color has-medium-font-size\" style=\"color:#25557b;font-style:italic;font-weight:800;text-decoration:underline\"><strong><em>Quelques informations importantes :<\/em><\/strong><\/p>\n\n\n\n<p class=\"has-text-color has-medium-font-size\" style=\"color:#25557b\">Les bols tib\u00e9tains sont contre-indiqu\u00e9s pour<\/p>\n\n\n\n<ul class=\"wp-block-list\" style=\"font-size:18px\">\n<li class=\"has-medium-font-size\" style=\"color:#25557b\">les porteurs de pacemakers<\/li>\n\n\n\n<li class=\"has-medium-font-size\" style=\"color:#25557b\">les personnes ayant une greffe d\u2019organe<\/li>\n\n\n\n<li class=\"has-medium-font-size\" style=\"color:#25557b\">les personnes ayant des proth\u00e8ses diverses (hanche, genou, vis dans le dos,\u2026)<\/li>\n\n\n\n<li class=\"has-medium-font-size\" style=\"color:#25557b\">les personnes atteintes de troubles \u00e9pileptiques<\/li>\n\n\n\n<li class=\"has-medium-font-size\" style=\"color:#25557b\">les personnes souffrant de troubles psychiques graves<\/li>\n<\/ul>\n\n\n\n<p class=\"has-text-color has-medium-font-size\" style=\"color:#25557b\">Par pr\u00e9caution, je ne donne pas de massage sonore aux femmes enceintes de moins de 4 mois ou de plus de 8 mois. Entre le cinqui\u00e8me et le huiti\u00e8me mois, il est possible de recevoir un massage sonore dans le cadre d&rsquo;une grossesse qui se d\u00e9roule bien. Toutefois, je ne d\u00e9pose pas les bols directement sur le ventre de la femme enceinte.<\/p>\n\n\n\n<p class=\"has-text-color has-medium-font-size\" style=\"color:#25557b\"><strong>Pour les informations pratiques<\/strong>, consultez notre page web <a href=\"https:\/\/www.massageandlife.eu\/index.php\/informations\/infos-consultations\/\" target=\"_blank\" rel=\"noreferrer noopener\">infos consultations<\/a>.<\/p>\n","protected":false},"excerpt":{"rendered":"<p>L&rsquo;exp\u00e9rience unique et &nbsp;magique d&rsquo;un&nbsp;voyage int\u00e9rieur Le massage aux bols chantants vous procure un moment d&rsquo;introspection avec votre \u00eatre int\u00e9rieur. Tout au long du massage, les sons vibratoires des bols vous bercent&nbsp;relaxation profonde. Les vibrations des diff\u00e9rents sons procurent de nombreux bienfaits. Les bols&nbsp; \u2018Peter Hess\u2019, de qualit\u00e9 th\u00e9rapeutique,&nbsp;que j\u2019utilise&nbsp;sont compos\u00e9s de 12 m\u00e9taux \u00e9mettant [&hellip;]<\/p>\n","protected":false},"author":1,"featured_media":0,"parent":338,"menu_order":2,"comment_status":"closed","ping_status":"closed","template":"","meta":{"footnotes":""},"class_list":["post-880","page","type-page","status-publish","hentry","entry"],"_links":{"self":[{"href":"https:\/\/www.massageandlife.eu\/index.php\/wp-json\/wp\/v2\/pages\/880","targetHints":{"allow":["GET"]}}],"collection":[{"href":"https:\/\/www.massageandlife.eu\/index.php\/wp-json\/wp\/v2\/pages"}],"about":[{"href":"https:\/\/www.massageandlife.eu\/index.php\/wp-json\/wp\/v2\/types\/page"}],"author":[{"embeddable":true,"href":"https:\/\/www.massageandlife.eu\/index.php\/wp-json\/wp\/v2\/users\/1"}],"replies":[{"embeddable":true,"href":"https:\/\/www.massageandlife.eu\/index.php\/wp-json\/wp\/v2\/comments?post=880"}],"version-history":[{"count":27,"href":"https:\/\/www.massageandlife.eu\/index.php\/wp-json\/wp\/v2\/pages\/880\/revisions"}],"predecessor-version":[{"id":2426,"href":"https:\/\/www.massageandlife.eu\/index.php\/wp-json\/wp\/v2\/pages\/880\/revisions\/2426"}],"up":[{"embeddable":true,"href":"https:\/\/www.massageandlife.eu\/index.php\/wp-json\/wp\/v2\/pages\/338"}],"wp:attachment":[{"href":"https:\/\/www.massageandlife.eu\/index.php\/wp-json\/wp\/v2\/media?parent=880"}],"curies":[{"name":"wp","href":"https:\/\/api.w.org\/{rel}","templated":true}]}}