{"id":893,"date":"2023-07-21T14:47:23","date_gmt":"2023-07-21T12:47:23","guid":{"rendered":"https:\/\/www.massageandlife.eu\/?page_id=893"},"modified":"2026-01-03T16:25:26","modified_gmt":"2026-01-03T15:25:26","slug":"informations","status":"publish","type":"page","link":"https:\/\/www.massageandlife.eu\/index.php\/informations\/","title":{"rendered":"Infos"},"content":{"rendered":"\n<p class=\"has-text-align-center has-text-color has-medium-font-size\" style=\"color:#25557b\"><strong><em>Vous trouverez dans cette rubrique toutes les informations utiles :<\/em><\/strong><\/p>\n\n\n\n<p class=\"has-text-align-center has-text-color has-medium-font-size\" style=\"color:#25557b\"><strong>\u2729<\/strong> <a href=\"https:\/\/www.massageandlife.eu\/index.php\/informations\/rdv-en-ligne\/\">Comment prendre rendez-vous en ligne ?<\/a> <strong>\u2729<\/strong><\/p>\n\n\n\n<p class=\"has-text-align-center has-text-color has-medium-font-size\" style=\"color:#25557b\"><strong>\u272a<\/strong> <a href=\"https:\/\/www.massageandlife.eu\/index.php\/informations\/contact\/\">Comment me contacter ?<\/a> <strong>\u272a<\/strong><\/p>\n\n\n\n<div class=\"wp-block-buttons is-layout-flex wp-block-buttons-is-layout-flex\">\n<div class=\"wp-block-button\"><a class=\"wp-block-button__link has-white-color has-white-background-color has-text-color has-background wp-element-button\">XXX<\/a><\/div>\n<\/div>\n\n\n\n<p class=\"has-text-align-center has-text-color has-medium-font-size\" style=\"color:#25557b\"><em><strong>Et \u00e9galement, quelques informations pratiques sur : <\/strong><\/em><\/p>\n\n\n\n<p class=\"has-text-align-center has-text-color has-medium-font-size\" style=\"color:#25557b\"><strong>\u272b<\/strong> <a href=\"https:\/\/www.massageandlife.eu\/index.php\/informations\/infos-consultations\/\">les consultations<\/a> <strong>\u272b<\/strong><\/p>\n\n\n\n<p class=\"has-text-align-center has-text-color has-medium-font-size\" style=\"color:#25557b\"><strong>\u272b<\/strong> <a href=\"https:\/\/www.massageandlife.eu\/index.php\/informations\/infos-ateliers\/\">les ateliers <\/a><strong>\u272b<\/strong><\/p>\n\n\n\n<p class=\"has-text-align-center has-text-color has-medium-font-size\" style=\"color:#25557b\"><strong>\u272b<\/strong> <a href=\"https:\/\/www.massageandlife.eu\/index.php\/informations\/infos-formations\/\">les formations<\/a> <strong>\u272b<\/strong><\/p>\n\n\n\n<div class=\"wp-block-buttons is-layout-flex wp-block-buttons-is-layout-flex\">\n<div class=\"wp-block-button\"><a class=\"wp-block-button__link has-white-color has-white-background-color has-text-color has-background wp-element-button\">XXX<\/a><\/div>\n<\/div>\n\n\n\n<p class=\"has-text-align-center has-text-color has-medium-font-size\" style=\"color:#25557b\"><em><strong>Et pour finir<\/strong><\/em> :<\/p>\n\n\n\n<p class=\"has-text-align-center has-text-color has-medium-font-size\" style=\"color:#25557b\"><strong>\u272b<\/strong> <a href=\"https:\/\/www.massageandlife.eu\/index.php\/informations\/conditions\/\">les modalit\u00e9s d&rsquo;inscription et de paiement, les conditions d&rsquo;annulation, d&rsquo;interruption, d&rsquo;absence,&#8230; le droit \u00e0 l&rsquo;image, \u00e0 la propri\u00e9t\u00e9 intellectuelle, droit patrimonial et moral <\/a> <strong>\u272b<\/strong><\/p>\n\n\n\n<p class=\"has-text-align-center has-text-color has-medium-font-size\" style=\"color:#25557b\"><strong>\u272b<\/strong> <a href=\"https:\/\/www.massageandlife.eu\/index.php\/informations\/rgpd\/\">le protection de vos donn\u00e9es RGPD<\/a> <strong>\u272b<\/strong><\/p>\n\n\n\n<div class=\"wp-block-buttons is-layout-flex wp-block-buttons-is-layout-flex\">\n<div class=\"wp-block-button\"><a class=\"wp-block-button__link has-white-color has-white-background-color has-text-color has-background wp-element-button\">XXX<\/a><\/div>\n<\/div>\n\n\n\n<p class=\"has-text-color has-medium-font-size\" style=\"color:#25557b\"><strong><em>Au plaisir de vous rencontrer, B\u00e9n\u00e9dicte <\/em><\/strong><\/p>\n\n\n\n<div class=\"wp-block-buttons is-layout-flex wp-block-buttons-is-layout-flex\">\n<div class=\"wp-block-button\"><a class=\"wp-block-button__link has-white-color has-white-background-color has-text-color has-background wp-element-button\">XXX<\/a><\/div>\n<\/div>\n\n\n\n<div class=\"wp-block-group\"><div class=\"wp-block-group__inner-container is-layout-constrained wp-block-group-is-layout-constrained\">\n<div class=\"wp-block-buttons is-horizontal is-content-justification-center is-layout-flex wp-container-core-buttons-is-layout-499968f5 wp-block-buttons-is-layout-flex\">\n<div class=\"wp-block-button has-custom-font-size has-medium-font-size\"><a class=\"wp-block-button__link has-background wp-element-button\" href=\"http:\/\/www.massageandlife.eu\/index.php\/contact\/\" style=\"background-color:#3feae4\"><strong>Me contacter<\/strong><\/a><\/div>\n<\/div>\n\n\n\n<div class=\"wp-block-buttons is-horizontal is-content-justification-center is-layout-flex wp-container-core-buttons-is-layout-499968f5 wp-block-buttons-is-layout-flex\">\n<div class=\"wp-block-button\"><a class=\"wp-block-button__link has-white-background-color has-background wp-element-button\">XXX<\/a><\/div>\n<\/div>\n<\/div><\/div>\n\n\n\n<div class=\"wp-block-buttons is-layout-flex wp-block-buttons-is-layout-flex\">\n<div class=\"wp-block-button\"><a class=\"wp-block-button__link has-white-color has-white-background-color has-text-color has-background wp-element-button\">XXX<\/a><\/div>\n<\/div>\n","protected":false},"excerpt":{"rendered":"<p>Vous trouverez dans cette rubrique toutes les informations utiles : \u2729 Comment prendre rendez-vous en ligne ? \u2729 \u272a Comment me contacter ? \u272a Et \u00e9galement, quelques informations pratiques sur : \u272b les consultations \u272b \u272b les ateliers \u272b \u272b les formations \u272b Et pour finir : \u272b les modalit\u00e9s d&rsquo;inscription et de paiement, les [&hellip;]<\/p>\n","protected":false},"author":1,"featured_media":0,"parent":0,"menu_order":0,"comment_status":"closed","ping_status":"closed","template":"","meta":{"footnotes":""},"class_list":["post-893","page","type-page","status-publish","hentry","entry"],"_links":{"self":[{"href":"https:\/\/www.massageandlife.eu\/index.php\/wp-json\/wp\/v2\/pages\/893","targetHints":{"allow":["GET"]}}],"collection":[{"href":"https:\/\/www.massageandlife.eu\/index.php\/wp-json\/wp\/v2\/pages"}],"about":[{"href":"https:\/\/www.massageandlife.eu\/index.php\/wp-json\/wp\/v2\/types\/page"}],"author":[{"embeddable":true,"href":"https:\/\/www.massageandlife.eu\/index.php\/wp-json\/wp\/v2\/users\/1"}],"replies":[{"embeddable":true,"href":"https:\/\/www.massageandlife.eu\/index.php\/wp-json\/wp\/v2\/comments?post=893"}],"version-history":[{"count":15,"href":"https:\/\/www.massageandlife.eu\/index.php\/wp-json\/wp\/v2\/pages\/893\/revisions"}],"predecessor-version":[{"id":2457,"href":"https:\/\/www.massageandlife.eu\/index.php\/wp-json\/wp\/v2\/pages\/893\/revisions\/2457"}],"wp:attachment":[{"href":"https:\/\/www.massageandlife.eu\/index.php\/wp-json\/wp\/v2\/media?parent=893"}],"curies":[{"name":"wp","href":"https:\/\/api.w.org\/{rel}","templated":true}]}}