{"id":904,"date":"2023-07-21T16:42:01","date_gmt":"2023-07-21T14:42:01","guid":{"rendered":"https:\/\/www.massageandlife.eu\/?page_id=904"},"modified":"2025-11-04T23:00:41","modified_gmt":"2025-11-04T22:00:41","slug":"infos-consultations","status":"publish","type":"page","link":"https:\/\/www.massageandlife.eu\/index.php\/informations\/infos-consultations\/","title":{"rendered":"Infos consultations"},"content":{"rendered":"\n<p class=\"has-text-color has-medium-font-size\" style=\"color:#25557b\"><strong>CONSULTATIONS<\/strong><\/p>\n\n\n\n<ul class=\"wp-block-list\">\n<li class=\"has-medium-font-size\" style=\"color:#25557b\">Prix de la consultation en suivi th\u00e9rapeutique psycho-corporelle :&nbsp;<strong>80 euros<\/strong><\/li>\n\n\n\n<li class=\"has-medium-font-size\" style=\"color:#25557b\">Payable en s\u00e9ance, cash ou via appli gsm.<\/li>\n\n\n\n<li class=\"has-medium-font-size\" style=\"color:#25557b\">En cas d\u2019emp\u00eachement, je vous demande de me le faire savoir au plus vite afin de lib\u00e9rer votre place pour d\u2019autres personnes.&nbsp;<strong>Tout rendez-vous non d\u00e9command\u00e9 48h \u00e0 l\u2019avance est d\u00fb dans son int\u00e9gralit\u00e9.<\/strong><\/li>\n\n\n\n<li class=\"has-medium-font-size\" style=\"color:#25557b\">De nombreuses mutuelles remboursent une partie de la consultation dans le cadre d\u2019un suivi th\u00e9rapeutique chez un psychologue pour un certain nombre de s\u00e9ances par an. N&rsquo;h\u00e9sitez pas \u00e0 vous renseigner aupr\u00e8s de votre mutuelle.<\/li>\n\n\n\n<li class=\"has-medium-font-size\" style=\"color:#25557b\">Les consultations ont une vis\u00e9e de mieux-\u00eatre psychocorporel et ne dispensent en aucun cas de faire appel \u00e0 un m\u00e9decin ou un professionnel param\u00e9dical chaque fois que n\u00e9cessaire.<\/li>\n\n\n\n<li class=\"has-medium-font-size\" style=\"color:#25557b\">Toutes les consultations ont lieu dans mon cabinet. Veuillez ne pas arriver en avance. <\/li>\n\n\n\n<li class=\"has-medium-font-size\" style=\"color:#25557b\">Il est strictement interdit de se parquer dans la cour.<\/li>\n\n\n\n<li class=\"has-medium-font-size\" style=\"color:#25557b\"><strong>Autres informations<\/strong> : visitez nos pages,  <a href=\"https:\/\/www.massageandlife.eu\/index.php\/massages\/\">massages<\/a> et <a href=\"https:\/\/www.massageandlife.eu\/index.php\/informations\/conditions\/\">conditions<\/a><\/li>\n<\/ul>\n\n\n\n<div class=\"wp-block-buttons is-layout-flex wp-block-buttons-is-layout-flex\">\n<div class=\"wp-block-button\"><a class=\"wp-block-button__link has-white-color has-white-background-color has-text-color has-background wp-element-button\">XXX<\/a><\/div>\n<\/div>\n\n\n\n<div class=\"wp-block-columns is-layout-flex wp-container-core-columns-is-layout-9d6595d7 wp-block-columns-is-layout-flex\">\n<div class=\"wp-block-column is-layout-flow wp-block-column-is-layout-flow\">\n<div class=\"wp-block-buttons alignwide is-content-justification-center is-layout-flex wp-container-core-buttons-is-layout-16018d1d wp-block-buttons-is-layout-flex\">\n<div class=\"wp-block-button has-custom-font-size has-medium-font-size\"><a class=\"wp-block-button__link has-background has-text-align-center wp-element-button\" href=\"https:\/\/www.massageandlife.eu\/index.php\/informations\/infos-consultations\/\" style=\"background-color:#3feae4\"><strong>Infos pratiques<\/strong><\/a><\/div>\n<\/div>\n<\/div>\n\n\n\n<div class=\"wp-block-column is-layout-flow wp-block-column-is-layout-flow\">\n<div class=\"wp-block-buttons is-content-justification-center is-layout-flex wp-container-core-buttons-is-layout-16018d1d wp-block-buttons-is-layout-flex\">\n<div class=\"wp-block-button has-custom-font-size has-medium-font-size\"><a class=\"wp-block-button__link has-background has-text-align-center wp-element-button\" href=\"http:\/\/www.massageandlife.eu\/index.php\/contact\/\" style=\"background-color:#3feae4\"><strong>Me contacter<\/strong><\/a><\/div>\n<\/div>\n<\/div>\n\n\n\n<div class=\"wp-block-column is-layout-flow wp-block-column-is-layout-flow\">\n<div class=\"wp-block-buttons alignwide is-content-justification-center is-layout-flex wp-container-core-buttons-is-layout-16018d1d wp-block-buttons-is-layout-flex\">\n<div class=\"wp-block-button has-custom-font-size has-medium-font-size\"><a class=\"wp-block-button__link has-background has-text-align-center wp-element-button\" href=\"https:\/\/www.massageandlife.eu\/index.php\/rdv-en-ligne\/\" style=\"background-color:#3feae4\"><strong>Prendre RDV en ligne<\/strong><\/a><\/div>\n<\/div>\n<\/div>\n<\/div>\n\n\n\n<div class=\"wp-block-buttons is-layout-flex wp-block-buttons-is-layout-flex\">\n<div class=\"wp-block-button\"><a class=\"wp-block-button__link has-white-color has-white-background-color has-text-color has-background wp-element-button\">XXX<\/a><\/div>\n<\/div>\n","protected":false},"excerpt":{"rendered":"<p>CONSULTATIONS<\/p>\n","protected":false},"author":1,"featured_media":0,"parent":893,"menu_order":1,"comment_status":"closed","ping_status":"closed","template":"","meta":{"footnotes":""},"class_list":["post-904","page","type-page","status-publish","hentry","entry"],"_links":{"self":[{"href":"https:\/\/www.massageandlife.eu\/index.php\/wp-json\/wp\/v2\/pages\/904","targetHints":{"allow":["GET"]}}],"collection":[{"href":"https:\/\/www.massageandlife.eu\/index.php\/wp-json\/wp\/v2\/pages"}],"about":[{"href":"https:\/\/www.massageandlife.eu\/index.php\/wp-json\/wp\/v2\/types\/page"}],"author":[{"embeddable":true,"href":"https:\/\/www.massageandlife.eu\/index.php\/wp-json\/wp\/v2\/users\/1"}],"replies":[{"embeddable":true,"href":"https:\/\/www.massageandlife.eu\/index.php\/wp-json\/wp\/v2\/comments?post=904"}],"version-history":[{"count":31,"href":"https:\/\/www.massageandlife.eu\/index.php\/wp-json\/wp\/v2\/pages\/904\/revisions"}],"predecessor-version":[{"id":2423,"href":"https:\/\/www.massageandlife.eu\/index.php\/wp-json\/wp\/v2\/pages\/904\/revisions\/2423"}],"up":[{"embeddable":true,"href":"https:\/\/www.massageandlife.eu\/index.php\/wp-json\/wp\/v2\/pages\/893"}],"wp:attachment":[{"href":"https:\/\/www.massageandlife.eu\/index.php\/wp-json\/wp\/v2\/media?parent=904"}],"curies":[{"name":"wp","href":"https:\/\/api.w.org\/{rel}","templated":true}]}}