{"id":950,"date":"2023-08-06T12:57:31","date_gmt":"2023-08-06T10:57:31","guid":{"rendered":"https:\/\/www.massageandlife.eu\/?page_id=950"},"modified":"2026-01-03T17:08:43","modified_gmt":"2026-01-03T16:08:43","slug":"massages","status":"publish","type":"page","link":"https:\/\/www.massageandlife.eu\/index.php\/massages\/","title":{"rendered":"Massages"},"content":{"rendered":"\n<p class=\"has-text-align-center has-text-color has-large-font-size\" style=\"color:#3feae4;text-transform:capitalize\"><strong><em>Le massage , source de bien-\u00eatre, d\u00e9tente et paix int\u00e9rieure<\/em><\/strong><\/p>\n\n\n\n<p class=\"has-text-align-center has-text-color has-medium-font-size\" style=\"color:#25557b\">Le massage l\u00e8ve les tensions du pass\u00e9, lib\u00e9re l&rsquo;espace pour un nouveau mieux-\u00eatre et fait place \u00e0 une nouvelle vibration.<\/p>\n\n\n\n<div class=\"wp-block-buttons is-layout-flex wp-block-buttons-is-layout-flex\">\n<div class=\"wp-block-button\"><a class=\"wp-block-button__link has-white-color has-white-background-color has-text-color has-background wp-element-button\">XXX<\/a><\/div>\n<\/div>\n\n\n\n<div class=\"wp-block-group\"><div class=\"wp-block-group__inner-container is-layout-constrained wp-block-group-is-layout-constrained\">\n<div class=\"wp-block-columns is-layout-flex wp-container-core-columns-is-layout-9d6595d7 wp-block-columns-is-layout-flex\">\n<div class=\"wp-block-column is-layout-flow wp-block-column-is-layout-flow\"><div class=\"wp-block-image is-style-rounded\">\n<figure class=\"aligncenter size-large is-resized\"><img loading=\"lazy\" decoding=\"async\" width=\"749\" height=\"1024\" src=\"https:\/\/www.massageandlife.eu\/wp-content\/uploads\/2023\/09\/Massage_and_Life_Massage_se-decouvrir_ajustee-749x1024.jpg\" alt=\"\" class=\"wp-image-1591\" style=\"aspect-ratio:4\/3;object-fit:cover;width:300px;height:undefinedpx\" srcset=\"https:\/\/www.massageandlife.eu\/wp-content\/uploads\/2023\/09\/Massage_and_Life_Massage_se-decouvrir_ajustee-749x1024.jpg 749w, https:\/\/www.massageandlife.eu\/wp-content\/uploads\/2023\/09\/Massage_and_Life_Massage_se-decouvrir_ajustee-220x300.jpg 220w, https:\/\/www.massageandlife.eu\/wp-content\/uploads\/2023\/09\/Massage_and_Life_Massage_se-decouvrir_ajustee-768x1049.jpg 768w, https:\/\/www.massageandlife.eu\/wp-content\/uploads\/2023\/09\/Massage_and_Life_Massage_se-decouvrir_ajustee.jpg 1002w\" sizes=\"auto, (max-width: 749px) 100vw, 749px\" \/><\/figure>\n<\/div><\/div>\n\n\n\n<div class=\"wp-block-column is-vertically-aligned-center is-layout-flow wp-block-column-is-layout-flow\">\n<p class=\"has-text-align-center has-text-color\" style=\"color:#25557b;font-size:18px;text-transform:uppercase\"><strong>\u274b<\/strong> <strong>SE D\u00e9couvrIR<\/strong> <strong>\u274b<\/strong> <\/p>\n\n\n\n<p class=\"has-text-align-center has-text-color has-medium-font-size\" style=\"color:#3feae4\"><strong>qui est mon \u00eatre int\u00e9rieur ?<\/strong><\/p>\n\n\n\n<p class=\"has-text-align-center has-text-color has-medium-font-size\" style=\"color:#3feae4\"><strong>comment vibre-t-il ?<\/strong><\/p>\n\n\n\n<p class=\"has-text-align-center has-text-color has-medium-font-size\" style=\"color:#3feae4\"><strong>qu&rsquo;est-ce qui le fait vibrer ?<\/strong><\/p>\n<\/div>\n\n\n\n<div class=\"wp-block-column is-layout-flow wp-block-column-is-layout-flow\"><div class=\"wp-block-image is-style-rounded\">\n<figure class=\"aligncenter size-large is-resized\"><img loading=\"lazy\" decoding=\"async\" width=\"768\" height=\"1024\" src=\"https:\/\/www.massageandlife.eu\/wp-content\/uploads\/2023\/09\/Massage_and_Life_Massage-768x1024.jpg\" alt=\"\" class=\"wp-image-1571\" style=\"aspect-ratio:4\/3;object-fit:cover;width:300px;height:undefinedpx\" srcset=\"https:\/\/www.massageandlife.eu\/wp-content\/uploads\/2023\/09\/Massage_and_Life_Massage-768x1024.jpg 768w, https:\/\/www.massageandlife.eu\/wp-content\/uploads\/2023\/09\/Massage_and_Life_Massage-225x300.jpg 225w, https:\/\/www.massageandlife.eu\/wp-content\/uploads\/2023\/09\/Massage_and_Life_Massage-1152x1536.jpg 1152w, https:\/\/www.massageandlife.eu\/wp-content\/uploads\/2023\/09\/Massage_and_Life_Massage-1536x2048.jpg 1536w, https:\/\/www.massageandlife.eu\/wp-content\/uploads\/2023\/09\/Massage_and_Life_Massage-scaled.jpg 1920w\" sizes=\"auto, (max-width: 768px) 100vw, 768px\" \/><\/figure>\n<\/div><\/div>\n\n\n\n<div class=\"wp-block-column is-vertically-aligned-center is-layout-flow wp-block-column-is-layout-flow\">\n<p class=\"has-text-align-center has-text-color\" style=\"color:#25557b;font-size:18px;text-transform:uppercase\"><strong>\u272a<\/strong> <strong>\u00e9voluer vers un renouveau<\/strong> <strong>\u272a<\/strong><\/p>\n\n\n\n<p class=\"has-text-align-center has-text-color has-medium-font-size\" style=\"color:#3feae4\"><strong>vers le respect de soi<\/strong><\/p>\n\n\n\n<p class=\"has-text-align-center has-text-color has-medium-font-size\" style=\"color:#3feae4\"><strong>vers le respect des autres<\/strong><\/p>\n\n\n\n<p class=\"has-text-align-center has-text-color has-medium-font-size\" style=\"color:#3feae4\"><strong>vers l&rsquo;authenticit\u00e9<\/strong><\/p>\n<\/div>\n<\/div>\n<\/div><\/div>\n\n\n\n<div class=\"wp-block-buttons is-layout-flex wp-block-buttons-is-layout-flex\">\n<div class=\"wp-block-button\"><a class=\"wp-block-button__link has-white-color has-white-background-color has-text-color has-background wp-element-button\">XXX<\/a><\/div>\n<\/div>\n\n\n\n<div class=\"wp-block-group\"><div class=\"wp-block-group__inner-container is-layout-constrained wp-block-group-is-layout-constrained\">\n<div class=\"wp-block-group\"><div class=\"wp-block-group__inner-container is-layout-constrained wp-block-group-is-layout-constrained\">\n<div class=\"wp-block-columns is-layout-flex wp-container-core-columns-is-layout-9d6595d7 wp-block-columns-is-layout-flex\">\n<div class=\"wp-block-column is-layout-flow wp-block-column-is-layout-flow\"><div class=\"wp-block-image is-style-rounded\">\n<figure class=\"aligncenter size-large is-resized\"><img loading=\"lazy\" decoding=\"async\" width=\"768\" height=\"1024\" src=\"https:\/\/www.massageandlife.eu\/wp-content\/uploads\/2023\/09\/Massage_and_Life_Massage_Developpement-768x1024.jpg\" alt=\"\" class=\"wp-image-1574\" style=\"aspect-ratio:4\/3;object-fit:cover;width:300px;height:undefinedpx\" srcset=\"https:\/\/www.massageandlife.eu\/wp-content\/uploads\/2023\/09\/Massage_and_Life_Massage_Developpement-768x1024.jpg 768w, https:\/\/www.massageandlife.eu\/wp-content\/uploads\/2023\/09\/Massage_and_Life_Massage_Developpement-225x300.jpg 225w, https:\/\/www.massageandlife.eu\/wp-content\/uploads\/2023\/09\/Massage_and_Life_Massage_Developpement-1152x1536.jpg 1152w, https:\/\/www.massageandlife.eu\/wp-content\/uploads\/2023\/09\/Massage_and_Life_Massage_Developpement.jpg 1200w\" sizes=\"auto, (max-width: 768px) 100vw, 768px\" \/><\/figure>\n<\/div><\/div>\n\n\n\n<div class=\"wp-block-column is-vertically-aligned-center is-layout-flow wp-block-column-is-layout-flow\">\n<div class=\"wp-block-group\"><div class=\"wp-block-group__inner-container is-layout-constrained wp-block-group-is-layout-constrained\">\n<p class=\"has-text-align-center has-text-color has-medium-font-size\" style=\"color:#25557b;text-transform:uppercase\"><strong>\u2729<\/strong> <strong>Choisir son chemin de vie<\/strong> <strong>\u2729<\/strong><\/p>\n\n\n\n<p class=\"has-text-align-center has-text-color\" style=\"color:#3feae4;font-size:18px\"><strong>prendre et activer des choix de vie <\/strong><\/p>\n\n\n\n<p class=\"has-text-align-center has-text-color has-medium-font-size\" style=\"color:#3feae4\"><strong>selon ses aspirations profondes<\/strong><\/p>\n\n\n\n<p class=\"has-text-align-center has-text-color has-medium-font-size\" style=\"color:#3feae4\"><strong>\u00eatre acteur de sa vie<\/strong><\/p>\n<\/div><\/div>\n<\/div>\n\n\n\n<div class=\"wp-block-column is-layout-flow wp-block-column-is-layout-flow\"><div class=\"wp-block-image is-style-rounded\">\n<figure class=\"aligncenter size-large is-resized\"><img loading=\"lazy\" decoding=\"async\" width=\"768\" height=\"1024\" src=\"https:\/\/www.massageandlife.eu\/wp-content\/uploads\/2023\/09\/Massage_and_Life_Massage_Vibrer-768x1024.jpg\" alt=\"\" class=\"wp-image-1586\" style=\"aspect-ratio:4\/3;object-fit:cover;width:300px;height:undefinedpx\" srcset=\"https:\/\/www.massageandlife.eu\/wp-content\/uploads\/2023\/09\/Massage_and_Life_Massage_Vibrer-768x1024.jpg 768w, https:\/\/www.massageandlife.eu\/wp-content\/uploads\/2023\/09\/Massage_and_Life_Massage_Vibrer-225x300.jpg 225w, https:\/\/www.massageandlife.eu\/wp-content\/uploads\/2023\/09\/Massage_and_Life_Massage_Vibrer-1152x1536.jpg 1152w, https:\/\/www.massageandlife.eu\/wp-content\/uploads\/2023\/09\/Massage_and_Life_Massage_Vibrer-1536x2048.jpg 1536w, https:\/\/www.massageandlife.eu\/wp-content\/uploads\/2023\/09\/Massage_and_Life_Massage_Vibrer-scaled.jpg 1920w\" sizes=\"auto, (max-width: 768px) 100vw, 768px\" \/><\/figure>\n<\/div><\/div>\n\n\n\n<div class=\"wp-block-column is-vertically-aligned-center is-layout-flow wp-block-column-is-layout-flow\">\n<div class=\"wp-block-group\"><div class=\"wp-block-group__inner-container is-layout-constrained wp-block-group-is-layout-constrained\">\n<p class=\"has-text-align-center has-text-color\" style=\"color:#25557b;font-size:18px;text-transform:uppercase\"><strong>\u273e<\/strong> <strong>\u00eatre, vibrer dans la relation<\/strong> <strong>\u273e<\/strong><\/p>\n\n\n\n<p class=\"has-text-align-center has-text-color has-medium-font-size\" style=\"color:#3feae4\"><strong> \u00e0 soi, aux autres<\/strong><\/p>\n\n\n\n<p class=\"has-text-align-center has-text-color has-medium-font-size\" style=\"color:#3feae4\"><strong>aux animaux, \u00e0 la nature<\/strong><\/p>\n\n\n\n<p class=\"has-text-align-center has-text-color has-medium-font-size\" style=\"color:#3feae4\"><strong>et au-del\u00e0, \u00e0 l&rsquo;humanit\u00e9<\/strong><\/p>\n<\/div><\/div>\n<\/div>\n<\/div>\n<\/div><\/div>\n<\/div><\/div>\n\n\n\n<div class=\"wp-block-buttons is-layout-flex wp-block-buttons-is-layout-flex\">\n<div class=\"wp-block-button\"><a class=\"wp-block-button__link has-white-color has-white-background-color has-text-color has-background wp-element-button\">XXX<\/a><\/div>\n\n\n<\/div>\n\n\n\n<div class=\"wp-block-buttons is-layout-flex wp-block-buttons-is-layout-flex\">\n<div class=\"wp-block-button\"><a class=\"wp-block-button__link has-white-color has-white-background-color has-text-color has-background wp-element-button\">XXX<\/a><\/div>\n<\/div>\n\n\n\n<p class=\"has-text-align-center has-text-color has-medium-font-size\" style=\"color:#25557b\"><span style=\"background-color:rgba(0, 0, 0, 0);color:#25557b\" class=\"has-inline-color\">J&rsquo;accompagne la personne <strong><em>\u00e0 son rythme, selon sa demande et l&rsquo;\u00e9volution de celle-ci.<\/em><\/strong><\/span><\/p>\n\n\n\n<div class=\"wp-block-buttons is-layout-flex wp-block-buttons-is-layout-flex\">\n<div class=\"wp-block-button\"><a class=\"wp-block-button__link has-white-color has-white-background-color has-text-color has-background wp-element-button\">XXX<\/a><\/div>\n<\/div>\n\n\n\n<div class=\"wp-block-columns is-layout-flex wp-container-core-columns-is-layout-9d6595d7 wp-block-columns-is-layout-flex\">\n<div class=\"wp-block-column is-layout-flow wp-block-column-is-layout-flow\">\n<div class=\"wp-block-buttons is-content-justification-center is-layout-flex wp-container-core-buttons-is-layout-16018d1d wp-block-buttons-is-layout-flex\">\n<div class=\"wp-block-button has-custom-width wp-block-button__width-100 has-custom-font-size\" style=\"font-size:20px\"><a class=\"wp-block-button__link has-pale-cyan-blue-background-color has-background has-text-align-center wp-element-button\" href=\"https:\/\/www.massageandlife.eu\/index.php\/massage\/\"><strong>MASSAGE  BIEN-\u00caTRE<\/strong><\/a><\/div>\n<\/div>\n<\/div>\n\n\n\n<div class=\"wp-block-column is-layout-flow wp-block-column-is-layout-flow\">\n<div class=\"wp-block-buttons is-content-justification-center is-layout-flex wp-container-core-buttons-is-layout-16018d1d wp-block-buttons-is-layout-flex\">\n<div class=\"wp-block-button has-custom-width wp-block-button__width-100 has-custom-font-size\" style=\"font-size:20px\"><a class=\"wp-block-button__link has-vivid-cyan-blue-background-color has-background has-text-align-center wp-element-button\" href=\"https:\/\/www.massageandlife.eu\/index.php\/massages\/massages-sonores\/\"><strong>MASSAGE SONORE<\/strong><\/a><\/div>\n<\/div>\n<\/div>\n<\/div>\n\n\n\n<div class=\"wp-block-buttons is-layout-flex wp-block-buttons-is-layout-flex\">\n<div class=\"wp-block-button\"><a class=\"wp-block-button__link has-white-color has-white-background-color has-text-color has-background wp-element-button\">XXX<\/a><\/div>\n<\/div>\n\n\n\n<p class=\"has-text-align-center has-text-color has-medium-font-size\" style=\"color:#25557b\"><span style=\"background-color:rgba(0, 0, 0, 0);color:#25557b\" class=\"has-inline-color\">Une s\u00e9ance de massage peut se prendre de mani\u00e8re ponctuelle. <\/span><\/p>\n\n\n\n<p class=\"has-text-align-center has-text-color has-medium-font-size\" style=\"color:#25557b\"><span style=\"background-color:rgba(0, 0, 0, 0);color:#25557b\" class=\"has-inline-color\">Pour un suivi th\u00e9rapeutique, il est n\u00e9cessaire de venir de mani\u00e8re r\u00e9guli\u00e8re.<\/span> <\/p>\n\n\n\n<p class=\"has-text-align-center has-text-color has-medium-font-size\" style=\"color:#25557b\">N&rsquo;h\u00e9sitez pas \u00e0 me contacter pour de plus amples informations. <\/p>\n\n\n\n<div class=\"wp-block-buttons is-layout-flex wp-block-buttons-is-layout-flex\">\n<div class=\"wp-block-button\"><a class=\"wp-block-button__link has-white-color has-white-background-color has-text-color has-background wp-element-button\">XXX<\/a><\/div>\n<\/div>\n\n\n\n<p><\/p>\n\n\n\n<p class=\"has-text-align-center has-text-color has-medium-font-size\" style=\"color:#25557b\"><strong>A tout bient\u00f4t, B\u00e9n\u00e9dicte.<\/strong><\/p>\n\n\n\n<div class=\"wp-block-buttons is-layout-flex wp-block-buttons-is-layout-flex\">\n<div class=\"wp-block-button\"><a class=\"wp-block-button__link has-white-color has-white-background-color has-text-color has-background wp-element-button\">XXX<\/a><\/div>\n<\/div>\n\n\n\n<div class=\"wp-block-columns is-layout-flex wp-container-core-columns-is-layout-9d6595d7 wp-block-columns-is-layout-flex\">\n<div class=\"wp-block-column is-layout-flow wp-block-column-is-layout-flow\">\n<div class=\"wp-block-buttons alignwide is-content-justification-center is-layout-flex wp-container-core-buttons-is-layout-16018d1d wp-block-buttons-is-layout-flex\">\n<div class=\"wp-block-button has-custom-font-size has-medium-font-size\"><a class=\"wp-block-button__link has-background has-text-align-center wp-element-button\" href=\"https:\/\/www.massageandlife.eu\/index.php\/informations\/infos-consultations\/\" style=\"background-color:#3feae4\"><strong>Infos pratiques<\/strong><\/a><\/div>\n<\/div>\n<\/div>\n\n\n\n<div class=\"wp-block-column is-layout-flow wp-block-column-is-layout-flow\">\n<div class=\"wp-block-buttons is-content-justification-center is-layout-flex wp-container-core-buttons-is-layout-16018d1d wp-block-buttons-is-layout-flex\">\n<div class=\"wp-block-button has-custom-font-size has-medium-font-size\"><a class=\"wp-block-button__link has-background has-text-align-center wp-element-button\" href=\"http:\/\/www.massageandlife.eu\/index.php\/contact\/\" style=\"background-color:#3feae4\"><strong>Me contacter<\/strong><\/a><\/div>\n<\/div>\n<\/div>\n\n\n\n<div class=\"wp-block-column is-layout-flow wp-block-column-is-layout-flow\">\n<div class=\"wp-block-buttons alignwide is-content-justification-center is-layout-flex wp-container-core-buttons-is-layout-16018d1d wp-block-buttons-is-layout-flex\">\n<div class=\"wp-block-button has-custom-font-size has-medium-font-size\"><a class=\"wp-block-button__link has-background has-text-align-center wp-element-button\" href=\"https:\/\/www.massageandlife.eu\/index.php\/rdv-en-ligne\/\" style=\"background-color:#3feae4\"><strong>Prendre RDV en ligne<\/strong><\/a><\/div>\n<\/div>\n<\/div>\n<\/div>\n\n\n\n<div class=\"wp-block-group\"><div class=\"wp-block-group__inner-container is-layout-constrained wp-block-group-is-layout-constrained\">\n<div class=\"wp-block-buttons is-layout-flex wp-block-buttons-is-layout-flex\">\n<div class=\"wp-block-button\"><a class=\"wp-block-button__link has-white-color has-white-background-color has-text-color has-background wp-element-button\">XXX<\/a><\/div>\n<\/div>\n<\/div><\/div>\n\n\n\n<div class=\"wp-block-buttons alignfull is-horizontal is-content-justification-center is-layout-flex wp-container-core-buttons-is-layout-499968f5 wp-block-buttons-is-layout-flex\"><\/div>\n\n\n\n<div class=\"wp-block-buttons is-layout-flex wp-block-buttons-is-layout-flex\">\n<div class=\"wp-block-button\"><a class=\"wp-block-button__link has-white-color has-white-background-color has-text-color has-background wp-element-button\">XXX<\/a><\/div>\n<\/div>\n","protected":false},"excerpt":{"rendered":"<p>Le massage , source de bien-\u00eatre, d\u00e9tente et paix int\u00e9rieure Le massage l\u00e8ve les tensions du pass\u00e9, lib\u00e9re l&rsquo;espace pour un nouveau mieux-\u00eatre et fait place \u00e0 une nouvelle vibration. \u274b SE D\u00e9couvrIR \u274b qui est mon \u00eatre int\u00e9rieur ? comment vibre-t-il ? qu&rsquo;est-ce qui le fait vibrer ? \u272a \u00e9voluer vers un renouveau \u272a [&hellip;]<\/p>\n","protected":false},"author":1,"featured_media":1571,"parent":0,"menu_order":0,"comment_status":"closed","ping_status":"closed","template":"","meta":{"footnotes":""},"class_list":["post-950","page","type-page","status-publish","has-post-thumbnail","hentry","entry","has-media"],"_links":{"self":[{"href":"https:\/\/www.massageandlife.eu\/index.php\/wp-json\/wp\/v2\/pages\/950","targetHints":{"allow":["GET"]}}],"collection":[{"href":"https:\/\/www.massageandlife.eu\/index.php\/wp-json\/wp\/v2\/pages"}],"about":[{"href":"https:\/\/www.massageandlife.eu\/index.php\/wp-json\/wp\/v2\/types\/page"}],"author":[{"embeddable":true,"href":"https:\/\/www.massageandlife.eu\/index.php\/wp-json\/wp\/v2\/users\/1"}],"replies":[{"embeddable":true,"href":"https:\/\/www.massageandlife.eu\/index.php\/wp-json\/wp\/v2\/comments?post=950"}],"version-history":[{"count":66,"href":"https:\/\/www.massageandlife.eu\/index.php\/wp-json\/wp\/v2\/pages\/950\/revisions"}],"predecessor-version":[{"id":2492,"href":"https:\/\/www.massageandlife.eu\/index.php\/wp-json\/wp\/v2\/pages\/950\/revisions\/2492"}],"wp:featuredmedia":[{"embeddable":true,"href":"https:\/\/www.massageandlife.eu\/index.php\/wp-json\/wp\/v2\/media\/1571"}],"wp:attachment":[{"href":"https:\/\/www.massageandlife.eu\/index.php\/wp-json\/wp\/v2\/media?parent=950"}],"curies":[{"name":"wp","href":"https:\/\/api.w.org\/{rel}","templated":true}]}}