{"id":97,"date":"2021-03-26T14:06:30","date_gmt":"2021-03-26T13:06:30","guid":{"rendered":"https:\/\/www.massageandlife.eu\/?page_id=97"},"modified":"2025-06-05T17:24:27","modified_gmt":"2025-06-05T15:24:27","slug":"contact","status":"publish","type":"page","link":"https:\/\/www.massageandlife.eu\/index.php\/informations\/contact\/","title":{"rendered":"Contact"},"content":{"rendered":"\n<p class=\"has-text-align-center has-text-color\" style=\"color:#25557b;font-size:24px\"><strong><em>B\u00e9n\u00e9dicte Wibault<\/em><\/strong>, <strong><em>Sono-somato-th\u00e9rapeute\u00ae<\/em><\/strong> &#8211; <strong><em>Psychologue<\/em><\/strong><\/p>\n\n\n\n<div class=\"wp-block-buttons is-layout-flex wp-block-buttons-is-layout-flex\">\n<div class=\"wp-block-button\"><a class=\"wp-block-button__link has-white-color has-white-background-color has-text-color has-background wp-element-button\">XXX<\/a><\/div>\n<\/div>\n\n\n\n<div class=\"wp-block-columns is-layout-flex wp-container-core-columns-is-layout-9d6595d7 wp-block-columns-is-layout-flex\">\n<div class=\"wp-block-column is-layout-flow wp-block-column-is-layout-flow\" style=\"flex-basis:33.33%\">\n<figure class=\"wp-block-image size-full is-resized is-style-rounded\"><img loading=\"lazy\" decoding=\"async\" width=\"521\" height=\"657\" src=\"https:\/\/www.massageandlife.eu\/wp-content\/uploads\/2023\/09\/Benedicte-Wibault-5.jpg\" alt=\"\" class=\"wp-image-1281\" style=\"width:214px;height:270px\" srcset=\"https:\/\/www.massageandlife.eu\/wp-content\/uploads\/2023\/09\/Benedicte-Wibault-5.jpg 521w, https:\/\/www.massageandlife.eu\/wp-content\/uploads\/2023\/09\/Benedicte-Wibault-5-238x300.jpg 238w\" sizes=\"auto, (max-width: 521px) 100vw, 521px\" \/><\/figure>\n<\/div>\n\n\n\n<div class=\"wp-block-column is-layout-flow wp-block-column-is-layout-flow\"><\/div>\n\n\n\n<div class=\"wp-block-column is-layout-flow wp-block-column-is-layout-flow\"><\/div>\n\n\n\n<div class=\"wp-block-column is-layout-flow wp-block-column-is-layout-flow\" style=\"flex-basis:66.66%\">\n<p class=\"has-text-color has-medium-font-size\" style=\"color:#25557b\"><strong>MAIL<\/strong> : <a href=\"mailto:benedicte.wibault@massageandlife.eu\">benedicte.wibault@massageandlife.eu<\/a><\/p>\n\n\n\n<p class=\"has-text-color has-medium-font-size\" style=\"color:#25557b\"><mark style=\"background-color:rgba(0, 0, 0, 0);color:#25557b\" class=\"has-inline-color\"><strong>GSM<\/strong> : +32 (0)485 98 75 27<\/mark><\/p>\n\n\n\n<p class=\"has-text-color has-medium-font-size\" style=\"color:#25557b\"><strong>ADRESSE <\/strong>: <mark style=\"background-color:rgba(0, 0, 0, 0);color:#25557b\" class=\"has-inline-color\">Rue de la station, 106 \u00e0 1457 Walhain (Tourinnes-Saint-Lambert) (pr\u00e8s de Louvain-la-Neuve) <\/mark><\/p>\n\n\n\n<p class=\"has-text-color has-medium-font-size\" style=\"color:#25557b\"><strong>BCE<\/strong>&nbsp;: 0665.601.825<\/p>\n\n\n\n<p><\/p>\n\n\n\n<iframe src=\"https:\/\/www.compsy.be\/psychologue\/embed\/24245\" style=\"width: 400px; height: 200px; border: none;\"><\/iframe>\n<\/div>\n<\/div>\n\n\n\n<div class=\"wp-block-buttons is-horizontal is-content-justification-center is-layout-flex wp-container-core-buttons-is-layout-499968f5 wp-block-buttons-is-layout-flex\">\n<div class=\"wp-block-button has-custom-font-size has-medium-font-size\"><a class=\"wp-block-button__link has-white-color has-text-color has-background wp-element-button\" href=\"https:\/\/www.massageandlife.eu\/index.php\/rdv-en-ligne\/\" style=\"background-color:#3feae4\"><strong>Prendre RDV en ligne<\/strong><\/a><\/div>\n<\/div>\n\n\n\n<div class=\"wp-block-buttons is-layout-flex wp-block-buttons-is-layout-flex\">\n<div class=\"wp-block-button\"><a class=\"wp-block-button__link has-white-color has-white-background-color has-text-color has-background wp-element-button\">XXX<\/a><\/div>\n<\/div>\n\n\n\n<p class=\"has-text-align-center has-text-color\" style=\"color:#255578;font-size:20px\"><strong>&nbsp;<em>Au plaisir de vous rencontrer <\/em><\/strong> <strong><em>et de vous accompagner sur votre chemin de vie, B\u00e9n\u00e9dicte<\/em><\/strong><\/p>\n\n\n\n<div class=\"wp-block-buttons is-layout-flex wp-block-buttons-is-layout-flex\">\n<div class=\"wp-block-button\"><a class=\"wp-block-button__link has-white-color has-white-background-color has-text-color has-background wp-element-button\">XXX<\/a><\/div>\n<\/div>\n\n\n\n<div class=\"wp-block-buttons is-layout-flex wp-block-buttons-is-layout-flex\">\n<div class=\"wp-block-button\"><a class=\"wp-block-button__link has-white-color has-white-background-color has-text-color has-background wp-element-button\">XXX<\/a><\/div>\n<\/div>\n\n\n\n<div class=\"wp-block-columns is-layout-flex wp-container-core-columns-is-layout-9d6595d7 wp-block-columns-is-layout-flex\">\n<div class=\"wp-block-column is-layout-flow wp-block-column-is-layout-flow\"><div class=\"wp-block-image\">\n<figure class=\"aligncenter size-full\"><img loading=\"lazy\" decoding=\"async\" width=\"50\" height=\"50\" src=\"https:\/\/www.massageandlife.eu\/wp-content\/uploads\/2023\/10\/Massage_and_Life_gdpr_noir-1.png\" alt=\"\" class=\"wp-image-1902\"\/><\/figure>\n<\/div><\/div>\n\n\n\n<div class=\"wp-block-column is-layout-flow wp-block-column-is-layout-flow\"><div class=\"wp-block-image\">\n<figure class=\"aligncenter size-full\"><img loading=\"lazy\" decoding=\"async\" width=\"60\" height=\"60\" src=\"https:\/\/www.massageandlife.eu\/wp-content\/uploads\/2023\/10\/Massage_and_Life_https_noir.png\" alt=\"\" class=\"wp-image-1903\"\/><\/figure>\n<\/div><\/div>\n\n\n\n<div class=\"wp-block-column is-vertically-aligned-center is-layout-flow wp-block-column-is-layout-flow\">\n<figure class=\"wp-block-image size-full\"><img loading=\"lazy\" decoding=\"async\" width=\"292\" height=\"70\" src=\"https:\/\/www.massageandlife.eu\/wp-content\/uploads\/2023\/10\/Massage_and_Life_economie.png\" alt=\"\" class=\"wp-image-1904\"\/><\/figure>\n<\/div>\n<\/div>\n\n\n\n<div class=\"wp-block-columns is-layout-flex wp-container-core-columns-is-layout-9d6595d7 wp-block-columns-is-layout-flex\">\n<div class=\"wp-block-column is-layout-flow wp-block-column-is-layout-flow\">\n<p class=\"has-text-align-center\">Ce site met en \u0153uvre le r\u00e8glement europ\u00e9en GDPR pour le respect de votre vie priv\u00e9e.<\/p>\n<\/div>\n\n\n\n<div class=\"wp-block-column is-layout-flow wp-block-column-is-layout-flow\">\n<p class=\"has-text-align-center\">Les donn\u00e9es introduites sur ce site sont crypt\u00e9es en HTTPS pour s\u00e9curiser vos donn\u00e9es.<\/p>\n<\/div>\n\n\n\n<div class=\"wp-block-column is-layout-flow wp-block-column-is-layout-flow\">\n<p class=\"has-text-align-center\">Ce site veille \u00e0 appliquer le Code de Droit Economique pour respecter la l\u00e9gislation.<\/p>\n<\/div>\n<\/div>\n","protected":false},"excerpt":{"rendered":"<p>B\u00e9n\u00e9dicte Wibault, Sono-somato-th\u00e9rapeute\u00ae &#8211; Psychologue MAIL : benedicte.wibault@massageandlife.eu GSM : +32 (0)485 98 75 27 ADRESSE : Rue de la station, 106 \u00e0 1457 Walhain (Tourinnes-Saint-Lambert) (pr\u00e8s de Louvain-la-Neuve) BCE&nbsp;: 0665.601.825 &nbsp;Au plaisir de vous rencontrer et de vous accompagner sur votre chemin de vie, B\u00e9n\u00e9dicte Ce site met en \u0153uvre le r\u00e8glement europ\u00e9en GDPR [&hellip;]<\/p>\n","protected":false},"author":1,"featured_media":727,"parent":893,"menu_order":1,"comment_status":"closed","ping_status":"closed","template":"","meta":{"footnotes":""},"class_list":["post-97","page","type-page","status-publish","has-post-thumbnail","hentry","entry","has-media"],"_links":{"self":[{"href":"https:\/\/www.massageandlife.eu\/index.php\/wp-json\/wp\/v2\/pages\/97","targetHints":{"allow":["GET"]}}],"collection":[{"href":"https:\/\/www.massageandlife.eu\/index.php\/wp-json\/wp\/v2\/pages"}],"about":[{"href":"https:\/\/www.massageandlife.eu\/index.php\/wp-json\/wp\/v2\/types\/page"}],"author":[{"embeddable":true,"href":"https:\/\/www.massageandlife.eu\/index.php\/wp-json\/wp\/v2\/users\/1"}],"replies":[{"embeddable":true,"href":"https:\/\/www.massageandlife.eu\/index.php\/wp-json\/wp\/v2\/comments?post=97"}],"version-history":[{"count":74,"href":"https:\/\/www.massageandlife.eu\/index.php\/wp-json\/wp\/v2\/pages\/97\/revisions"}],"predecessor-version":[{"id":2111,"href":"https:\/\/www.massageandlife.eu\/index.php\/wp-json\/wp\/v2\/pages\/97\/revisions\/2111"}],"up":[{"embeddable":true,"href":"https:\/\/www.massageandlife.eu\/index.php\/wp-json\/wp\/v2\/pages\/893"}],"wp:featuredmedia":[{"embeddable":true,"href":"https:\/\/www.massageandlife.eu\/index.php\/wp-json\/wp\/v2\/media\/727"}],"wp:attachment":[{"href":"https:\/\/www.massageandlife.eu\/index.php\/wp-json\/wp\/v2\/media?parent=97"}],"curies":[{"name":"wp","href":"https:\/\/api.w.org\/{rel}","templated":true}]}}